{"id":414622,"date":"2023-07-02T07:29:43","date_gmt":"2023-07-02T05:29:43","guid":{"rendered":"https:\/\/lucacastelli.com\/prodotto\/milwaukee-carburant-akku-kompakt-schlagbohrschrauber-m12fpd-602x\/"},"modified":"2025-06-29T08:17:40","modified_gmt":"2025-06-29T06:17:40","slug":"milwaukee-carburant-akku-kompakt-schlagbohrschrauber-m12fpd-602x","status":"publish","type":"product","link":"https:\/\/lucacastelli.com\/fr\/produit\/milwaukee-carburant-akku-kompakt-schlagbohrschrauber-m12fpd-602x\/","title":{"rendered":"Milwaukee CARBURANT Akku-Kompakt-Schlagbohrschrauber M12FPD-602X"},"content":{"rendered":"<p>Moteur brushless POWERSTATE\u2122 pour les applications les plus<br \/>\ndifficiles L\u2019\u00e9lectronique REDLINK PLUS\u2122 offre une protection num\u00e9rique avanc\u00e9e contre les surcharges pour la machine et la batterie, maintenant une puissance constante en charge<br \/>\nLa batterie REDLITHIUM-ION\u2122 offre une conception parfaitement calibr\u00e9e, une \u00e9lectronique avanc\u00e9e et une alimentation sans perte pour une dur\u00e9e de vie plus longue et une endurance \u00e9lev\u00e9e.<br \/>\nSurveillance \u00e0 cellule unique pour optimiser la dur\u00e9e de vie de la batterie et prolonger la dur\u00e9e de vie de la batterie<br \/>\nMandrin rapide en m\u00e9tal de 13 mm avec verrouillage du mandrin pour un changement rapide de m\u00e8che et de foret<br \/>\nR\u00e9glage \u00e9lectronique du couple de serrage \u00e0 16 niveaux, ainsi que r\u00e9glage du foret et du marteau perforateur<br \/>\nIndicateur de charge de la batterie<br \/>\n\u00c9clairage LED de la zone de travail<br \/>\nSyst\u00e8me 100&nbsp;% compatible avec Milwaukee\u00ae M12\u2122<\/p>\n<p>Caract\u00e9ristiques techniques&nbsp;:<\/p>\n<p>Batterie lithium-ion<br \/>\nCapacit\u00e9 de la batterie (Ah) 6.0<br \/>\nNombre de piles fournies 2<br \/>\nPlage de serrage de la broche (mm) 13<br \/>\nLivr\u00e9 dans une bo\u00eete HD<br \/>\nParam\u00e8tres de vitesse 2<br \/>\nPoids avec batterie (kg) 1,5<br \/>\nVis \u00e0 bois (mm) 8<br \/>\nChargeur de batterie (temps de charge) 90 min<br \/>\nR\u00e9gime de ralenti en 1\u00e8re vitesse (min-1) 0 &#8211; 450<br \/>\nVitesse minimale en 2\u00e8me vitesse (min-1) 0 &#8211; 1700<br \/>\nDiam\u00e8tre maximum de per\u00e7age dans le bois (mm) Diam\u00e8tre de per\u00e7age dans le bois (mm) 35<br \/>\nDiam\u00e8tre maximum de per\u00e7age dans la ma\u00e7onnerie Diam\u00e8tre maximum de per\u00e7age dans la ma\u00e7onnerie (mm) 13<br \/>\nDiam\u00e8tre maximum de per\u00e7age dans l\u2019acier Diam\u00e8tre de per\u00e7age dans l\u2019acier (mm) 13<br \/>\nCouple maximal Couple (Nm) 44<br \/>\nVitesse d\u2019impact maximale (min-1) Vitesse d\u2019impact (min-1) 0 &#8211; 25 500<br \/>\nTension (V) 12  <\/p>\n<p>Contenu de la livraison&nbsp;:<br \/>\n2 x batterie 6,0 Ah, chargeur, bo\u00eetier HD<\/p>\n","protected":false},"excerpt":{"rendered":"<p>Moteur brushless POWERSTATE\u2122 pour les applications les plus difficiles L\u2019\u00e9lectronique REDLINK PLUS\u2122 offre une protection num\u00e9rique avanc\u00e9e contre les surcharges<\/p>\n","protected":false},"featured_media":56889,"template":"","meta":{"_seopress_robots_primary_cat":"","_seopress_titles_title":"","_seopress_titles_desc":"","_seopress_robots_index":""},"product_brand":[3658],"product_cat":[167,1453,1552],"product_tag":[],"class_list":{"0":"post-414622","1":"product","2":"type-product","3":"status-publish","4":"has-post-thumbnail","6":"product_brand-milwaukee-fr","7":"product_cat-machines","8":"product_cat-autres-appareils","9":"product_cat-perceuses-et-tournevis","11":"first","12":"onbackorder","13":"shipping-taxable","14":"purchasable","15":"product-type-simple"},"_links":{"self":[{"href":"https:\/\/lucacastelli.com\/fr\/wp-json\/wp\/v2\/product\/414622","targetHints":{"allow":["GET"]}}],"collection":[{"href":"https:\/\/lucacastelli.com\/fr\/wp-json\/wp\/v2\/product"}],"about":[{"href":"https:\/\/lucacastelli.com\/fr\/wp-json\/wp\/v2\/types\/product"}],"wp:featuredmedia":[{"embeddable":true,"href":"https:\/\/lucacastelli.com\/fr\/wp-json\/wp\/v2\/media\/56889"}],"wp:attachment":[{"href":"https:\/\/lucacastelli.com\/fr\/wp-json\/wp\/v2\/media?parent=414622"}],"wp:term":[{"taxonomy":"product_brand","embeddable":true,"href":"https:\/\/lucacastelli.com\/fr\/wp-json\/wp\/v2\/product_brand?post=414622"},{"taxonomy":"product_cat","embeddable":true,"href":"https:\/\/lucacastelli.com\/fr\/wp-json\/wp\/v2\/product_cat?post=414622"},{"taxonomy":"product_tag","embeddable":true,"href":"https:\/\/lucacastelli.com\/fr\/wp-json\/wp\/v2\/product_tag?post=414622"}],"curies":[{"name":"wp","href":"https:\/\/api.w.org\/{rel}","templated":true}]}}