{"id":414618,"date":"2023-07-02T09:11:14","date_gmt":"2023-07-02T07:11:14","guid":{"rendered":"https:\/\/lucacastelli.com\/prodotto\/milwaukee-carburant-akku-schlagschrauber-3-8-vierkant-m12fiw38-422x\/"},"modified":"2025-06-29T08:10:31","modified_gmt":"2025-06-29T06:10:31","slug":"milwaukee-carburant-akku-schlagschrauber-3-8-vierkant-m12fiw38-422x","status":"publish","type":"product","link":"https:\/\/lucacastelli.com\/fr\/produit\/milwaukee-carburant-akku-schlagschrauber-3-8-vierkant-m12fiw38-422x\/","title":{"rendered":"Milwaukee CARBURANT\u2122 Akku-Schlagschrauber 3\/8 \u0301 \u0301 Vierkant M12FIW38-422X"},"content":{"rendered":"<p>Taille compacte et faible poids pour un meilleur contr\u00f4le<br \/>\nCouple maximal de 339 Nm<br \/>\n3\/8&#8243; \u00e0 entra\u00eenement carr\u00e9 avec anneau \u00e9lastique<br \/>\nMoteur brushless POWERSTATE\u2122 pour plus de puissance dans un design plus compact<br \/>\nL\u2019\u00e9lectronique REDLINK PLUS\u2122 offre une protection num\u00e9rique avanc\u00e9e contre les surcharges pour la machine et la batterie, maintenant une puissance constante sous charge<br \/>\nLa batterie REDLITHIUM-ION\u2122 offre une conception parfaitement calibr\u00e9e, une \u00e9lectronique avanc\u00e9e et une alimentation sans perte,  pour une dur\u00e9e de vie et une fiabilit\u00e9 plus longues que les mod\u00e8les pr\u00e9c\u00e9dents.<br \/>\nLa surveillance \u00e0 cellule unique optimise la dur\u00e9e de vie et assure une longue dur\u00e9e de vie de la batterie<br \/>\nUne longueur totale de seulement 121,9 mm permet un meilleur acc\u00e8s aux endroits difficiles d\u2019acc\u00e8s<br \/>\nDrive Control\u2122 avec 4 niveaux de commutation<br \/>\nSyst\u00e8me d\u2019\u00e9clairage LED du poste de travail<br \/>\n100&nbsp;% compatible avec la gamme de produits Milwaukee\u00ae M12\u2122.<\/p>\n<p>Caract\u00e9ristiques techniques&nbsp;:<\/p>\n<p>Batterie lithium-ion<br \/>\nCapacit\u00e9 de la batterie (Ah) 1x 2.0\/1x 4.0<br \/>\nNombre de batteries fournies 2<br \/>\nLivr\u00e9 dans une bo\u00eete HD<br \/>\nPoids avec batterie (kg) 1.1<br \/>\nChargeur (temps de charge) 80 min<br \/>\nVitesse minimale (min-1) 1200\/1800\/2700\/2700<br \/>\nCouple maximal (Nm) 339 Couple (Nm) 339<br \/>\nCouple maximal Couple [Nm] 339<br \/>\nCouple de desserrage maximal [Nm] 339 Couple de desserrage [Nm] 339<br \/>\nDiam\u00e8tre maximal de la vis Diam\u00e8tre de la vis M16<br \/>\nVitesse d\u2019impact (min-1) 1100\/2100\/3200<br \/>\nTension [V] 12<\/p>\n<p>Contenu de la livraison&nbsp;:<br \/>\n1 x batterie 2.0Ah \/ 1 x batterie 4.0Ah, chargeur, bo\u00eetier HD<\/p>\n","protected":false},"excerpt":{"rendered":"<p>Taille compacte et faible poids pour un meilleur contr\u00f4le Couple maximal de 339 Nm 3\/8&#8243; \u00e0 entra\u00eenement carr\u00e9 avec anneau<\/p>\n","protected":false},"featured_media":56954,"template":"","meta":{"_seopress_robots_primary_cat":"","_seopress_titles_title":"","_seopress_titles_desc":"","_seopress_robots_index":""},"product_brand":[3658],"product_cat":[167,1453,1552],"product_tag":[],"class_list":{"0":"post-414618","1":"product","2":"type-product","3":"status-publish","4":"has-post-thumbnail","6":"product_brand-milwaukee-fr","7":"product_cat-machines","8":"product_cat-autres-appareils","9":"product_cat-perceuses-et-tournevis","11":"first","12":"onbackorder","13":"shipping-taxable","14":"purchasable","15":"product-type-simple"},"_links":{"self":[{"href":"https:\/\/lucacastelli.com\/fr\/wp-json\/wp\/v2\/product\/414618","targetHints":{"allow":["GET"]}}],"collection":[{"href":"https:\/\/lucacastelli.com\/fr\/wp-json\/wp\/v2\/product"}],"about":[{"href":"https:\/\/lucacastelli.com\/fr\/wp-json\/wp\/v2\/types\/product"}],"wp:featuredmedia":[{"embeddable":true,"href":"https:\/\/lucacastelli.com\/fr\/wp-json\/wp\/v2\/media\/56954"}],"wp:attachment":[{"href":"https:\/\/lucacastelli.com\/fr\/wp-json\/wp\/v2\/media?parent=414618"}],"wp:term":[{"taxonomy":"product_brand","embeddable":true,"href":"https:\/\/lucacastelli.com\/fr\/wp-json\/wp\/v2\/product_brand?post=414618"},{"taxonomy":"product_cat","embeddable":true,"href":"https:\/\/lucacastelli.com\/fr\/wp-json\/wp\/v2\/product_cat?post=414618"},{"taxonomy":"product_tag","embeddable":true,"href":"https:\/\/lucacastelli.com\/fr\/wp-json\/wp\/v2\/product_tag?post=414618"}],"curies":[{"name":"wp","href":"https:\/\/api.w.org\/{rel}","templated":true}]}}