{"id":414615,"date":"2023-07-02T07:29:13","date_gmt":"2023-07-02T05:29:13","guid":{"rendered":"https:\/\/lucacastelli.com\/prodotto\/milwaukee-carburant-akku-bohrhammer-m12ch-202x\/"},"modified":"2025-06-29T08:17:36","modified_gmt":"2025-06-29T06:17:36","slug":"milwaukee-carburant-akku-bohrhammer-m12ch-202x","status":"publish","type":"product","link":"https:\/\/lucacastelli.com\/fr\/produit\/milwaukee-carburant-akku-bohrhammer-m12ch-202x\/","title":{"rendered":"Milwaukee CARBURANT Akku-Bohrhammer M12CH-202X"},"content":{"rendered":"<p>Perceuse \u00e0 percussion sans fil sans balais 12 V avec une \u00e9nergie d\u2019impact de 1,1 J<br \/>\nFaibles valeurs de vibration de seulement 4,4 m\/s\u00b2<br \/>\nPercez jusqu\u2019\u00e0 60 trous dans le b\u00e9ton (6 x 50 mm) avec une seule charge de batterie<br \/>\nLe moteur brushless POWERSTATE\u2122 pour les applications les plus<br \/>\ndifficiles L\u2019\u00e9lectronique REDLINK PLUS\u2122 offre une protection num\u00e9rique avanc\u00e9e contre les surcharges pour la machine et la batterie, maintenant une puissance constante en charge<br \/>\nLa batterie REDLITHIUM-ION\u2122 offre une conception parfaitement calibr\u00e9e, une \u00e9lectronique avanc\u00e9e et une alimentation sans perte pour une dur\u00e9e de vie plus longue que les mod\u00e8les pr\u00e9c\u00e9dents.<br \/>\nAvec but\u00e9e d\u2019impact pour le per\u00e7age uniquement<br \/>\nOptimis\u00e9 pour des diam\u00e8tres de per\u00e7age de 6 mm \u00e0 10 mm<br \/>\nDiam\u00e8tre du col de serrage de 43 mm &#8211; compatible avec le syst\u00e8me d\u2019extraction de batterie M12 DE<br \/>\nSyst\u00e8me 100&nbsp;% compatible avec Milwaukee\u00ae M12<\/p>\n<p>Caract\u00e9ristiques techniques&nbsp;:<\/p>\n<p>Batterie lithium-ion<br \/>\nCapacit\u00e9 de la batterie (Ah) 2.0<br \/>\nNombre de piles fournies 2<br \/>\nLivr\u00e9 en boite HD<br \/>\nPoids avec batterie (kg) 1,9<br \/>\nChargeur (temps de charge) 40 min<br \/>\nVitesse \u00e0 charge (min-1) 0 &#8211; 6575<br \/>\nVitesse \u00e0 vide (min-1) 0 &#8211; 900<br \/>\nDiam\u00e8tre maximum de per\u00e7age dans le b\u00e9ton (mm) Diam\u00e8tre de per\u00e7age dans le b\u00e9ton (mm) 13<br \/>\nDiam\u00e8tre maximum de per\u00e7age dans le bois Diam\u00e8tre de per\u00e7age dans le bois (mm) 13<br \/>\nDiam\u00e8tre maximum de per\u00e7age dans l\u2019acier Diam\u00e8tre de per\u00e7age dans l\u2019acier (mm) 10<br \/>\nOptimis\u00e9 pour le diam\u00e8tre du foret [mm] \u00f8 5,5 &#8211; 12<br \/>\n\u00c9nergie d\u2019impact (EPTA) (J) 1,1<br \/>\nTension (V) 12<br \/>\nVibrations lors du per\u00e7age dans le b\u00e9ton (m\/s\u00b2) 4.4<\/p>\n<p>Contenu de la livraison&nbsp;:<br \/>\n2 x batterie 2.0Ah, chargeur. Bo\u00eetier HD <\/p>\n","protected":false},"excerpt":{"rendered":"<p>Perceuse \u00e0 percussion sans fil sans balais 12 V avec une \u00e9nergie d\u2019impact de 1,1 J Faibles valeurs de vibration<\/p>\n","protected":false},"featured_media":56884,"template":"","meta":{"_seopress_robots_primary_cat":"","_seopress_titles_title":"","_seopress_titles_desc":"","_seopress_robots_index":""},"product_brand":[3658],"product_cat":[167,1453,1552],"product_tag":[],"class_list":{"0":"post-414615","1":"product","2":"type-product","3":"status-publish","4":"has-post-thumbnail","6":"product_brand-milwaukee-fr","7":"product_cat-machines","8":"product_cat-autres-appareils","9":"product_cat-perceuses-et-tournevis","11":"first","12":"onbackorder","13":"shipping-taxable","14":"purchasable","15":"product-type-simple"},"_links":{"self":[{"href":"https:\/\/lucacastelli.com\/fr\/wp-json\/wp\/v2\/product\/414615","targetHints":{"allow":["GET"]}}],"collection":[{"href":"https:\/\/lucacastelli.com\/fr\/wp-json\/wp\/v2\/product"}],"about":[{"href":"https:\/\/lucacastelli.com\/fr\/wp-json\/wp\/v2\/types\/product"}],"wp:featuredmedia":[{"embeddable":true,"href":"https:\/\/lucacastelli.com\/fr\/wp-json\/wp\/v2\/media\/56884"}],"wp:attachment":[{"href":"https:\/\/lucacastelli.com\/fr\/wp-json\/wp\/v2\/media?parent=414615"}],"wp:term":[{"taxonomy":"product_brand","embeddable":true,"href":"https:\/\/lucacastelli.com\/fr\/wp-json\/wp\/v2\/product_brand?post=414615"},{"taxonomy":"product_cat","embeddable":true,"href":"https:\/\/lucacastelli.com\/fr\/wp-json\/wp\/v2\/product_cat?post=414615"},{"taxonomy":"product_tag","embeddable":true,"href":"https:\/\/lucacastelli.com\/fr\/wp-json\/wp\/v2\/product_tag?post=414615"}],"curies":[{"name":"wp","href":"https:\/\/api.w.org\/{rel}","templated":true}]}}