{"id":414602,"date":"2023-06-17T10:23:26","date_gmt":"2023-06-17T08:23:26","guid":{"rendered":"https:\/\/lucacastelli.com\/prodotto\/milwaukee-schraubklinge-meche-50-mm-shockwave-ph-pcs-tx\/"},"modified":"2025-06-29T08:16:26","modified_gmt":"2025-06-29T06:16:26","slug":"milwaukee-schraubklinge-meche-50-mm-shockwave-ph-pcs-tx","status":"publish","type":"product","link":"https:\/\/lucacastelli.com\/fr\/produit\/milwaukee-schraubklinge-meche-50-mm-shockwave-ph-pcs-tx\/","title":{"rendered":"Milwaukee Schraubklinge (M\u00e8che) 50 mm SHOCKWAVE PH, PCS, TX"},"content":{"rendered":"<p>Les accessoires d\u2019impact SHOCKWAVE\u2122 sont la solution syst\u00e8me dans le domaine des vis d\u2019impact. Les accessoires du syst\u00e8me innovant sont non seulement r\u00e9sistants aux chocs et conviennent donc \u00e0 une utilisation avec des visseuses \u00e0 chocs, mais offrent \u00e9galement les bons accessoires pour tous les cas de per\u00e7age et de vissage. Pointe WEAR GUARD TIP\u2122 tremp\u00e9e au laser pour un ajustement pr\u00e9cis et une dur\u00e9e de vie plus longue. G\u00e9om\u00e9trie SHOCK ZONE\u2122 &#8211; tr\u00e8s flexible pour absorber les chocs. La flexible SHOCK ZONE\u2122 r\u00e9duit les contraintes sur la pointe et donc le risque de casse. La combinaison de la SHOCK ZONE\u2122 et d\u2019un processus de durcissement sp\u00e9cial absorbe l\u2019impact. Acier sp\u00e9cial : L\u2019alliage d\u2019acier d\u00e9velopp\u00e9 pour Milwaukee\u00ae est sp\u00e9cialement adapt\u00e9 aux embouts SHOCKWAVE\u2122 et \u00e0 l\u2019utilisation avec des cl\u00e9s \u00e0 chocs. Cela rend les embouts SHOCKWAVE\u2122 plus stables et en m\u00eame temps plus flexibles, id\u00e9aux pour les applications de vissage les plus difficiles.       <\/p>\n","protected":false},"excerpt":{"rendered":"<p>Les accessoires d\u2019impact SHOCKWAVE\u2122 sont la solution syst\u00e8me dans le domaine des vis d\u2019impact. Les accessoires du syst\u00e8me innovant sont<\/p>\n","protected":false},"featured_media":56684,"template":"","meta":{"_seopress_robots_primary_cat":"","_seopress_titles_title":"","_seopress_titles_desc":"","_seopress_robots_index":""},"product_brand":[3658],"product_cat":[167,1453,1552,1555],"product_tag":[],"class_list":{"0":"post-414602","1":"product","2":"type-product","3":"status-publish","4":"has-post-thumbnail","6":"product_brand-milwaukee-fr","7":"product_cat-machines","8":"product_cat-autres-appareils","9":"product_cat-perceuses-et-tournevis","10":"product_cat-accessoires-pour-perceuses-et-tournevis","12":"first","13":"instock","14":"shipping-taxable","15":"purchasable","16":"product-type-variable"},"_links":{"self":[{"href":"https:\/\/lucacastelli.com\/fr\/wp-json\/wp\/v2\/product\/414602","targetHints":{"allow":["GET"]}}],"collection":[{"href":"https:\/\/lucacastelli.com\/fr\/wp-json\/wp\/v2\/product"}],"about":[{"href":"https:\/\/lucacastelli.com\/fr\/wp-json\/wp\/v2\/types\/product"}],"wp:featuredmedia":[{"embeddable":true,"href":"https:\/\/lucacastelli.com\/fr\/wp-json\/wp\/v2\/media\/56684"}],"wp:attachment":[{"href":"https:\/\/lucacastelli.com\/fr\/wp-json\/wp\/v2\/media?parent=414602"}],"wp:term":[{"taxonomy":"product_brand","embeddable":true,"href":"https:\/\/lucacastelli.com\/fr\/wp-json\/wp\/v2\/product_brand?post=414602"},{"taxonomy":"product_cat","embeddable":true,"href":"https:\/\/lucacastelli.com\/fr\/wp-json\/wp\/v2\/product_cat?post=414602"},{"taxonomy":"product_tag","embeddable":true,"href":"https:\/\/lucacastelli.com\/fr\/wp-json\/wp\/v2\/product_tag?post=414602"}],"curies":[{"name":"wp","href":"https:\/\/api.w.org\/{rel}","templated":true}]}}