{"id":414563,"date":"2023-06-16T15:31:27","date_gmt":"2023-06-16T13:31:27","guid":{"rendered":"https:\/\/lucacastelli.com\/prodotto\/milwaukee-shockwave-metallbohrer-hss-g-rouge-hex-titan-1-4\/"},"modified":"2025-06-29T08:16:20","modified_gmt":"2025-06-29T06:16:20","slug":"milwaukee-shockwave-metallbohrer-hss-g-rouge-hex-titan-1-4","status":"publish","type":"product","link":"https:\/\/lucacastelli.com\/fr\/produit\/milwaukee-shockwave-metallbohrer-hss-g-rouge-hex-titan-1-4\/","title":{"rendered":"Milwaukee SHOCKWAVE Metallbohrer HSS-G ROUGE HEX Titan 1\/4&#8221;"},"content":{"rendered":"<p>Embouts m\u00e9talliques r\u00e9sistants aux chocs avec entra\u00eenement hexagonal 1\/4&#8221; optimis\u00e9s pour les cl\u00e9s \u00e0 chocs sans fil.<br \/>\nPointe avec dents tra\u00eenantes pour une coupe plus fine et une faible g\u00e9n\u00e9ration de chaleur.<br \/>\nLe foret \u00e0 135\u00b0 permet un forage cibl\u00e9 sans per\u00e7age au centre.<br \/>\nLa forme en spirale permet une \u00e9vacuation rapide des copeaux pour moins de g\u00e9n\u00e9ration de chaleur et une dur\u00e9e de vie plus longue de l\u2019outil.<br \/>\nRev\u00eatement en titane pour une g\u00e9n\u00e9ration de chaleur r\u00e9duite.<br \/>\nUtilisation polyvalente avec des cl\u00e9s \u00e0 chocs et des embouts sans fil gr\u00e2ce \u00e0 l\u2019entra\u00eenement hexagonal 1\/4&#8243;.<\/p>\n","protected":false},"excerpt":{"rendered":"<p>Embouts m\u00e9talliques r\u00e9sistants aux chocs avec entra\u00eenement hexagonal 1\/4&#8221; optimis\u00e9s pour les cl\u00e9s \u00e0 chocs sans fil. Pointe avec dents<\/p>\n","protected":false},"featured_media":56669,"template":"","meta":{"_seopress_robots_primary_cat":"","_seopress_titles_title":"","_seopress_titles_desc":"","_seopress_robots_index":""},"product_brand":[3658],"product_cat":[167,1453,1552,1555],"product_tag":[],"class_list":{"0":"post-414563","1":"product","2":"type-product","3":"status-publish","4":"has-post-thumbnail","6":"product_brand-milwaukee-fr","7":"product_cat-machines","8":"product_cat-autres-appareils","9":"product_cat-perceuses-et-tournevis","10":"product_cat-accessoires-pour-perceuses-et-tournevis","12":"first","13":"instock","14":"shipping-taxable","15":"purchasable","16":"product-type-variable"},"_links":{"self":[{"href":"https:\/\/lucacastelli.com\/fr\/wp-json\/wp\/v2\/product\/414563","targetHints":{"allow":["GET"]}}],"collection":[{"href":"https:\/\/lucacastelli.com\/fr\/wp-json\/wp\/v2\/product"}],"about":[{"href":"https:\/\/lucacastelli.com\/fr\/wp-json\/wp\/v2\/types\/product"}],"wp:featuredmedia":[{"embeddable":true,"href":"https:\/\/lucacastelli.com\/fr\/wp-json\/wp\/v2\/media\/56669"}],"wp:attachment":[{"href":"https:\/\/lucacastelli.com\/fr\/wp-json\/wp\/v2\/media?parent=414563"}],"wp:term":[{"taxonomy":"product_brand","embeddable":true,"href":"https:\/\/lucacastelli.com\/fr\/wp-json\/wp\/v2\/product_brand?post=414563"},{"taxonomy":"product_cat","embeddable":true,"href":"https:\/\/lucacastelli.com\/fr\/wp-json\/wp\/v2\/product_cat?post=414563"},{"taxonomy":"product_tag","embeddable":true,"href":"https:\/\/lucacastelli.com\/fr\/wp-json\/wp\/v2\/product_tag?post=414563"}],"curies":[{"name":"wp","href":"https:\/\/api.w.org\/{rel}","templated":true}]}}