{"id":414518,"date":"2023-06-16T13:08:35","date_gmt":"2023-06-16T11:08:35","guid":{"rendered":"https:\/\/lucacastelli.com\/prodotto\/milwaukee-shockwave-schlagnuss-3-4-lang\/"},"modified":"2025-06-29T08:16:10","modified_gmt":"2025-06-29T06:16:10","slug":"milwaukee-shockwave-schlagnuss-3-4-lang","status":"publish","type":"product","link":"https:\/\/lucacastelli.com\/fr\/produit\/milwaukee-shockwave-schlagnuss-3-4-lang\/","title":{"rendered":"Milwaukee SHOCKWAVE Schlagnuss 3\/4&#8243; lang"},"content":{"rendered":"<p>L\u2019acier r\u00e9sistant aux chocs SHOCKWAVE\u2122 (chrome-molybd\u00e8ne) est un acier de haute qualit\u00e9 pour une dur\u00e9e de vie particuli\u00e8rement longue.<br \/>\nMontage pr\u00e9cis gr\u00e2ce \u00e0 6 points de<br \/>\nserrage Conception longue pour le serrage des boulons longs<br \/>\nTaille d\u00e9coup\u00e9e \u00e0 l\u2019emporte-pi\u00e8ce et cod\u00e9e par couleur pour une identification facile et une r\u00e9f\u00e9rence durable grav\u00e9e<br \/>\nau laser Double per\u00e7age et rainurage pour une fixation facile des accessoires de fixation<\/p>\n","protected":false},"excerpt":{"rendered":"<p>L\u2019acier r\u00e9sistant aux chocs SHOCKWAVE\u2122 (chrome-molybd\u00e8ne) est un acier de haute qualit\u00e9 pour une dur\u00e9e de vie particuli\u00e8rement longue. Montage<\/p>\n","protected":false},"featured_media":56560,"template":"","meta":{"_seopress_robots_primary_cat":"","_seopress_titles_title":"","_seopress_titles_desc":"","_seopress_robots_index":""},"product_brand":[3658],"product_cat":[167,1453,1552,1555],"product_tag":[],"class_list":{"0":"post-414518","1":"product","2":"type-product","3":"status-publish","4":"has-post-thumbnail","6":"product_brand-milwaukee-fr","7":"product_cat-machines","8":"product_cat-autres-appareils","9":"product_cat-perceuses-et-tournevis","10":"product_cat-accessoires-pour-perceuses-et-tournevis","12":"first","13":"instock","14":"shipping-taxable","15":"purchasable","16":"product-type-variable"},"_links":{"self":[{"href":"https:\/\/lucacastelli.com\/fr\/wp-json\/wp\/v2\/product\/414518","targetHints":{"allow":["GET"]}}],"collection":[{"href":"https:\/\/lucacastelli.com\/fr\/wp-json\/wp\/v2\/product"}],"about":[{"href":"https:\/\/lucacastelli.com\/fr\/wp-json\/wp\/v2\/types\/product"}],"wp:featuredmedia":[{"embeddable":true,"href":"https:\/\/lucacastelli.com\/fr\/wp-json\/wp\/v2\/media\/56560"}],"wp:attachment":[{"href":"https:\/\/lucacastelli.com\/fr\/wp-json\/wp\/v2\/media?parent=414518"}],"wp:term":[{"taxonomy":"product_brand","embeddable":true,"href":"https:\/\/lucacastelli.com\/fr\/wp-json\/wp\/v2\/product_brand?post=414518"},{"taxonomy":"product_cat","embeddable":true,"href":"https:\/\/lucacastelli.com\/fr\/wp-json\/wp\/v2\/product_cat?post=414518"},{"taxonomy":"product_tag","embeddable":true,"href":"https:\/\/lucacastelli.com\/fr\/wp-json\/wp\/v2\/product_tag?post=414518"}],"curies":[{"name":"wp","href":"https:\/\/api.w.org\/{rel}","templated":true}]}}