{"id":414488,"date":"2023-06-16T14:41:25","date_gmt":"2023-06-16T12:41:25","guid":{"rendered":"https:\/\/lucacastelli.com\/prodotto\/milwaukee-hammerbohrer-mx4-sds-plus\/"},"modified":"2025-06-29T08:16:11","modified_gmt":"2025-06-29T06:16:11","slug":"milwaukee-hammerbohrer-mx4-sds-plus","status":"publish","type":"product","link":"https:\/\/lucacastelli.com\/fr\/produit\/milwaukee-hammerbohrer-mx4-sds-plus\/","title":{"rendered":"Milwaukee Hammerbohrer MX4 SDS-Plus"},"content":{"rendered":"<p>Vier symmetrische 90\u00b0 Schneiden garantieren kreisrunde Bohrl\u00f6cher f\u00fcr optimale D\u00fcbelmontage<br \/>\n4-spiralige Wendelgeometrie mit grossvolumiger Wendel f\u00fcr optimalen Bohrmehltransport<br \/>\nZentrierspitze f\u00fcr leichtes, punktgenaues Anbohren<br \/>\nAufgeschweisstes, einteiliges HM-Element bei \u00d8 5-10 mm. Der dadurch gr\u00f6ssere Spiraleintrittskanal sorgt f\u00fcr schnelleren Bohrfortschritt. Mehr Hartmetall f\u00fcr gr\u00f6ssere Standzeit, insbesondere der Bohrspitze<br \/>\n4 Breaker Points Vortriebsz\u00e4hne f\u00fcr h\u00f6here Bohrgeschwindigkeit<br \/>\nVergr\u00f6sserte Armierungsfasen f\u00fcr h\u00f6here Standzeit bei Armierungstreffern<br \/>\nNeuer, konisch verlaufender Spiralr\u00fccken. Schmaler Spiralr\u00fccken nach der Bohrspitze f\u00fcr schnellen Bohrmehltransport, h\u00f6here Bohrgeschwindigkeit und geringere Reibung. Breiter Spiralr\u00fccken zum Aufnahmeschaft hin f\u00fcr h\u00f6here Stabilit\u00e4t und geringere Bruchgefahr. Bis zu 20&nbsp;% mehr Bohrl\u00f6cher je Akkuladung verglichen mit einem Standard-4-Schneiden-Bohrer in Beton<br \/>\nMade in Germany    <\/p>\n","protected":false},"excerpt":{"rendered":"<p>Vier symmetrische 90\u00b0 Schneiden garantieren kreisrunde Bohrl\u00f6cher f\u00fcr optimale D\u00fcbelmontage 4-spiralige Wendelgeometrie mit grossvolumiger Wendel f\u00fcr optimalen Bohrmehltransport Zentrierspitze f\u00fcr<\/p>\n","protected":false},"featured_media":56619,"template":"","meta":{"_seopress_robots_primary_cat":"","_seopress_titles_title":"","_seopress_titles_desc":"","_seopress_robots_index":""},"product_brand":[3658],"product_cat":[167,1453,1552,1555],"product_tag":[],"class_list":{"0":"post-414488","1":"product","2":"type-product","3":"status-publish","4":"has-post-thumbnail","6":"product_brand-milwaukee-fr","7":"product_cat-machines","8":"product_cat-autres-appareils","9":"product_cat-perceuses-et-tournevis","10":"product_cat-accessoires-pour-perceuses-et-tournevis","12":"first","13":"instock","14":"shipping-taxable","15":"purchasable","16":"product-type-variable"},"_links":{"self":[{"href":"https:\/\/lucacastelli.com\/fr\/wp-json\/wp\/v2\/product\/414488","targetHints":{"allow":["GET"]}}],"collection":[{"href":"https:\/\/lucacastelli.com\/fr\/wp-json\/wp\/v2\/product"}],"about":[{"href":"https:\/\/lucacastelli.com\/fr\/wp-json\/wp\/v2\/types\/product"}],"wp:featuredmedia":[{"embeddable":true,"href":"https:\/\/lucacastelli.com\/fr\/wp-json\/wp\/v2\/media\/56619"}],"wp:attachment":[{"href":"https:\/\/lucacastelli.com\/fr\/wp-json\/wp\/v2\/media?parent=414488"}],"wp:term":[{"taxonomy":"product_brand","embeddable":true,"href":"https:\/\/lucacastelli.com\/fr\/wp-json\/wp\/v2\/product_brand?post=414488"},{"taxonomy":"product_cat","embeddable":true,"href":"https:\/\/lucacastelli.com\/fr\/wp-json\/wp\/v2\/product_cat?post=414488"},{"taxonomy":"product_tag","embeddable":true,"href":"https:\/\/lucacastelli.com\/fr\/wp-json\/wp\/v2\/product_tag?post=414488"}],"curies":[{"name":"wp","href":"https:\/\/api.w.org\/{rel}","templated":true}]}}