{"id":414464,"date":"2023-06-16T14:05:24","date_gmt":"2023-06-16T12:05:24","guid":{"rendered":"https:\/\/lucacastelli.com\/prodotto\/milwaukee-rahmenbandmasse-30-m\/"},"modified":"2025-06-29T08:16:14","modified_gmt":"2025-06-29T06:16:14","slug":"milwaukee-rahmenbandmasse-30-m","status":"publish","type":"product","link":"https:\/\/lucacastelli.com\/fr\/produit\/milwaukee-rahmenbandmasse-30-m\/","title":{"rendered":"Milwaukee Rahmenbandmasse 30 m"},"content":{"rendered":"<p>Ruban d\u2019acier avec rev\u00eatement en nylon (couche de protection en nylon extra \u00e9paisse) pour une longue dur\u00e9e de vie.<br \/>\nPr\u00e9cision sup\u00e9rieure gr\u00e2ce \u00e0 un allongement inf\u00e9rieur de 50 % par rapport aux rubans en fibre de verre.<br \/>\nConception tr\u00e8s durable : poign\u00e9e en m\u00e9tal renforc\u00e9e.<br \/>\nEnroulement plus rapide gr\u00e2ce \u00e0 la transmission 3:1 pour une dur\u00e9e de vie des engrenages plan\u00e9taires jusqu\u2019\u00e0 10 fois plus longue.<br \/>\nLe grattoir GRIME GUARD maintient le ruban propre.<br \/>\nClasse de pr\u00e9cision II.<br \/>\n\u00c9chelle des deux c\u00f4t\u00e9s avec l\u2019\u00e9chelle m\u00e9trique sur la face sup\u00e9rieure et l\u2019\u00e9chelle en pouces sur la face inf\u00e9rieure du ruban.<\/p>\n","protected":false},"excerpt":{"rendered":"<p>Ruban d\u2019acier avec rev\u00eatement en nylon (couche de protection en nylon extra \u00e9paisse) pour une longue dur\u00e9e de vie. Pr\u00e9cision<\/p>\n","protected":false},"featured_media":56609,"template":"","meta":{"_seopress_robots_primary_cat":"","_seopress_titles_title":"","_seopress_titles_desc":"","_seopress_robots_index":""},"product_brand":[3658],"product_cat":[167,1453,1471],"product_tag":[],"class_list":{"0":"post-414464","1":"product","2":"type-product","3":"status-publish","4":"has-post-thumbnail","6":"product_brand-milwaukee-fr","7":"product_cat-machines","8":"product_cat-autres-appareils","9":"product_cat-appareils-de-mesure","11":"first","12":"instock","13":"shipping-taxable","14":"purchasable","15":"product-type-simple"},"_links":{"self":[{"href":"https:\/\/lucacastelli.com\/fr\/wp-json\/wp\/v2\/product\/414464","targetHints":{"allow":["GET"]}}],"collection":[{"href":"https:\/\/lucacastelli.com\/fr\/wp-json\/wp\/v2\/product"}],"about":[{"href":"https:\/\/lucacastelli.com\/fr\/wp-json\/wp\/v2\/types\/product"}],"wp:featuredmedia":[{"embeddable":true,"href":"https:\/\/lucacastelli.com\/fr\/wp-json\/wp\/v2\/media\/56609"}],"wp:attachment":[{"href":"https:\/\/lucacastelli.com\/fr\/wp-json\/wp\/v2\/media?parent=414464"}],"wp:term":[{"taxonomy":"product_brand","embeddable":true,"href":"https:\/\/lucacastelli.com\/fr\/wp-json\/wp\/v2\/product_brand?post=414464"},{"taxonomy":"product_cat","embeddable":true,"href":"https:\/\/lucacastelli.com\/fr\/wp-json\/wp\/v2\/product_cat?post=414464"},{"taxonomy":"product_tag","embeddable":true,"href":"https:\/\/lucacastelli.com\/fr\/wp-json\/wp\/v2\/product_tag?post=414464"}],"curies":[{"name":"wp","href":"https:\/\/api.w.org\/{rel}","templated":true}]}}