{"id":414407,"date":"2023-06-16T08:41:21","date_gmt":"2023-06-16T06:41:21","guid":{"rendered":"https:\/\/lucacastelli.com\/prodotto\/milwaukee-nagel-34eme-d-kopf-rs-sc3-2-200-pc\/"},"modified":"2025-06-29T08:15:47","modified_gmt":"2025-06-29T06:15:47","slug":"milwaukee-nagel-34eme-d-kopf-rs-sc3-2-200-pc","status":"publish","type":"product","link":"https:\/\/lucacastelli.com\/fr\/produit\/milwaukee-nagel-34eme-d-kopf-rs-sc3-2-200-pc\/","title":{"rendered":"Milwaukee N\u00c4GEL, 34\u00e8me, D-KOPF &#8211; RS SC3 2.200 PC"},"content":{"rendered":"<p>Convient aux clous \u00e0 bande de cloueuse sans fil MILWAUKEE\u00ae M18 FFN<br \/>\navec une inclinaison de 34\u00b0<\/p>\n","protected":false},"excerpt":{"rendered":"<p>Convient aux clous \u00e0 bande de cloueuse sans fil MILWAUKEE\u00ae M18 FFN avec une inclinaison de 34\u00b0<\/p>\n","protected":false},"featured_media":56455,"template":"","meta":{"_seopress_robots_primary_cat":"","_seopress_titles_title":"","_seopress_titles_desc":"","_seopress_robots_index":""},"product_brand":[3658],"product_cat":[167,1453,1462,1459],"product_tag":[],"class_list":{"0":"post-414407","1":"product","2":"type-product","3":"status-publish","4":"has-post-thumbnail","6":"product_brand-milwaukee-fr","7":"product_cat-machines","8":"product_cat-autres-appareils","9":"product_cat-cloueurs","10":"product_cat-accessoires-pour-cloueurs","12":"first","13":"instock","14":"shipping-taxable","15":"purchasable","16":"product-type-variable"},"_links":{"self":[{"href":"https:\/\/lucacastelli.com\/fr\/wp-json\/wp\/v2\/product\/414407","targetHints":{"allow":["GET"]}}],"collection":[{"href":"https:\/\/lucacastelli.com\/fr\/wp-json\/wp\/v2\/product"}],"about":[{"href":"https:\/\/lucacastelli.com\/fr\/wp-json\/wp\/v2\/types\/product"}],"wp:featuredmedia":[{"embeddable":true,"href":"https:\/\/lucacastelli.com\/fr\/wp-json\/wp\/v2\/media\/56455"}],"wp:attachment":[{"href":"https:\/\/lucacastelli.com\/fr\/wp-json\/wp\/v2\/media?parent=414407"}],"wp:term":[{"taxonomy":"product_brand","embeddable":true,"href":"https:\/\/lucacastelli.com\/fr\/wp-json\/wp\/v2\/product_brand?post=414407"},{"taxonomy":"product_cat","embeddable":true,"href":"https:\/\/lucacastelli.com\/fr\/wp-json\/wp\/v2\/product_cat?post=414407"},{"taxonomy":"product_tag","embeddable":true,"href":"https:\/\/lucacastelli.com\/fr\/wp-json\/wp\/v2\/product_tag?post=414407"}],"curies":[{"name":"wp","href":"https:\/\/api.w.org\/{rel}","templated":true}]}}