{"id":414384,"date":"2023-06-15T19:11:44","date_gmt":"2023-06-15T17:11:44","guid":{"rendered":"https:\/\/lucacastelli.com\/prodotto\/milwaukee-schnittschutzhandschuhe-klasse-3-divers-grosen\/"},"modified":"2025-08-13T12:02:07","modified_gmt":"2025-08-13T10:02:07","slug":"milwaukee-schnittschutzhandschuhe-klasse-3-divers-grosen","status":"publish","type":"product","link":"https:\/\/lucacastelli.com\/fr\/produit\/milwaukee-schnittschutzhandschuhe-klasse-3-divers-grosen\/","title":{"rendered":"Milwaukee Schnittschutzhandschuhe Klasse 3, divers Gr\u00f6\u00dfen"},"content":{"rendered":"<p>Il offre une protection sup\u00e9rieure contre les coupures et l\u2019abrasion jusqu\u2019\u00e0 la classe 1, id\u00e9ale pour travailler sur des c\u00e2bles \u00e9lectriques ou couper des tiges filet\u00e9es.<br \/>\nExcellente adh\u00e9rence, le rev\u00eatement en nitrile de haute qualit\u00e9 est tr\u00e8s r\u00e9sistant \u00e0 la temp\u00e9rature et \u00e0 l\u2019huile.<br \/>\nHaute r\u00e9sistance \u00e0 la perforation, id\u00e9ale pour la manipulation d\u2019objets \u00e0 ar\u00eates vives.<br \/>\nLes paumes et le bout des doigts SMARTSWIPE\u2122 vous permettent d\u2019utiliser l\u2019\u00e9cran tactile sans retirer le gant.<br \/>\nProtection contre les coupures selon les normes europ\u00e9ennes : EN ISO 21420 et EN388:2016 (4343C).<\/p>\n","protected":false},"excerpt":{"rendered":"<p>Il offre une protection sup\u00e9rieure contre les coupures et l\u2019abrasion jusqu\u2019\u00e0 la classe 1, id\u00e9ale pour travailler sur des c\u00e2bles<\/p>\n","protected":false},"featured_media":44746,"template":"","meta":{"_seopress_robots_primary_cat":"none","_seopress_titles_title":"","_seopress_titles_desc":"","_seopress_robots_index":""},"product_brand":[3658],"product_cat":[81,1381],"product_tag":[],"class_list":{"0":"post-414384","1":"product","2":"type-product","3":"status-publish","4":"has-post-thumbnail","6":"product_brand-milwaukee-fr","7":"product_cat-vetements","8":"product_cat-vetements-de-travail","10":"first","11":"instock","12":"shipping-taxable","13":"purchasable","14":"product-type-variable"},"_links":{"self":[{"href":"https:\/\/lucacastelli.com\/fr\/wp-json\/wp\/v2\/product\/414384","targetHints":{"allow":["GET"]}}],"collection":[{"href":"https:\/\/lucacastelli.com\/fr\/wp-json\/wp\/v2\/product"}],"about":[{"href":"https:\/\/lucacastelli.com\/fr\/wp-json\/wp\/v2\/types\/product"}],"wp:featuredmedia":[{"embeddable":true,"href":"https:\/\/lucacastelli.com\/fr\/wp-json\/wp\/v2\/media\/44746"}],"wp:attachment":[{"href":"https:\/\/lucacastelli.com\/fr\/wp-json\/wp\/v2\/media?parent=414384"}],"wp:term":[{"taxonomy":"product_brand","embeddable":true,"href":"https:\/\/lucacastelli.com\/fr\/wp-json\/wp\/v2\/product_brand?post=414384"},{"taxonomy":"product_cat","embeddable":true,"href":"https:\/\/lucacastelli.com\/fr\/wp-json\/wp\/v2\/product_cat?post=414384"},{"taxonomy":"product_tag","embeddable":true,"href":"https:\/\/lucacastelli.com\/fr\/wp-json\/wp\/v2\/product_tag?post=414384"}],"curies":[{"name":"wp","href":"https:\/\/api.w.org\/{rel}","templated":true}]}}