{"id":414362,"date":"2025-03-03T13:45:59","date_gmt":"2025-03-03T12:45:59","guid":{"rendered":"https:\/\/lucacastelli.com\/prodotto\/milwaukee-bottes-de-securite-flextred-s3s\/"},"modified":"2025-08-12T17:41:19","modified_gmt":"2025-08-12T15:41:19","slug":"milwaukee-bottes-de-securite-flextred-s3s","status":"publish","type":"product","link":"https:\/\/lucacastelli.com\/fr\/produit\/milwaukee-bottes-de-securite-flextred-s3s\/","title":{"rendered":"Milwaukee Bottes de s\u00e9curit\u00e9 FLEXTRED S3S"},"content":{"rendered":"<p>Baskets de s\u00e9curit\u00e9 souples et l\u00e9g\u00e8res pour la protection des artisans.<br \/>\nStructure d\u2019amorti du talon ENERGY FOAM pour un retour d\u2019\u00e9nergie sup\u00e9rieur et un confort maximal.<br \/>\nTalon STEP-RELEASE pour un changement de chaussure confortable et rapide.<br \/>\nStabilisateur de talon ROLLCAGE pour une grande stabilit\u00e9 m\u00eame sur les terrains difficiles.<br \/>\nPoche pour ranger les lacets afin d\u2019\u00e9viter l\u2019ouverture involontaire, les risques de tr\u00e9buchement et l\u2019endommagement des lacets.<br \/>\nMat\u00e9riau sup\u00e9rieur en cuir nubuck hydrofuge pour prot\u00e9ger de l\u2019eau, de la poussi\u00e8re et de la salet\u00e9.<br \/>\nConstruction sans m\u00e9tal pour un passage facile des portiques de s\u00e9curit\u00e9.<br \/>\nExcellente adh\u00e9rence pour \u00e9viter de glisser.<br \/>\nCertification ESD (d\u00e9charge \u00e9lectrostatique).<br \/>\nCertifi\u00e9 selon la norme EN ISO 20345:2022 S3S ESD FO SR.<\/p>\n","protected":false},"excerpt":{"rendered":"<p>Baskets de s\u00e9curit\u00e9 souples et l\u00e9g\u00e8res pour la protection des artisans. Structure d\u2019amorti du talon ENERGY FOAM pour un retour<\/p>\n","protected":false},"featured_media":99805,"template":"","meta":{"_seopress_robots_primary_cat":"none","_seopress_titles_title":"","_seopress_titles_desc":"","_seopress_robots_index":""},"product_brand":[3658],"product_cat":[173,1423],"product_tag":[],"class_list":{"0":"post-414362","1":"product","2":"type-product","3":"status-publish","4":"has-post-thumbnail","6":"product_brand-milwaukee-fr","7":"product_cat-chaussures","8":"product_cat-chaussures-de-travail","9":"sws-gruppo-abb-libero-fr","10":"sws-conto-ricavi-merci-rivendita-calzature-fr","11":"sws-gruppo-iva-iva81-fr","13":"first","14":"instock","15":"shipping-taxable","16":"purchasable","17":"product-type-variable","18":"has-default-attributes"},"_links":{"self":[{"href":"https:\/\/lucacastelli.com\/fr\/wp-json\/wp\/v2\/product\/414362","targetHints":{"allow":["GET"]}}],"collection":[{"href":"https:\/\/lucacastelli.com\/fr\/wp-json\/wp\/v2\/product"}],"about":[{"href":"https:\/\/lucacastelli.com\/fr\/wp-json\/wp\/v2\/types\/product"}],"wp:featuredmedia":[{"embeddable":true,"href":"https:\/\/lucacastelli.com\/fr\/wp-json\/wp\/v2\/media\/99805"}],"wp:attachment":[{"href":"https:\/\/lucacastelli.com\/fr\/wp-json\/wp\/v2\/media?parent=414362"}],"wp:term":[{"taxonomy":"product_brand","embeddable":true,"href":"https:\/\/lucacastelli.com\/fr\/wp-json\/wp\/v2\/product_brand?post=414362"},{"taxonomy":"product_cat","embeddable":true,"href":"https:\/\/lucacastelli.com\/fr\/wp-json\/wp\/v2\/product_cat?post=414362"},{"taxonomy":"product_tag","embeddable":true,"href":"https:\/\/lucacastelli.com\/fr\/wp-json\/wp\/v2\/product_tag?post=414362"}],"curies":[{"name":"wp","href":"https:\/\/api.w.org\/{rel}","templated":true}]}}