{"id":414323,"date":"2024-10-22T17:12:36","date_gmt":"2024-10-22T15:12:36","guid":{"rendered":"https:\/\/lucacastelli.com\/prodotto\/ortovox-free-ride-chaussettes-longues-w\/"},"modified":"2025-06-29T02:10:04","modified_gmt":"2025-06-29T00:10:04","slug":"ortovox-free-ride-chaussettes-longues-w","status":"publish","type":"product","link":"https:\/\/lucacastelli.com\/fr\/produit\/ortovox-free-ride-chaussettes-longues-w\/","title":{"rendered":"ORTOVOX FREE RIDE CHAUSSETTES LONGUES W"},"content":{"rendered":"<p>Freeride pour plus longtemps<br \/>\nChaussettes chaudes et pr\u00e9form\u00e9es en m\u00e9rinos et confort technique pour les freeriders<br \/>\nCaract\u00e9ristiques principales<br \/>\nCompression<br \/>\nl\u00e9g\u00e8re Id\u00e9al pour un ajustement doux<br \/>\nParticuli\u00e8rement respirant et r\u00e9gulateur d\u2019humidit\u00e9<br \/>\nLes FREERIDE LONG SOCKS pour femmes avec des d\u00e9tails techniques et polyvalents assurent un plaisir de poudreuse plus long pendant le freeride.<\/p>\n<p>La laine m\u00e9rinos de haute qualit\u00e9 est agr\u00e9ablement douce sur la peau et r\u00e9gule la temp\u00e9rature et l\u2019humidit\u00e9. Les coutures particuli\u00e8rement plates \u00e0 la pointe \u00e9vitent les frottements et les ampoules malgr\u00e9 les mouvements intenses. La taille \u00e9lastique et la forme ergonomique \u00e0 droite et \u00e0 gauche assurent un ajustement parfait sans glisser, tandis que le talon et les orteils rembourr\u00e9s offrent un amorti et conf\u00e8rent aux mi-bas une plus grande durabilit\u00e9.  <\/p>\n<p>Le mat\u00e9riau FLEECE TEDDY particuli\u00e8rement doux autour de la semelle int\u00e9rieure assure un haut niveau de confort et maintient les pieds \u00e0 une temp\u00e9rature confortable, m\u00eame dans les ravins glac\u00e9s. Le l\u00e9ger effet de compression des mi-bas prot\u00e8ge les pieds d\u2019une fatigue pr\u00e9matur\u00e9e et assure un plaisir de freeride durable. <\/p>\n<p>62 % polyamide + 36 % laine vierge (OWP-MERINO) + 2 % \u00e9lasthanne<\/p>\n","protected":false},"excerpt":{"rendered":"<p>Freeride pour plus longtemps Chaussettes chaudes et pr\u00e9form\u00e9es en m\u00e9rinos et confort technique pour les freeriders Caract\u00e9ristiques principales Compression l\u00e9g\u00e8re<\/p>\n","protected":false},"featured_media":37608,"template":"","meta":{"_seopress_robots_primary_cat":"","_seopress_titles_title":"","_seopress_titles_desc":"","_seopress_robots_index":""},"product_brand":[3664],"product_cat":[81,981,173,1399],"product_tag":[],"class_list":{"0":"post-414323","1":"product","2":"type-product","3":"status-publish","4":"has-post-thumbnail","6":"product_brand-ortovox-fr","7":"product_cat-vetements","8":"product_cat-vetements-de-loisirs","9":"product_cat-chaussures","10":"product_cat-accessoires-pour-chaussures","12":"first","13":"instock","14":"shipping-taxable","15":"purchasable","16":"product-type-variable"},"_links":{"self":[{"href":"https:\/\/lucacastelli.com\/fr\/wp-json\/wp\/v2\/product\/414323","targetHints":{"allow":["GET"]}}],"collection":[{"href":"https:\/\/lucacastelli.com\/fr\/wp-json\/wp\/v2\/product"}],"about":[{"href":"https:\/\/lucacastelli.com\/fr\/wp-json\/wp\/v2\/types\/product"}],"wp:featuredmedia":[{"embeddable":true,"href":"https:\/\/lucacastelli.com\/fr\/wp-json\/wp\/v2\/media\/37608"}],"wp:attachment":[{"href":"https:\/\/lucacastelli.com\/fr\/wp-json\/wp\/v2\/media?parent=414323"}],"wp:term":[{"taxonomy":"product_brand","embeddable":true,"href":"https:\/\/lucacastelli.com\/fr\/wp-json\/wp\/v2\/product_brand?post=414323"},{"taxonomy":"product_cat","embeddable":true,"href":"https:\/\/lucacastelli.com\/fr\/wp-json\/wp\/v2\/product_cat?post=414323"},{"taxonomy":"product_tag","embeddable":true,"href":"https:\/\/lucacastelli.com\/fr\/wp-json\/wp\/v2\/product_tag?post=414323"}],"curies":[{"name":"wp","href":"https:\/\/api.w.org\/{rel}","templated":true}]}}