{"id":414319,"date":"2024-10-15T14:02:11","date_gmt":"2024-10-15T12:02:11","guid":{"rendered":"https:\/\/lucacastelli.com\/prodotto\/ortovox-westalpen-3l-pantalon-w\/"},"modified":"2026-02-01T00:03:04","modified_gmt":"2026-01-31T23:03:04","slug":"ortovox-westalpen-3l-pantalon-w","status":"publish","type":"product","link":"https:\/\/lucacastelli.com\/fr\/produit\/ortovox-westalpen-3l-pantalon-w\/","title":{"rendered":"ORTOVOX WESTALPEN 3L PANTALON W"},"content":{"rendered":"<p>Pour les vrais athl\u00e8tes de montagne<br \/>\nPantalon hardshell robuste, coupe-vent et imperm\u00e9able pour les randonn\u00e9es alpines exigeantes<br \/>\nCaract\u00e9ristiques principales<br \/>\nR\u00e9glage innovant des jambes pour les chaussures de ski ou d\u2019alpinisme<br \/>\nCoupe-vent et imperm\u00e9able<br \/>\nVentilation r\u00e9glable gr\u00e2ce \u00e0 la fermeture \u00e9clair \u00e0 trois sens \u00e0 hauteur des hanches<br \/>\nD\u00e9sormais, il n\u2019y aura plus de mauvais temps, car le pantalon WESTALPEN 3L pour femme vous emm\u00e8nera au plus haut sommet quelles que soient les conditions.<\/p>\n<p>Ce qui rend le pantalon WESTALPEN 3L pour femme unique, c\u2019est l\u2019ajustement innovant des jambes : en seulement trois \u00e9tapes, ce pantalon de protection peut \u00eatre ajust\u00e9 pour s\u2019adapter aux chaussures de ski ou pour un ajustement plus serr\u00e9 sur des chaussures d\u2019alpinisme avec crampons ! Tout aussi pratique est le QUICK-GAITER SYSTEM \u00e9prouv\u00e9, qui permet aux ourlets r\u00e9glables de s\u2019adapter parfaitement aux chaussures de montagne, \u00e9liminant ainsi le besoin de gu\u00eatres traditionnelles. Pour couronner le tout, ce pantalon polyvalent offre \u00e9galement une protection contre les ar\u00eates vives en CORDURA\u00ae et DYNEEMA\u00ae.  <\/p>\n<p>Que vous soyez sur la neige, la glace ou la roche, la membrane ext\u00e9rieure Toray DERMIZAX\u00ae NX, r\u00e9sistante, r\u00e9sistante au vent et \u00e0 l\u2019eau, vous gardera au sec tout en restant respirante. Des fermetures \u00e9clair \u00e0 double sens sur les c\u00f4t\u00e9s offrent une ventilation suppl\u00e9mentaire dans les passages les plus difficiles, tandis qu\u2019une troisi\u00e8me fermeture \u00e9clair vous permet d\u2019ouvrir les jambes du pantalon \u00e0 hauteur de hanche, ce qui vous permet de l\u2019enfiler ou de l\u2019enlever rapidement et facilement. <\/p>\n<p>Quel que soit le temps, avec le pantalon WESTALPEN 3L pour femme, vous serez parfaitement \u00e9quip\u00e9e et toujours pr\u00eate pour les aventures alpines.<\/p>\n<p>Bretelles<br \/>\nORTOVOX (en option)<br \/>\nCeinture ajustable<br \/>\n2 poches sur les hanches<br \/>\n1 poche arri\u00e8re 1 poche sur<br \/>\nla cuisse<br \/>\nFermetures \u00e9clair lat\u00e9rales \u00e0 3 voies<br \/>\nZone anatomique<br \/>\ndu genou Largeur de jambe r\u00e9glable \u00e0 l\u2019int\u00e9rieur<br \/>\nSyst\u00e8me de gu\u00eatre rapide int\u00e9gr\u00e9 R\u00e9glage de<br \/>\nl\u2019ourlet<br \/>\nProtection contre les ar\u00eates vives gr\u00e2ce au Dyneema\u00ae CORDURA\u00ae<br \/>\nCoupe r\u00e9guli\u00e8re<\/p>\n<p>Propri\u00e9t\u00e9s du mat\u00e9riau DERMIZAX\u00ae NX : coupe-vent et imperm\u00e9able (min. 20 000 mm de colonne d\u2019eau), 100&nbsp;% coupe-vent, respirabilit\u00e9 (jusqu\u2019\u00e0 28 000 g \/ m\u00b2 \/ 24h), mat\u00e9riau extensible dans les 2 sens, membrane PU non poreuse (durable et facile \u00e0 entretenir)<br \/>\nInserts CORDURA et DYNEEMA<br \/>\nFinition DWR &#8211; sans PFC : l\u2019eau et la salet\u00e9 sont \u00e9limin\u00e9es.<\/p>\n<p>MATI\u00c8RE PRINCIPALE : Ext\u00e9rieur : 100&nbsp;% Polyamide Membrane : 100&nbsp;% Polyur\u00e9thane 100&nbsp;% Polyamide Inserts<br \/>\n int\u00e9rieurs : Protection des ar\u00eates vives : 62&nbsp;% Polyamide (Cordura\u00ae) + 38&nbsp;% UHMWPE (Dyneema\u00ae) Ceinture : 85&nbsp;% Laine vierge (Merino) + 15&nbsp;% Polyamide<br \/>\nDOUBLURE : Doublure mesh : 80&nbsp;% Polyamide, 20&nbsp;% \u00c9lasthanne<\/p>\n","protected":false},"excerpt":{"rendered":"<p>Pour les vrais athl\u00e8tes de montagne Pantalon hardshell robuste, coupe-vent et imperm\u00e9able pour les randonn\u00e9es alpines exigeantes Caract\u00e9ristiques principales R\u00e9glage<\/p>\n","protected":false},"featured_media":37571,"template":"","meta":{"_seopress_robots_primary_cat":"","_seopress_titles_title":"","_seopress_titles_desc":"","_seopress_robots_index":""},"product_brand":[3664],"product_cat":[81,981,1387],"product_tag":[],"class_list":{"0":"post-414319","1":"product","2":"type-product","3":"status-publish","4":"has-post-thumbnail","6":"product_brand-ortovox-fr","7":"product_cat-vetements","8":"product_cat-vetements-de-loisirs","9":"product_cat-vetements-pour-femmes","11":"first","12":"instock","13":"sale","14":"shipping-taxable","15":"purchasable","16":"product-type-variable","17":"has-default-attributes"},"_links":{"self":[{"href":"https:\/\/lucacastelli.com\/fr\/wp-json\/wp\/v2\/product\/414319","targetHints":{"allow":["GET"]}}],"collection":[{"href":"https:\/\/lucacastelli.com\/fr\/wp-json\/wp\/v2\/product"}],"about":[{"href":"https:\/\/lucacastelli.com\/fr\/wp-json\/wp\/v2\/types\/product"}],"wp:featuredmedia":[{"embeddable":true,"href":"https:\/\/lucacastelli.com\/fr\/wp-json\/wp\/v2\/media\/37571"}],"wp:attachment":[{"href":"https:\/\/lucacastelli.com\/fr\/wp-json\/wp\/v2\/media?parent=414319"}],"wp:term":[{"taxonomy":"product_brand","embeddable":true,"href":"https:\/\/lucacastelli.com\/fr\/wp-json\/wp\/v2\/product_brand?post=414319"},{"taxonomy":"product_cat","embeddable":true,"href":"https:\/\/lucacastelli.com\/fr\/wp-json\/wp\/v2\/product_cat?post=414319"},{"taxonomy":"product_tag","embeddable":true,"href":"https:\/\/lucacastelli.com\/fr\/wp-json\/wp\/v2\/product_tag?post=414319"}],"curies":[{"name":"wp","href":"https:\/\/api.w.org\/{rel}","templated":true}]}}