{"id":414297,"date":"2024-10-22T16:34:12","date_gmt":"2024-10-22T14:34:12","guid":{"rendered":"https:\/\/lucacastelli.com\/prodotto\/veste-ortovox-col-becchei\/"},"modified":"2026-04-01T01:51:43","modified_gmt":"2026-03-31T23:51:43","slug":"veste-ortovox-col-becchei","status":"publish","type":"product","link":"https:\/\/lucacastelli.com\/fr\/produit\/veste-ortovox-col-becchei\/","title":{"rendered":"VESTE ORTOVOX COL BECCHEI"},"content":{"rendered":"<p>ATHL\u00c9TIQUE &amp; DURABLE<br \/>\nVeste \u00e9lastique, l\u00e9g\u00e8re et extr\u00eamement respirante pour les randonn\u00e9es \u00e0 ski<br \/>\nexigeantes Caract\u00e9ristiques<br \/>\nprincipales Extr\u00eamement respirante<br \/>\nCoupe-vent zonale, sinon hydrofuge et coupe-vent<br \/>\nMat\u00e9riaux extensibles pour une grande libert\u00e9 de mouvement<br \/>\nMont\u00e9es en sueur, descentes raides : nous avons d\u00e9velopp\u00e9 la COL BECCHEI JACKET pour les femmes sp\u00e9cialement pour les randonn\u00e9es \u00e0 ski les plus exigeantes en terrain alpin.<\/p>\n<p>Nous utilisons MERINO NATURETEC LIGHT comme mat\u00e9riau principal pour rendre cette veste de ski de randonn\u00e9e \u00e0 la coupe athl\u00e9tique particuli\u00e8rement l\u00e9g\u00e8re, \u00e9lastique et robuste : elle garantit une respirabilit\u00e9 et une \u00e9lasticit\u00e9 exceptionnelles, mais elle est \u00e9galement coupe-vent. \u00c0 l\u2019int\u00e9rieur, la laine m\u00e9rinos de Tasmanie offre un grand confort et r\u00e9gule naturellement le climat. Les inserts techniques \u00e0 l\u2019avant, fabriqu\u00e9s dans un mat\u00e9riau sp\u00e9cial WARP KNIT \u00e0 trois couches avec une membrane coupe-vent, prot\u00e8gent des intemp\u00e9ries tout en restant respirants. Dans le m\u00eame temps, des poches d\u2019air dans le tissu assurent une isolation optimale. Dans un souci de l\u2019environnement, la veste est sans PFC et climatiquement neutre.    <\/p>\n<p>Les d\u00e9tails sont con\u00e7us pour les randonn\u00e9es les plus exigeantes dans les environnements alpins : la capuche ajust\u00e9e prot\u00e8ge la t\u00eate du refroidissement et s\u2019ins\u00e8re facilement dans le casque. Les fermetures \u00e9clair de ventilation sous les bras vous gardent au frais lors des ascensions exigeantes, tandis que les poignets \u00e9lastiques emp\u00eachent les courants d\u2019air et la neige d\u2019entrer. Les poches sont optimis\u00e9es pour l\u2019acc\u00e8s au sac \u00e0 dos.  <\/p>\n<p>La COL BECCHEI JACKET pour femme est le compagnon id\u00e9al pour le ski de randonn\u00e9e, m\u00eame dans des conditions difficiles.<\/p>\n<p>Caract\u00e9ristiques<br \/>\ndu produit Capuche temp\u00eate (compatible avec un casque)<br \/>\nCoupe-vent<br \/>\n\u00e0 l\u2019avant Laine m\u00e9rinos sur la peau<br \/>\nFermeture \u00e9clair d\u2019a\u00e9ration sous les bras<br \/>\n2 poches avant (compatible avec un sac \u00e0 dos)<br \/>\nPoignets \u00e9lastiqu\u00e9s<br \/>\nCoupe athl\u00e9tique<\/p>\n<p>Propri\u00e9t\u00e9s du mat\u00e9riau MERINO NATURETEC LIGHT : coupe-vent, extr\u00eamement respirant, extensible, r\u00e9sistant \u00e0 l\u2019abrasion, laine m\u00e9rinos sur la peau, sans PFC.<\/p>\n<p>MATI\u00c8RE PRINCIPALE : 75 % polyamide + 18 % laine (M\u00c9RINOS) + 7 % \u00e9lasthanne<br \/>\nINSERTS AVANT : 69 % polyamide + 31 % \u00e9lasthanne<br \/>\nMEMBRANE : 100 % polyur\u00e9thane<br \/>\nDOUBLURE : 100 % polyester<\/p>\n","protected":false},"excerpt":{"rendered":"<p>ATHL\u00c9TIQUE &amp; DURABLE Veste \u00e9lastique, l\u00e9g\u00e8re et extr\u00eamement respirante pour les randonn\u00e9es \u00e0 ski exigeantes Caract\u00e9ristiques principales Extr\u00eamement respirante Coupe-vent<\/p>\n","protected":false},"featured_media":37601,"template":"","meta":{"_seopress_robots_primary_cat":"","_seopress_titles_title":"","_seopress_titles_desc":"","_seopress_robots_index":""},"product_brand":[3664],"product_cat":[81,981,1387],"product_tag":[],"class_list":{"0":"post-414297","1":"product","2":"type-product","3":"status-publish","4":"has-post-thumbnail","6":"product_brand-ortovox-fr","7":"product_cat-vetements","8":"product_cat-vetements-de-loisirs","9":"product_cat-vetements-pour-femmes","10":"sws-gruppo-abb-libero-fr","11":"sws-categoria-sito-fr","12":"sws-conto-ricavi-merci-rivendita-abbigliamento-fr","13":"sws-gruppo-iva-iva81-fr","15":"first","16":"outofstock","17":"shipping-taxable","18":"purchasable","19":"product-type-variable"},"_links":{"self":[{"href":"https:\/\/lucacastelli.com\/fr\/wp-json\/wp\/v2\/product\/414297","targetHints":{"allow":["GET"]}}],"collection":[{"href":"https:\/\/lucacastelli.com\/fr\/wp-json\/wp\/v2\/product"}],"about":[{"href":"https:\/\/lucacastelli.com\/fr\/wp-json\/wp\/v2\/types\/product"}],"wp:featuredmedia":[{"embeddable":true,"href":"https:\/\/lucacastelli.com\/fr\/wp-json\/wp\/v2\/media\/37601"}],"wp:attachment":[{"href":"https:\/\/lucacastelli.com\/fr\/wp-json\/wp\/v2\/media?parent=414297"}],"wp:term":[{"taxonomy":"product_brand","embeddable":true,"href":"https:\/\/lucacastelli.com\/fr\/wp-json\/wp\/v2\/product_brand?post=414297"},{"taxonomy":"product_cat","embeddable":true,"href":"https:\/\/lucacastelli.com\/fr\/wp-json\/wp\/v2\/product_cat?post=414297"},{"taxonomy":"product_tag","embeddable":true,"href":"https:\/\/lucacastelli.com\/fr\/wp-json\/wp\/v2\/product_tag?post=414297"}],"curies":[{"name":"wp","href":"https:\/\/api.w.org\/{rel}","templated":true}]}}