{"id":414293,"date":"2024-10-15T11:40:47","date_gmt":"2024-10-15T09:40:47","guid":{"rendered":"https:\/\/lucacastelli.com\/prodotto\/ortovox-3l-ortler-pantalon-long-w\/"},"modified":"2026-04-17T23:37:40","modified_gmt":"2026-04-17T21:37:40","slug":"ortovox-3l-ortler-pantalon-long-w","status":"publish","type":"product","link":"https:\/\/lucacastelli.com\/fr\/produit\/ortovox-3l-ortler-pantalon-long-w\/","title":{"rendered":"ORTOVOX 3L ORTLER PANT LONG W"},"content":{"rendered":"<p>Qu\u2019il s\u2019agisse d\u2019une temp\u00eate en pleine ascension ou de neige lourde au sommet, l\u2019ORTLER PANT 3L pour femme est notre pantalon l\u00e9ger pour les vraies alpinistes !<\/p>\n<p>Dans la ligne MERINO NAKED SHEEP, ORTOVOX se concentre sur l\u2019essentiel : l\u00e9g\u00e8ret\u00e9, protection optimale et confort suffisant. Ce pantalon hardshell est l\u00e9ger et techniquement bien con\u00e7u, tout en \u00e9tant robuste et confortable. La membrane DERMIZAX\u00ae NX de Toray, la plus performante de nos membranes, est imperm\u00e9able, coupe-vent et respirante. Les gu\u00eatres int\u00e9gr\u00e9es et r\u00e9glables en largeur ainsi que la protection des bords en Cordura offrent une protection parfaite lors des courses les plus exigeantes. L\u2019ourlet et la taille r\u00e9glables garantissent un ajustement facile, tandis que les inserts en m\u00e9lange de m\u00e9rinos doux dans la ceinture assurent un confort parfait. Les fermetures \u00e9clair lat\u00e9rales bidirectionnelles sur toute la longueur permettent d\u2019enfiler et d\u2019enlever rapidement ce pantalon \u00e0 3 couches.     <\/p>\n<p>3L ORTLER PANT : le pantalon pour les alpinistes qui veulent pouvoir compter \u00e0 100 % sur leur \u00e9quipement lors de sorties en haute altitude sur neige et glace.<\/p>\n","protected":false},"excerpt":{"rendered":"<p>Qu\u2019il s\u2019agisse d\u2019une temp\u00eate en pleine ascension ou de neige lourde au sommet, l\u2019ORTLER PANT 3L pour femme est notre<\/p>\n","protected":false},"featured_media":37561,"template":"","meta":{"_seopress_robots_primary_cat":"none","_seopress_titles_title":"","_seopress_titles_desc":"","_seopress_robots_index":""},"product_brand":[3664],"product_cat":[81,981,1387],"product_tag":[],"class_list":{"0":"post-414293","1":"product","2":"type-product","3":"status-publish","4":"has-post-thumbnail","6":"product_brand-ortovox-fr","7":"product_cat-vetements","8":"product_cat-vetements-de-loisirs","9":"product_cat-vetements-pour-femmes","11":"first","12":"instock","13":"sale","14":"shipping-taxable","15":"purchasable","16":"product-type-variable","17":"has-default-attributes"},"_links":{"self":[{"href":"https:\/\/lucacastelli.com\/fr\/wp-json\/wp\/v2\/product\/414293","targetHints":{"allow":["GET"]}}],"collection":[{"href":"https:\/\/lucacastelli.com\/fr\/wp-json\/wp\/v2\/product"}],"about":[{"href":"https:\/\/lucacastelli.com\/fr\/wp-json\/wp\/v2\/types\/product"}],"wp:featuredmedia":[{"embeddable":true,"href":"https:\/\/lucacastelli.com\/fr\/wp-json\/wp\/v2\/media\/37561"}],"wp:attachment":[{"href":"https:\/\/lucacastelli.com\/fr\/wp-json\/wp\/v2\/media?parent=414293"}],"wp:term":[{"taxonomy":"product_brand","embeddable":true,"href":"https:\/\/lucacastelli.com\/fr\/wp-json\/wp\/v2\/product_brand?post=414293"},{"taxonomy":"product_cat","embeddable":true,"href":"https:\/\/lucacastelli.com\/fr\/wp-json\/wp\/v2\/product_cat?post=414293"},{"taxonomy":"product_tag","embeddable":true,"href":"https:\/\/lucacastelli.com\/fr\/wp-json\/wp\/v2\/product_tag?post=414293"}],"curies":[{"name":"wp","href":"https:\/\/api.w.org\/{rel}","templated":true}]}}