{"id":414261,"date":"2024-10-15T11:20:33","date_gmt":"2024-10-15T09:20:33","guid":{"rendered":"https:\/\/lucacastelli.com\/prodotto\/ortovox-3l-ortler-pantalon-w\/"},"modified":"2025-07-01T00:00:54","modified_gmt":"2025-06-30T22:00:54","slug":"ortovox-3l-ortler-pantalon-w","status":"publish","type":"product","link":"https:\/\/lucacastelli.com\/fr\/produit\/ortovox-3l-ortler-pantalon-w\/","title":{"rendered":"ORTOVOX 3L ORTLER PANTALON W"},"content":{"rendered":"<p>MINIMALISME ALPIN : NOTRE POIDS PLUME POUR LES ALPINISTES<br \/>\nPantalon hardshell robuste, coupe-vent et imperm\u00e9able pour les activit\u00e9s alpines<br \/>\nCaract\u00e9ristiques principales<br \/>\nTr\u00e8s l\u00e9ger mais robuste<br \/>\nImperm\u00e9able au vent et \u00e0 l\u2019eau<br \/>\nRespirant avec fermetures \u00e9clair de ventilation suppl\u00e9mentaires<br \/>\nQu\u2019il s\u2019agisse d\u2019ascensions orageuses ou de fortes chutes de neige au sommet, le 3L ORTLER PANTS pour femme est notre v\u00eatement l\u00e9ger pour les vrais alpinistes !<\/p>\n<p>Pour la ligne MERINO NAKED SHEEP, nous nous sommes concentr\u00e9s sur l\u2019essentiel : un faible poids, une protection optimale et beaucoup de confort. Ce pantalon hardshell est l\u00e9ger et techniquement sophistiqu\u00e9, tout en \u00e9tant robuste et confortable. La membrane DERMIZAX\u00ae NX de Toray &#8211; la membrane la plus performante que nous utilisons &#8211; garantit que la veste est coupe-vent, imperm\u00e9able et respirante. Pour vous prot\u00e9ger lors de randonn\u00e9es exigeantes, ce short est dot\u00e9 de gu\u00eatres int\u00e9gr\u00e9es et r\u00e9glables et d\u2019une protection Cordura contre les ar\u00eates vives. Les poignets r\u00e9glables aux chevilles et \u00e0 la taille permettent un enfilage facile, tandis que les inserts en m\u00e9lange de m\u00e9rinos dans la zone de la ceinture assurent le confort. Gr\u00e2ce aux fermetures \u00e9clair lat\u00e9rales \u00e0 2 sens sur toute la longueur, ce pantalon \u00e0 3 couches peut \u00eatre enfil\u00e9 ou enlev\u00e9 rapidement.     <\/p>\n<p>Le pantalon ORTLER 3L : Pour les alpinistes qui veulent des v\u00eatements 100&nbsp;% fiables lors des randonn\u00e9es en haute montagne lorsqu\u2019il neige et g\u00e8le.<\/p>\n<p>Caract\u00e9ristiques<br \/>\ndu produit Ceinture ajustable<br \/>\nPoche de cuisse allong\u00e9e et mousqueton l\u00e9ger suppl\u00e9mentaire (protection contre la perte de l\u2019appareil d\u2019avalanche) sur la droite<br \/>\nFermetures \u00e9clair lat\u00e9rales \u00e0 2 sens<br \/>\nBretelles ORTOVOX (en option)<br \/>\nZone du genou de forme<br \/>\nanatomique Protection contre les ar\u00eates vives gr\u00e2ce \u00e0 Dyneema\u00ae CORDURA<br \/>\nGu\u00eatres r\u00e9glables<br \/>\nint\u00e9gr\u00e9es Coupe r\u00e9guli\u00e8re<br \/>\n120 inserts MERINO TEC \u00e0 la taille<\/p>\n<p>Domaine d\u2019utilisation<br \/>\nAlpinisme 2\/5<br \/>\nHaute montagne 4\/5<br \/>\nAlpinisme 4\/5<br \/>\nSki alpinisme 5\/5<br \/>\nFreeride 2\/5<br \/>\nCaract\u00e9ristiques du produit<br \/>\nCeinture ajustable \u00e0 la taille<br \/>\nPoche de cuisse allong\u00e9e et mousqueton l\u00e9ger suppl\u00e9mentaire (protection contre la perte de l\u2019\u00e9metteur-r\u00e9cepteur d\u2019avalanche) sur la droite<br \/>\nFermetures \u00e9clair lat\u00e9rales \u00e0 2 sens<br \/>\nBretelles ORTOVOX (en option)<br \/>\nZone du genou profil\u00e9e anatomiquement<br \/>\nProtection contre les ar\u00eates vives gr\u00e2ce au Dyneema\u00ae CORDURA<br \/>\nGu\u00eatres r\u00e9glables int\u00e9gr\u00e9es<br \/>\nCoupe r\u00e9guli\u00e8re<br \/>\n120 inserts MERINO TEC \u00e0 la taille<br \/>\nCaract\u00e9ristiques du mat\u00e9riau<br \/>\nDERMIZAX\u00ae NX : coupe-vent et imperm\u00e9able (min. 20 000 mm de colonne d\u2019eau), 100&nbsp;% coupe-vent, respirabilit\u00e9 (jusqu\u2019\u00e0 28 000 g \/ m\u00b2 \/ 24h), mat\u00e9riau extensible dans les 4 sens, membrane PU non poreuse (durable et facile \u00e0 entretenir)<br \/>\nFinition DWR &#8211; sans PFC : l\u2019eau et la salet\u00e9 sont \u00e9limin\u00e9es.<br \/>\nFaible poids : 136 g\/m\u00b2<br \/>\nDurable<br \/>\nPetits emballages<\/p>\n<p>Ext\u00e9rieur : 100&nbsp;% polyamide<br \/>\nMEMBRANE : 100&nbsp;% polyur\u00e9thane (Toray Dermizax\u00aeNX,)<br \/>\nINT\u00c9RIEUR : 100&nbsp;% polyester<br \/>\nD\u00c9TAILS : 85&nbsp;% laine vierge (OWP MERINO) + 15&nbsp;% polyamide<\/p>\n","protected":false},"excerpt":{"rendered":"<p>MINIMALISME ALPIN : NOTRE POIDS PLUME POUR LES ALPINISTES Pantalon hardshell robuste, coupe-vent et imperm\u00e9able pour les activit\u00e9s alpines Caract\u00e9ristiques<\/p>\n","protected":false},"featured_media":37552,"template":"","meta":{"_seopress_robots_primary_cat":"","_seopress_titles_title":"","_seopress_titles_desc":"","_seopress_robots_index":""},"product_brand":[3664],"product_cat":[81,981,1387],"product_tag":[],"class_list":{"0":"post-414261","1":"product","2":"type-product","3":"status-publish","4":"has-post-thumbnail","6":"product_brand-ortovox-fr","7":"product_cat-vetements","8":"product_cat-vetements-de-loisirs","9":"product_cat-vetements-pour-femmes","11":"first","12":"instock","13":"sale","14":"shipping-taxable","15":"purchasable","16":"product-type-variable"},"_links":{"self":[{"href":"https:\/\/lucacastelli.com\/fr\/wp-json\/wp\/v2\/product\/414261","targetHints":{"allow":["GET"]}}],"collection":[{"href":"https:\/\/lucacastelli.com\/fr\/wp-json\/wp\/v2\/product"}],"about":[{"href":"https:\/\/lucacastelli.com\/fr\/wp-json\/wp\/v2\/types\/product"}],"wp:featuredmedia":[{"embeddable":true,"href":"https:\/\/lucacastelli.com\/fr\/wp-json\/wp\/v2\/media\/37552"}],"wp:attachment":[{"href":"https:\/\/lucacastelli.com\/fr\/wp-json\/wp\/v2\/media?parent=414261"}],"wp:term":[{"taxonomy":"product_brand","embeddable":true,"href":"https:\/\/lucacastelli.com\/fr\/wp-json\/wp\/v2\/product_brand?post=414261"},{"taxonomy":"product_cat","embeddable":true,"href":"https:\/\/lucacastelli.com\/fr\/wp-json\/wp\/v2\/product_cat?post=414261"},{"taxonomy":"product_tag","embeddable":true,"href":"https:\/\/lucacastelli.com\/fr\/wp-json\/wp\/v2\/product_tag?post=414261"}],"curies":[{"name":"wp","href":"https:\/\/api.w.org\/{rel}","templated":true}]}}