{"id":414250,"date":"2024-10-15T10:20:17","date_gmt":"2024-10-15T08:20:17","guid":{"rendered":"https:\/\/lucacastelli.com\/prodotto\/ortovox-westalpen-3l-jacket-w-corail\/"},"modified":"2026-02-01T00:03:06","modified_gmt":"2026-01-31T23:03:06","slug":"ortovox-westalpen-3l-jacket-w-corail","status":"publish","type":"product","link":"https:\/\/lucacastelli.com\/fr\/produit\/ortovox-westalpen-3l-jacket-w-corail\/","title":{"rendered":"ORTOVOX WESTALPEN 3L JACKET W corail"},"content":{"rendered":"<p>SP\u00c9CIALISTE TECHNIQUE POUR LA ROCHE, LA GLACE ET LA NEIGE<br \/>\nVeste hardshell robuste pour les randonn\u00e9es<br \/>\nen haute montagne Caract\u00e9ristiques principales<br \/>\n&#8211; Fonctions intelligentes sp\u00e9cialement con\u00e7ues pour les alpinistes<br \/>\n&#8211; Vent et imperm\u00e9abilit\u00e9 : min. 20 000 mm de colonne d\u2019eau<br \/>\n&#8211; Respirabilit\u00e9 : jusqu\u2019\u00e0 28 000 g\/m2\/24h<\/p>\n<p>Robuste, technique et extr\u00eamement respirante : la WESTALPEN 3L JACKET pour femme montre tout son potentiel dans les crevasses, les parois rocheuses et les sommets escarp\u00e9s, et est dans son \u00e9l\u00e9ment lors des randonn\u00e9es alpines exigeantes. D\u00e9velopp\u00e9 pour repousser les limites. <\/p>\n<p>Gr\u00e2ce au mat\u00e9riau \u00e9lastique 3L SHELL avec membrane DERMIZAX\u00ae NX, cette hardshell coupe-vent et imperm\u00e9able est particuli\u00e8rement respirante et confortable. Un rev\u00eatement DWR sans PFC prot\u00e8ge \u00e9galement contre les conditions humides. Des performances pures pour les terrains difficiles.  <\/p>\n<p>La libert\u00e9 de mouvement est particuli\u00e8rement importante sur les terrains combin\u00e9s, c\u2019est pourquoi la WESTALPEN 3L JACKET pour femme se distingue par sa coupe sp\u00e9ciale : les manches longues et le long torse offrent suffisamment d\u2019espace pour \u00e9tirer vos bras au-dessus de votre t\u00eate pendant l\u2019escalade, tandis que les fermetures \u00e9clair sous les bras assurent une ventilation confortable.<\/p>\n<p>Par temps orageux, la capuche compatible avec un casque peut \u00eatre parfaitement ajust\u00e9e en deux \u00e9tapes rapides et faciles et, avec les manches et la ceinture r\u00e9glables, emp\u00eache le vent, la neige et la pluie de p\u00e9n\u00e9trer.<\/p>\n<p>La veste WESTALPEN 3L pour femme est climatiquement neutre et fabriqu\u00e9e en Europe.<\/p>\n<p>Caract\u00e9ristiques<br \/>\ndu produit Capuche de pluie r\u00e9glable dans les 2 sens<br \/>\n120 inserts MERINO TEC \u00e0 l\u2019int\u00e9rieur<br \/>\nCoupe haute adh\u00e9rence<br \/>\nFermeture \u00e9clair \u00e0 2 sens<br \/>\n2 poches<br \/>\npoitrine 1 poche int\u00e9gr\u00e9e en maille m\u00e9rinos<br \/>\npour t\u00e9l\u00e9phone portable Fermeture \u00e9clair \u00e0 2 sens sous les aisselles<br \/>\nR\u00e9glage de la largeur des coutures<br \/>\nCoupe r\u00e9guli\u00e8re<\/p>\n<p>Propri\u00e9t\u00e9s du mat\u00e9riau<br \/>\n3L SHELL : DERMIZAX\u00ae NX (membrane PU non poreuse), coupe-vent et \u00e9tanche \u00e0 l\u2019eau (min. 20 000 mm de colonne d\u2019eau), 100 % coupe-vent, respirabilit\u00e9 (jusqu\u2019\u00e0 28 000 g\/m2\/24h), mat\u00e9riau \u00e9lastique \u00e0 2 voies<br \/>\nFinition DWR &#8211; sans PFC : l\u2019eau et la salet\u00e9 sont \u00e9limin\u00e9es.<\/p>\n<p>MATI\u00c8RE PRINCIPALE&nbsp;: EXT\u00c9RIEUR&nbsp;: 100&nbsp;% Polyamide<br \/>\nMEMBRANE&nbsp;: 100&nbsp;% Polyur\u00e9thane<br \/>\nINT\u00c9RIEUR&nbsp;: 100&nbsp;% Polyester D\u00c9TAILS&nbsp;: 52&nbsp;% Laine vierge (OWP MERINO) + 33&nbsp;% Lyocell (TENCEL)\u2122 + 15&nbsp;% Polyamide<\/p>\n","protected":false},"excerpt":{"rendered":"<p>SP\u00c9CIALISTE TECHNIQUE POUR LA ROCHE, LA GLACE ET LA NEIGE Veste hardshell robuste pour les randonn\u00e9es en haute montagne Caract\u00e9ristiques<\/p>\n","protected":false},"featured_media":37524,"template":"","meta":{"_seopress_robots_primary_cat":"","_seopress_titles_title":"","_seopress_titles_desc":"","_seopress_robots_index":""},"product_brand":[3664],"product_cat":[81,981,1387],"product_tag":[],"class_list":{"0":"post-414250","1":"product","2":"type-product","3":"status-publish","4":"has-post-thumbnail","6":"product_brand-ortovox-fr","7":"product_cat-vetements","8":"product_cat-vetements-de-loisirs","9":"product_cat-vetements-pour-femmes","10":"sws-gruppo-abb-libero-fr","11":"sws-categoria-sito-fr","12":"sws-conto-ricavi-merci-rivendita-abbigliamento-fr","13":"sws-gruppo-iva-iva81-fr","15":"first","16":"instock","17":"sale","18":"shipping-taxable","19":"purchasable","20":"product-type-variable"},"_links":{"self":[{"href":"https:\/\/lucacastelli.com\/fr\/wp-json\/wp\/v2\/product\/414250","targetHints":{"allow":["GET"]}}],"collection":[{"href":"https:\/\/lucacastelli.com\/fr\/wp-json\/wp\/v2\/product"}],"about":[{"href":"https:\/\/lucacastelli.com\/fr\/wp-json\/wp\/v2\/types\/product"}],"wp:featuredmedia":[{"embeddable":true,"href":"https:\/\/lucacastelli.com\/fr\/wp-json\/wp\/v2\/media\/37524"}],"wp:attachment":[{"href":"https:\/\/lucacastelli.com\/fr\/wp-json\/wp\/v2\/media?parent=414250"}],"wp:term":[{"taxonomy":"product_brand","embeddable":true,"href":"https:\/\/lucacastelli.com\/fr\/wp-json\/wp\/v2\/product_brand?post=414250"},{"taxonomy":"product_cat","embeddable":true,"href":"https:\/\/lucacastelli.com\/fr\/wp-json\/wp\/v2\/product_cat?post=414250"},{"taxonomy":"product_tag","embeddable":true,"href":"https:\/\/lucacastelli.com\/fr\/wp-json\/wp\/v2\/product_tag?post=414250"}],"curies":[{"name":"wp","href":"https:\/\/api.w.org\/{rel}","templated":true}]}}