{"id":414236,"date":"2024-10-15T10:22:50","date_gmt":"2024-10-15T08:22:50","guid":{"rendered":"https:\/\/lucacastelli.com\/prodotto\/ortovox-westalpen-3l-jacket-w-cascade-de-glace\/"},"modified":"2026-04-17T23:44:50","modified_gmt":"2026-04-17T21:44:50","slug":"ortovox-westalpen-3l-jacket-w-cascade-de-glace","status":"publish","type":"product","link":"https:\/\/lucacastelli.com\/fr\/produit\/ortovox-westalpen-3l-jacket-w-cascade-de-glace\/","title":{"rendered":"ORTOVOX WESTALPEN 3L JACKET W ice waterfall"},"content":{"rendered":"<p>SP\u00c9CIALISTE TECHNIQUE POUR ROCHE, GLACE ET NEIGE<br \/>\nVeste hardshell robuste pour les randonn\u00e9es en haute montagne<br \/>\nCaract\u00e9ristiques principales<br \/>\n&#8211; Caract\u00e9ristiques intelligentes sp\u00e9cialement con\u00e7ues pour les alpinistes<br \/>\n&#8211; Coupe-vent et imperm\u00e9able : min. 20 000 mm de colonne d&#8217;eau<br \/>\n&#8211; Respirabilit\u00e9 : jusqu&#8217;\u00e0 28 000 g\/m2\/24h<\/p>\n<p>Robuste, technique et extr\u00eamement respirante : la VESTE WESTALPEN 3L pour femme r\u00e9v\u00e8le tout son potentiel dans les crevasses, sur les parois rocheuses et les sommets escarp\u00e9s, et est dans son \u00e9l\u00e9ment lors des randonn\u00e9es exigeantes en haute montagne. D\u00e9velopp\u00e9e pour repousser les limites. <\/p>\n<p>Gr\u00e2ce au mat\u00e9riau \u00e9lastique 3L SHELL avec membrane DERMIZAX\u00ae NX, cette hardshell coupe-vent et imperm\u00e9able est particuli\u00e8rement respirante et confortable. Un rev\u00eatement DWR sans PFC prot\u00e8ge \u00e9galement de l&#8217;humidit\u00e9. Performance pure pour terrains exigeants.  <\/p>\n<p>La libert\u00e9 de mouvement est particuli\u00e8rement importante sur les terrains combin\u00e9s, c&#8217;est pourquoi la VESTE WESTALPEN 3L pour femme se distingue par sa coupe sp\u00e9ciale : les manches longues et le buste long offrent un large espace pour \u00e9tendre les bras au-dessus de la t\u00eate pendant l&#8217;escalade, tandis que les fermetures \u00e9clair sous les bras garantissent une ventilation confortable.<\/p>\n<p>En cas de temp\u00eate, la capuche compatible avec le casque peut \u00eatre ajust\u00e9e parfaitement en deux gestes simples et rapides et, avec les manches et la ceinture r\u00e9glables, prot\u00e8ge efficacement du vent, de la neige et de la pluie.<\/p>\n<p>La VESTE WESTALPEN 3L pour femme est climatiquement neutre et produite en Europe.<\/p>\n<p>Caract\u00e9ristiques du produit<br \/>\nCapuche anti-pluie r\u00e9glable dans 2 directions<br \/>\n120 inserts MERINO TEC \u00e0 l&#8217;int\u00e9rieur<br \/>\nCoupe ajust\u00e9e<br \/>\nFermeture \u00e9clair \u00e0 2 voies<br \/>\n2 poches poitrine<br \/>\n1 poche int\u00e9gr\u00e9e pour t\u00e9l\u00e9phone portable en maille m\u00e9rinos<br \/>\nVentilation \u00e0 2 voies avec fermeture \u00e9clair sous les aisselles<br \/>\nR\u00e9glage de l&#8217;ampleur des coutures<br \/>\nCoupe r\u00e9guli\u00e8re<\/p>\n<p>Propri\u00e9t\u00e9s des mat\u00e9riaux<br \/>\nSHELL 3L : DERMIZAX\u00ae NX (membrane PU non poreuse), imperm\u00e9able au vent et \u00e0 l&#8217;eau (min. 20 000 mm de colonne d&#8217;eau), 100 % coupe-vent, respirabilit\u00e9 (jusqu&#8217;\u00e0 28 000 g\/m2\/24h), mat\u00e9riau \u00e9lastique 2 voies<br \/>\nFinition DWR &#8211; sans PFC : l&#8217;eau et la salet\u00e9 sont \u00e9limin\u00e9es.<\/p>\n<p>MAT\u00c9RIAU PRINCIPAL : EXT\u00c9RIEUR : 100 % polyamide<br \/>\nMEMBRANE : 100 % polyur\u00e9thane<br \/>\nINT\u00c9RIEUR : 100 % polyester D\u00c9TAILS : 52 % laine vierge (OWP MERINO) + 33 % lyocell (TENCEL\u2122) + 15 % polyamide<\/p>\n","protected":false},"excerpt":{"rendered":"<p>SP\u00c9CIALISTE TECHNIQUE POUR ROCHE, GLACE ET NEIGE Veste hardshell robuste pour les randonn\u00e9es en haute montagne Caract\u00e9ristiques principales &#8211; Caract\u00e9ristiques<\/p>\n","protected":false},"featured_media":37534,"template":"","meta":{"_seopress_robots_primary_cat":"none","_seopress_titles_title":"","_seopress_titles_desc":"","_seopress_robots_index":""},"product_brand":[3664],"product_cat":[81,981,1387],"product_tag":[],"class_list":{"0":"post-414236","1":"product","2":"type-product","3":"status-publish","4":"has-post-thumbnail","6":"product_brand-ortovox-fr","7":"product_cat-vetements","8":"product_cat-vetements-de-loisirs","9":"product_cat-vetements-pour-femmes","10":"sws-gruppo-abb-libero-fr","11":"sws-categoria-sito-fr","12":"sws-conto-ricavi-merci-rivendita-abbigliamento-fr","13":"sws-gruppo-iva-iva81-fr","15":"first","16":"instock","17":"sale","18":"shipping-taxable","19":"purchasable","20":"product-type-variable"},"_links":{"self":[{"href":"https:\/\/lucacastelli.com\/fr\/wp-json\/wp\/v2\/product\/414236","targetHints":{"allow":["GET"]}}],"collection":[{"href":"https:\/\/lucacastelli.com\/fr\/wp-json\/wp\/v2\/product"}],"about":[{"href":"https:\/\/lucacastelli.com\/fr\/wp-json\/wp\/v2\/types\/product"}],"wp:featuredmedia":[{"embeddable":true,"href":"https:\/\/lucacastelli.com\/fr\/wp-json\/wp\/v2\/media\/37534"}],"wp:attachment":[{"href":"https:\/\/lucacastelli.com\/fr\/wp-json\/wp\/v2\/media?parent=414236"}],"wp:term":[{"taxonomy":"product_brand","embeddable":true,"href":"https:\/\/lucacastelli.com\/fr\/wp-json\/wp\/v2\/product_brand?post=414236"},{"taxonomy":"product_cat","embeddable":true,"href":"https:\/\/lucacastelli.com\/fr\/wp-json\/wp\/v2\/product_cat?post=414236"},{"taxonomy":"product_tag","embeddable":true,"href":"https:\/\/lucacastelli.com\/fr\/wp-json\/wp\/v2\/product_tag?post=414236"}],"curies":[{"name":"wp","href":"https:\/\/api.w.org\/{rel}","templated":true}]}}