{"id":414218,"date":"2024-10-14T20:31:15","date_gmt":"2024-10-14T18:31:15","guid":{"rendered":"https:\/\/lucacastelli.com\/prodotto\/ortovox-140-cool-headband-glace-aquatique\/"},"modified":"2025-06-29T02:09:23","modified_gmt":"2025-06-29T00:09:23","slug":"ortovox-140-cool-headband-glace-aquatique","status":"publish","type":"product","link":"https:\/\/lucacastelli.com\/fr\/produit\/ortovox-140-cool-headband-glace-aquatique\/","title":{"rendered":"ORTOVOX 140 COOL HEADBAND glace aquatique"},"content":{"rendered":"<p>NATURELLEMENT DURABLE<br \/>\nBandeau en m\u00e9rinos l\u00e9ger, \u00e0 s\u00e9chage rapide et compatible avec un casque avec effet rafra\u00eechissant<br \/>\nCaract\u00e9ristiques principales<br \/>\nR\u00e9gulation de la temp\u00e9rature et de l\u2019humidit\u00e9<br \/>\nL\u00e9ger et \u00e0 s\u00e9chage<br \/>\nrapide Fabriqu\u00e9 \u00e0 partir de fibres naturelles durables<br \/>\nPour rafra\u00eechir les parois rocheuses pendant les chaudes journ\u00e9es d\u2019\u00e9t\u00e9 : Le 140 COOL HEADBAND assure une temp\u00e9rature confortable lorsque les choses se compliquent sur les terrains alpins. Fabriqu\u00e9e en Europe, la ligne 140 COOL associe de la laine m\u00e9rinos fine \u00e0 de la fibre de cellulose TENCEL lyocell et poss\u00e8de des propri\u00e9t\u00e9s remarquables de r\u00e9gulation de la\u2122 temp\u00e9rature et de l\u2019humidit\u00e9. Cette bande l\u00e9g\u00e8re s\u00e8che rapidement et est particuli\u00e8rement confortable, tout en offrant la durabilit\u00e9 n\u00e9cessaire pour une utilisation en terrain alpin.  <\/p>\n<p>50&nbsp;% laine vierge (OWP MERINO) +50&nbsp;% lyocell (TENCEL) \u2122<\/p>\n","protected":false},"excerpt":{"rendered":"<p>NATURELLEMENT DURABLE Bandeau en m\u00e9rinos l\u00e9ger, \u00e0 s\u00e9chage rapide et compatible avec un casque avec effet rafra\u00eechissant Caract\u00e9ristiques principales R\u00e9gulation<\/p>\n","protected":false},"featured_media":37519,"template":"","meta":{"_seopress_robots_primary_cat":"","_seopress_titles_title":"","_seopress_titles_desc":"","_seopress_robots_index":""},"product_brand":[3280],"product_cat":[21,186],"product_tag":[],"class_list":{"0":"post-414218","1":"product","2":"type-product","3":"status-publish","4":"has-post-thumbnail","6":"product_brand-ortovox","7":"product_cat-abbigliamento","8":"product_cat-accessori-per-labbigliamento","10":"first","11":"instock","12":"shipping-taxable","13":"purchasable","14":"product-type-simple"},"_links":{"self":[{"href":"https:\/\/lucacastelli.com\/fr\/wp-json\/wp\/v2\/product\/414218","targetHints":{"allow":["GET"]}}],"collection":[{"href":"https:\/\/lucacastelli.com\/fr\/wp-json\/wp\/v2\/product"}],"about":[{"href":"https:\/\/lucacastelli.com\/fr\/wp-json\/wp\/v2\/types\/product"}],"wp:featuredmedia":[{"embeddable":true,"href":"https:\/\/lucacastelli.com\/fr\/wp-json\/wp\/v2\/media\/37519"}],"wp:attachment":[{"href":"https:\/\/lucacastelli.com\/fr\/wp-json\/wp\/v2\/media?parent=414218"}],"wp:term":[{"taxonomy":"product_brand","embeddable":true,"href":"https:\/\/lucacastelli.com\/fr\/wp-json\/wp\/v2\/product_brand?post=414218"},{"taxonomy":"product_cat","embeddable":true,"href":"https:\/\/lucacastelli.com\/fr\/wp-json\/wp\/v2\/product_cat?post=414218"},{"taxonomy":"product_tag","embeddable":true,"href":"https:\/\/lucacastelli.com\/fr\/wp-json\/wp\/v2\/product_tag?post=414218"}],"curies":[{"name":"wp","href":"https:\/\/api.w.org\/{rel}","templated":true}]}}