{"id":414210,"date":"2024-10-13T19:06:15","date_gmt":"2024-10-13T17:06:15","guid":{"rendered":"https:\/\/lucacastelli.com\/prodotto\/ortovox-westalpen-veste-softshell-w\/"},"modified":"2026-04-17T23:45:30","modified_gmt":"2026-04-17T21:45:30","slug":"ortovox-westalpen-veste-softshell-w","status":"publish","type":"product","link":"https:\/\/lucacastelli.com\/fr\/produit\/ortovox-westalpen-veste-softshell-w\/","title":{"rendered":"ORTOVOX WESTALPEN SOFTSHELL JACKET W"},"content":{"rendered":"<p>POUR ALPINISTES<br \/>\nVeste softshell technique et particuli\u00e8rement r\u00e9sistante pour les randonn\u00e9es en haute montagne<br \/>\nPoints forts<br \/>\nHydrofuge, coupe-vent et tr\u00e8s respirante<br \/>\nParticuli\u00e8rement robuste gr\u00e2ce aux inserts techniques MERINO NATURETEC RIPS aux points les plus sollicit\u00e9s<br \/>\nLaine m\u00e9rinos fine sur la face int\u00e9rieure<br \/>\nCrevasses imposantes, rochers, glace et sommets majestueux : lors des randonn\u00e9es en haute altitude, nous avons besoin de v\u00eatements adaptables et fiables \u00e0 100 %. C&#8217;est pr\u00e9cis\u00e9ment l\u00e0 qu&#8217;intervient la ligne WESTALPEN SOFTSHELL : la combinaison d&#8217;inserts MERINO NATURETEC RIPS r\u00e9sistants \u00e0 l&#8217;usure, de mat\u00e9riau NATURETEC LIGHT et de laine m\u00e9rinos fine \u00e0 l&#8217;int\u00e9rieur rend la ligne robuste, respirante et confortable. <\/p>\n<p>La veste pour randonn\u00e9es en haute montagne WESTALPEN SOFTSHELL pour femme, avec son design et ses caract\u00e9ristiques, est parfaite pour celles qui accordent une grande importance \u00e0 la protection et \u00e0 l&#8217;adaptabilit\u00e9 aussi bien en plaine qu&#8217;au sommet. Le tissu schoeller\u00ae de qualit\u00e9 assure une haute respirabilit\u00e9 \u00e0 la veste m\u00eame lors des mont\u00e9es les plus difficiles et convainc gr\u00e2ce \u00e0 sa r\u00e9sistance \u00e9lev\u00e9e \u00e0 l&#8217;abrasion. Les poches int\u00e9rieures avec doublure en mesh offrent une ventilation suppl\u00e9mentaire. La laine m\u00e9rinos \u00e0 l&#8217;int\u00e9rieur assure un confort doux et une temp\u00e9rature optimale. La laine m\u00e9rinos de Tasmanie r\u00e9pond aux crit\u00e8res stricts d&#8217;ORTOVOX WOOL PROMISE pour le traitement \u00e9quitable et solidaire des animaux, des fermes et de l&#8217;environnement. De plus, la veste est sans PFC et est produite en Europe, \u00e9vitant ainsi de longs trajets de transport.     <\/p>\n<p>La veste pour randonn\u00e9es en haute montagne WESTALPEN SOFTSHELL pour femme convainc \u00e9galement par ses autres caract\u00e9ristiques. La capuche r\u00e9glable dot\u00e9e d&#8217;inserts \u00e9lastiques, l&#8217;ampleur de l&#8217;ourlet et des poignets r\u00e9glable et les inserts en mesh m\u00e9rinos dans la zone du menton assurent encore plus de confort. <\/p>\n<p>Caract\u00e9ristiques<br \/>\nCapuche r\u00e9glable<br \/>\n2 poches avant (optimis\u00e9es pour le sac \u00e0 dos)<br \/>\nInserts en mesh m\u00e9rinos dans la zone du menton<br \/>\nR\u00e9glage de l&#8217;ampleur \u00e0 la taille<br \/>\nManches r\u00e9glables en longueur<br \/>\nFermeture \u00e9clair avant \u00e0 double curseur<br \/>\nPoche avec doublure en mesh<br \/>\nCoupe Regular<\/p>\n<p>Caract\u00e9ristiques du mat\u00e9riau<br \/>\nMERINO NATURETEC RIPS : particuli\u00e8rement robuste, haute r\u00e9sistance \u00e0 l&#8217;abrasion (&gt; 100 000 cycles d&#8217;abrasion au test Martindale)<br \/>\nMat\u00e9riau MERINO NATURETEC LIGHT : \u00e9lastique et respirant<br \/>\nHaute respirabilit\u00e9<br \/>\nHydrofuge<br \/>\nGrande r\u00e9sistance \u00e0 l&#8217;abrasion gr\u00e2ce aux inserts schoeller\u00ae (&gt; 100 000 cycles de frottement au test Martindale)<br \/>\nHydrofuge gr\u00e2ce au traitement DWR sans PFC<br \/>\nM\u00e9rinos \u00e0 l&#8217;int\u00e9rieur<\/p>\n<p>EXT\u00c9RIEUR : MAT\u00c9RIAU PRINCIPAL 1 : RIP Material : 85 % polyamide + 9 % laine + 6 % \u00e9lasthanne<br \/>\nMAT\u00c9RIAU PRINCIPAL 2 : 75 % polyamide + 18 % laine (OWP-MERINO) + 7 % \u00e9lasthanne INSERTS : 92 % polyamide + 8 % \u00e9lasthanne<\/p>\n","protected":false},"excerpt":{"rendered":"<p>POUR ALPINISTES Veste softshell technique et particuli\u00e8rement r\u00e9sistante pour les randonn\u00e9es en haute montagne Points forts Hydrofuge, coupe-vent et tr\u00e8s<\/p>\n","protected":false},"featured_media":37429,"template":"","meta":{"_seopress_robots_primary_cat":"none","_seopress_titles_title":"","_seopress_titles_desc":"","_seopress_robots_index":""},"product_brand":[3664],"product_cat":[81,981,1387],"product_tag":[],"class_list":{"0":"post-414210","1":"product","2":"type-product","3":"status-publish","4":"has-post-thumbnail","6":"product_brand-ortovox-fr","7":"product_cat-vetements","8":"product_cat-vetements-de-loisirs","9":"product_cat-vetements-pour-femmes","10":"sws-gruppo-abb-libero-fr","11":"sws-categoria-sito-fr","12":"sws-conto-ricavi-merci-rivendita-abbigliamento-fr","13":"sws-gruppo-iva-iva81-fr","15":"first","16":"instock","17":"sale","18":"shipping-taxable","19":"purchasable","20":"product-type-variable","21":"has-default-attributes"},"_links":{"self":[{"href":"https:\/\/lucacastelli.com\/fr\/wp-json\/wp\/v2\/product\/414210","targetHints":{"allow":["GET"]}}],"collection":[{"href":"https:\/\/lucacastelli.com\/fr\/wp-json\/wp\/v2\/product"}],"about":[{"href":"https:\/\/lucacastelli.com\/fr\/wp-json\/wp\/v2\/types\/product"}],"wp:featuredmedia":[{"embeddable":true,"href":"https:\/\/lucacastelli.com\/fr\/wp-json\/wp\/v2\/media\/37429"}],"wp:attachment":[{"href":"https:\/\/lucacastelli.com\/fr\/wp-json\/wp\/v2\/media?parent=414210"}],"wp:term":[{"taxonomy":"product_brand","embeddable":true,"href":"https:\/\/lucacastelli.com\/fr\/wp-json\/wp\/v2\/product_brand?post=414210"},{"taxonomy":"product_cat","embeddable":true,"href":"https:\/\/lucacastelli.com\/fr\/wp-json\/wp\/v2\/product_cat?post=414210"},{"taxonomy":"product_tag","embeddable":true,"href":"https:\/\/lucacastelli.com\/fr\/wp-json\/wp\/v2\/product_tag?post=414210"}],"curies":[{"name":"wp","href":"https:\/\/api.w.org\/{rel}","templated":true}]}}