{"id":414132,"date":"2024-10-13T18:29:58","date_gmt":"2024-10-13T16:29:58","guid":{"rendered":"https:\/\/lucacastelli.com\/prodotto\/ortovox-swisswool-col-becchei-hybrid-jacket-w\/"},"modified":"2026-04-17T23:46:28","modified_gmt":"2026-04-17T21:46:28","slug":"ortovox-swisswool-col-becchei-hybrid-jacket-w","status":"publish","type":"product","link":"https:\/\/lucacastelli.com\/fr\/produit\/ortovox-swisswool-col-becchei-hybrid-jacket-w\/","title":{"rendered":"ORTOVOX SWISSWOOL COL BECCHEI HYBRID JACKET W"},"content":{"rendered":"<p>ISOLATION L\u00c9G\u00c8RE POUR LES ALPINISTES<br \/>\nVeste softshell l\u00e9g\u00e8re et respirante avec isolation Swisswool pour les randonn\u00e9es \u00e0 ski exigeantes<br \/>\nPoints forts<br \/>\nInserts isolants en Swisswool 60 g<br \/>\nRespirante, \u00e9lastique et robuste<br \/>\nCoupe-vent et d\u00e9perlante<br \/>\nAscensions de ski de randonn\u00e9e fatigantes par un froid piquant : la veste SWISSWOOL COL BECCHEI HYBRID offre une protection optimale tout en garantissant une libert\u00e9 de mouvement maximale. Cette veste isolante l\u00e9g\u00e8re est fabriqu\u00e9e \u00e0 l\u2019ext\u00e9rieur en mat\u00e9riau TEC STRETCH matelass\u00e9, \u00e9lastique et coupe-vent. Pour assurer une protection maximale contre le vent et le froid, des INSERTS ISOLANTS en Swisswool 60 g sont pr\u00e9sents sur le devant et le haut des manches. Les inserts MERINO NATURETEC LIGHT dans la capuche, les manches et l\u2019ourlet garantissent une RESPIRABILIT\u00c9 et une \u00c9LASTICIT\u00c9 maximales tout en PROT\u00c9GEANT DU VENT. La doublure int\u00e9rieure en laine m\u00e9rinos de Tasmanie assure une excellente r\u00e9gulation de la temp\u00e9rature et un grand confort. D\u2019autres caract\u00e9ristiques telles que les inserts \u00e9lastiques de la capuche et des poignets ainsi que les poches lat\u00e9rales compatibles avec le sac \u00e0 dos compl\u00e8tent parfaitement cette veste hybride. Comme toute la LIGNE COL BECCHEI, la VESTE COL BECCHEI HYBRID est SANS PFC et climatiquement neutre.      <\/p>\n<p>Caract\u00e9ristiques<br \/>\nCapuche auto-ajustable<br \/>\nZips de ventilation sous les bras<br \/>\nLaine m\u00e9rinos sur la peau<br \/>\n2 poches avant (optimis\u00e9es pour le sac \u00e0 dos)<br \/>\nPoignets \u00e9lastiques<br \/>\nOurlet \u00e9lastique<br \/>\nAthletic fit<\/p>\n<p>Caract\u00e9ristiques du mat\u00e9riau<br \/>\nMERINO NATURETEC LIGHT : coupe-vent, extr\u00eamement respirant, \u00e9lastique, r\u00e9sistant \u00e0 l\u2019abrasion, laine m\u00e9rinos sur la peau, sans PFC<br \/>\nSWISSWOOL : production durable, r\u00e9gulation de l\u2019humidit\u00e9 (r\u00e9chauffe m\u00eame mouill\u00e9e), rapport poids-isolation id\u00e9al (60 g\/m\u00b2), compacte<br \/>\nMAT\u00c9RIAU EXT\u00c9RIEUR TEC-STRETCH : \u00e9lastique, r\u00e9sistant \u00e0 l\u2019abrasion, d\u00e9perlant et coupe-vent<\/p>\n<p>MAT\u00c9RIAU PRINCIPAL 1 : 75 % polyamide + 18 % laine (MERINO OWP) + 7 % \u00e9lasthanne<br \/>\nMAT\u00c9RIAU PRINCIPAL 2 : 100 % polyamide REMBOURRAGE : 80 % laine vierge (Swisswool) + 20 % polylactide<br \/>\nDOUBLURE INT\u00c9RIEURE : 100 % polyamide<\/p>\n","protected":false},"excerpt":{"rendered":"<p>ISOLATION L\u00c9G\u00c8RE POUR LES ALPINISTES Veste softshell l\u00e9g\u00e8re et respirante avec isolation Swisswool pour les randonn\u00e9es \u00e0 ski exigeantes Points<\/p>\n","protected":false},"featured_media":37399,"template":"","meta":{"_seopress_robots_primary_cat":"none","_seopress_titles_title":"","_seopress_titles_desc":"","_seopress_robots_index":""},"product_brand":[3664],"product_cat":[81,981,1387],"product_tag":[],"class_list":{"0":"post-414132","1":"product","2":"type-product","3":"status-publish","4":"has-post-thumbnail","6":"product_brand-ortovox-fr","7":"product_cat-vetements","8":"product_cat-vetements-de-loisirs","9":"product_cat-vetements-pour-femmes","10":"sws-gruppo-abb-libero-fr","11":"sws-categoria-sito-fr","12":"sws-conto-ricavi-merci-rivendita-abbigliamento-fr","13":"sws-gruppo-iva-iva81-fr","15":"first","16":"instock","17":"sale","18":"shipping-taxable","19":"purchasable","20":"product-type-variable","21":"has-default-attributes"},"_links":{"self":[{"href":"https:\/\/lucacastelli.com\/fr\/wp-json\/wp\/v2\/product\/414132","targetHints":{"allow":["GET"]}}],"collection":[{"href":"https:\/\/lucacastelli.com\/fr\/wp-json\/wp\/v2\/product"}],"about":[{"href":"https:\/\/lucacastelli.com\/fr\/wp-json\/wp\/v2\/types\/product"}],"wp:featuredmedia":[{"embeddable":true,"href":"https:\/\/lucacastelli.com\/fr\/wp-json\/wp\/v2\/media\/37399"}],"wp:attachment":[{"href":"https:\/\/lucacastelli.com\/fr\/wp-json\/wp\/v2\/media?parent=414132"}],"wp:term":[{"taxonomy":"product_brand","embeddable":true,"href":"https:\/\/lucacastelli.com\/fr\/wp-json\/wp\/v2\/product_brand?post=414132"},{"taxonomy":"product_cat","embeddable":true,"href":"https:\/\/lucacastelli.com\/fr\/wp-json\/wp\/v2\/product_cat?post=414132"},{"taxonomy":"product_tag","embeddable":true,"href":"https:\/\/lucacastelli.com\/fr\/wp-json\/wp\/v2\/product_tag?post=414132"}],"curies":[{"name":"wp","href":"https:\/\/api.w.org\/{rel}","templated":true}]}}