{"id":414110,"date":"2024-08-09T07:54:21","date_gmt":"2024-08-09T05:54:21","guid":{"rendered":"https:\/\/lucacastelli.com\/prodotto\/ortovox-traverse-light-20-pierre-a-pierre\/"},"modified":"2025-06-29T02:08:48","modified_gmt":"2025-06-29T00:08:48","slug":"ortovox-traverse-light-20-pierre-a-pierre","status":"publish","type":"product","link":"https:\/\/lucacastelli.com\/fr\/produit\/ortovox-traverse-light-20-pierre-a-pierre\/","title":{"rendered":"ORTOVOX TRAVERSE LIGHT 20 pierre \u00e0 pierre"},"content":{"rendered":"<p>L\u00e9ger comme une plume<br \/>\nGrande libert\u00e9 de mouvement gr\u00e2ce \u00e0 la coupe ajust\u00e9e<br \/>\nCompressible malgr\u00e9 de nombreuses possibilit\u00e9s de<br \/>\nfixation Pour plus de durabilit\u00e9 ! Ce produit contient du polyamide recycl\u00e9<br \/>\nCe produit est climatiquement neutre. Il a \u00e9t\u00e9 produit de la mani\u00e8re la plus respectueuse de l\u2019environnement possible. Les \u00e9missions de CO2 in\u00e9vitables sont compens\u00e9es<br \/>\nLe sac \u00e0 dos alpin TRAVERSE LIGHT 20 ultra-l\u00e9ger, flexible et fonctionnel ne p\u00e8se que 410 grammes et est le compagnon id\u00e9al pour les ascensions rapides et longues.   <\/p>\n<p>Le sac \u00e0 dos peut \u00eatre compress\u00e9 avec les bretelles en un seul mouvement et s\u2019adapte au corps. Gr\u00e2ce aux sangles amovibles aux hanches et \u00e0 la poitrine, l\u2019ajustement est garanti m\u00eame lorsque le sac \u00e0 dos porte une charge lourde. Le AIRVENT BACK SYSTEM, avec un tissu en maille c\u00f4tel\u00e9e et une mousse perfor\u00e9e, assure une bonne circulation de l\u2019air et un haut niveau de confort, tandis que les bretelles ergonomiques et perm\u00e9ables \u00e0 l\u2019air r\u00e9partissent le poids uniform\u00e9ment sur le corps.  <\/p>\n<p>Toujours d\u2019un point de vue technique, le TRAVERSE LIGHT 20 se distingue par ses caract\u00e9ristiques. Alors que les trois poches sur les bretelles offrent de la place pour une bouteille d\u2019eau de 500 ml, un t\u00e9l\u00e9phone portable et un bar, les casques et les b\u00e2tons peuvent \u00eatre facilement fix\u00e9s au sac \u00e0 dos. Le mat\u00e9riau ext\u00e9rieur de ce sac \u00e0 dos pratique est en polyamide avec un contenu recycl\u00e9 de 72 % et est extr\u00eamement robuste et durable.<br \/>\nAcc\u00e8s au compartiment principal : sup\u00e9rieur Compartiment pour<br \/>\ncartes Fixation pour<br \/>\npoteaux Fixation pour casque Pr\u00e9disposition du syst\u00e8me d\u2019hydratation<\/p>\n<p>Porte-bouteille d\u2019eau<br \/>\n2 sangles de poitrine amovibles<br \/>\nSifflet de signalisation<br \/>\nCarte<br \/>\nd\u2019urgence<br \/>\nCeinture abdominale amovible Int\u00e9rieur lumineux<br \/>\nAIRVENT<br \/>\nBACK SYSTEM  <\/p>\n","protected":false},"excerpt":{"rendered":"<p>L\u00e9ger comme une plume Grande libert\u00e9 de mouvement gr\u00e2ce \u00e0 la coupe ajust\u00e9e Compressible malgr\u00e9 de nombreuses possibilit\u00e9s de fixation<\/p>\n","protected":false},"featured_media":37362,"template":"","meta":{"_seopress_robots_primary_cat":"","_seopress_titles_title":"","_seopress_titles_desc":"","_seopress_robots_index":""},"product_brand":[3280],"product_cat":[33,211,212],"product_tag":[],"class_list":{"0":"post-414110","1":"product","2":"type-product","3":"status-publish","4":"has-post-thumbnail","6":"product_brand-ortovox","7":"product_cat-attrezzature","8":"product_cat-attrezzatura-per-il-tempo-libero","9":"product_cat-altro","11":"first","12":"instock","13":"shipping-taxable","14":"purchasable","15":"product-type-simple"},"_links":{"self":[{"href":"https:\/\/lucacastelli.com\/fr\/wp-json\/wp\/v2\/product\/414110","targetHints":{"allow":["GET"]}}],"collection":[{"href":"https:\/\/lucacastelli.com\/fr\/wp-json\/wp\/v2\/product"}],"about":[{"href":"https:\/\/lucacastelli.com\/fr\/wp-json\/wp\/v2\/types\/product"}],"wp:featuredmedia":[{"embeddable":true,"href":"https:\/\/lucacastelli.com\/fr\/wp-json\/wp\/v2\/media\/37362"}],"wp:attachment":[{"href":"https:\/\/lucacastelli.com\/fr\/wp-json\/wp\/v2\/media?parent=414110"}],"wp:term":[{"taxonomy":"product_brand","embeddable":true,"href":"https:\/\/lucacastelli.com\/fr\/wp-json\/wp\/v2\/product_brand?post=414110"},{"taxonomy":"product_cat","embeddable":true,"href":"https:\/\/lucacastelli.com\/fr\/wp-json\/wp\/v2\/product_cat?post=414110"},{"taxonomy":"product_tag","embeddable":true,"href":"https:\/\/lucacastelli.com\/fr\/wp-json\/wp\/v2\/product_tag?post=414110"}],"curies":[{"name":"wp","href":"https:\/\/api.w.org\/{rel}","templated":true}]}}