{"id":414100,"date":"2024-04-03T13:07:29","date_gmt":"2024-04-03T11:07:29","guid":{"rendered":"https:\/\/lucacastelli.com\/prodotto\/ortovox-traverse-30-noir-corbeau\/"},"modified":"2025-06-29T02:08:45","modified_gmt":"2025-06-29T00:08:45","slug":"ortovox-traverse-30-noir-corbeau","status":"publish","type":"product","link":"https:\/\/lucacastelli.com\/fr\/produit\/ortovox-traverse-30-noir-corbeau\/","title":{"rendered":"ORTOVOX TRAVERSE 30 noir corbeau"},"content":{"rendered":"<p>SAC \u00c0 DOS DE MONTAGNE POLYVALENT, FONCTIONNEL ET CONFORTABLE POUR TOUTE L\u2019ANN\u00c9E<\/p>\n<p>POINTS FORTS R\u00e9partition optimale<br \/>\nde la charge<br \/>\nSyst\u00e8me dorsal confortable et bien ventil\u00e9<br \/>\nRobuste et durable gr\u00e2ce au polyamide recycl\u00e9<\/p>\n<p>Les sacs \u00e0 dos TRAVERSE sont con\u00e7us pour \u00eatre utilis\u00e9s toute l\u2019ann\u00e9e sur les petits et grands sommets, le TRAVERSE 30 \u00e9tant utilis\u00e9 pour des randonn\u00e9es prolong\u00e9es d\u2019une journ\u00e9e ou de plusieurs jours.<\/p>\n<p>Un syst\u00e8me dorsal correctement ventil\u00e9 et une bonne r\u00e9partition de la charge sont particuli\u00e8rement importants pour les sacs \u00e0 dos. Gr\u00e2ce au tissu en maille c\u00f4tel\u00e9e et \u00e0 la mousse perfor\u00e9e des coussinets dorsaux, le syst\u00e8me dorsal Comfort Contact offre une grande circulation de l\u2019air et un confort accru pendant le transport. Les bretelles de forme ergonomique et la large ceinture abdominale r\u00e9partissent le poids uniform\u00e9ment sur les surfaces de contact.  <\/p>\n<p>Le TRAVERSE 30 a \u00e9galement beaucoup \u00e0 offrir sur le plan technique : son compartiment principal avec plusieurs compartiments suppl\u00e9mentaires offre suffisamment d\u2019espace pour l\u2019\u00e9quipement, tandis que les petits objets peuvent \u00eatre rapidement rang\u00e9s dans le compartiment coulissant \u00e0 l\u2019avant. Une bouteille d\u2019eau est toujours \u00e0 port\u00e9e de main dans les compartiments lat\u00e9raux \u00e9lastiques. Le filet de casque int\u00e9gr\u00e9, les boucles d\u2019\u00e9quipement \u00e0 l\u2019extr\u00e9mit\u00e9 des bretelles et la fixation des b\u00e2tons font du TRAVERSE 30 le compagnon id\u00e9al pour les terrains alpins. D\u2019autres caract\u00e9ristiques telles que la pr\u00e9paration du syst\u00e8me d\u2019hydratation, la housse de pluie, la poche de hanche et le porte-lunettes de soleil sur les bretelles compl\u00e8tent ce sac \u00e0 dos polyvalent.   <\/p>\n<p>En termes de durabilit\u00e9, le mat\u00e9riau ext\u00e9rieur est d\u00e9sormais compos\u00e9 \u00e0 72 % de polyamide recycl\u00e9, ce qui rend le TRAVERSE 30 extr\u00eamement robuste et minimise son empreinte \u00e9cologique. Le TRAVERSE 30 est donc le compagnon id\u00e9al pour les aventures en montagne en \u00e9t\u00e9 comme en hiver. <\/p>\n<p>CARACT\u00c9RISTIQUES<br \/>\nDU PRODUIT Sac avec filet de casque int\u00e9gr\u00e9<br \/>\nBoucles de mat\u00e9riau sur la bandouli\u00e8re<br \/>\nSangle de poitrine avec sifflet de signalisation<br \/>\nFixation pour poteaux<br \/>\nde filet<br \/>\nde casque Sangles de compression<br \/>\nPoche sur la hanche<br \/>\nPorte-bouteille interne<br \/>\nPr\u00e9paration pour syst\u00e8me d\u2019hydratation<br \/>\nCarte d\u2019urgence<br \/>\nHousse de pluie incluse Porte-cl\u00e9s<br \/>\nFermeture<br \/>\n\u00e9clair sur tout le pourtour<\/p>\n<p>MAT\u00c9RIAU<br \/>\nROBIC polyamide 210 D : 72 % polyamide recycl\u00e9 + 28 % polyamide pur<\/p>\n","protected":false},"excerpt":{"rendered":"<p>SAC \u00c0 DOS DE MONTAGNE POLYVALENT, FONCTIONNEL ET CONFORTABLE POUR TOUTE L\u2019ANN\u00c9E POINTS FORTS R\u00e9partition optimale de la charge Syst\u00e8me<\/p>\n","protected":false},"featured_media":37345,"template":"","meta":{"_seopress_robots_primary_cat":"","_seopress_titles_title":"","_seopress_titles_desc":"","_seopress_robots_index":""},"product_brand":[3664],"product_cat":[1390,81],"product_tag":[],"class_list":{"0":"post-414100","1":"product","2":"type-product","3":"status-publish","4":"has-post-thumbnail","6":"product_brand-ortovox-fr","7":"product_cat-accessoires-dhabillement","8":"product_cat-vetements","10":"first","11":"instock","12":"shipping-taxable","13":"purchasable","14":"product-type-simple"},"_links":{"self":[{"href":"https:\/\/lucacastelli.com\/fr\/wp-json\/wp\/v2\/product\/414100","targetHints":{"allow":["GET"]}}],"collection":[{"href":"https:\/\/lucacastelli.com\/fr\/wp-json\/wp\/v2\/product"}],"about":[{"href":"https:\/\/lucacastelli.com\/fr\/wp-json\/wp\/v2\/types\/product"}],"wp:featuredmedia":[{"embeddable":true,"href":"https:\/\/lucacastelli.com\/fr\/wp-json\/wp\/v2\/media\/37345"}],"wp:attachment":[{"href":"https:\/\/lucacastelli.com\/fr\/wp-json\/wp\/v2\/media?parent=414100"}],"wp:term":[{"taxonomy":"product_brand","embeddable":true,"href":"https:\/\/lucacastelli.com\/fr\/wp-json\/wp\/v2\/product_brand?post=414100"},{"taxonomy":"product_cat","embeddable":true,"href":"https:\/\/lucacastelli.com\/fr\/wp-json\/wp\/v2\/product_cat?post=414100"},{"taxonomy":"product_tag","embeddable":true,"href":"https:\/\/lucacastelli.com\/fr\/wp-json\/wp\/v2\/product_tag?post=414100"}],"curies":[{"name":"wp","href":"https:\/\/api.w.org\/{rel}","templated":true}]}}