{"id":414095,"date":"2024-04-03T17:17:35","date_gmt":"2024-04-03T15:17:35","guid":{"rendered":"https:\/\/lucacastelli.com\/prodotto\/sweat-a-capuche-cotele-polaire-ortovox-w\/"},"modified":"2026-04-17T23:47:04","modified_gmt":"2026-04-17T21:47:04","slug":"sweat-a-capuche-cotele-polaire-ortovox-w","status":"publish","type":"product","link":"https:\/\/lucacastelli.com\/fr\/produit\/sweat-a-capuche-cotele-polaire-ortovox-w\/","title":{"rendered":"ORTOVOX FLEECE RIB HOODY W"},"content":{"rendered":"<p>POLAIRE TECHNIQUE ET ROBUSTE POUR L&#8217;ESCALADE, POUR LES JOURN\u00c9ES SUR LE ROCHER<\/p>\n<p>CARACT\u00c9RISTIQUES PRINCIPALES<br \/>\n&#8211; Coupe et caract\u00e9ristiques sp\u00e9cialement con\u00e7ues pour les grimpeurs<br \/>\n&#8211; Le m\u00e9lange intelligent de mat\u00e9riaux combine respirabilit\u00e9 et r\u00e9sistance \u00e0 l&#8217;abrasion<br \/>\n&#8211; Niveau de confort \u00e9lev\u00e9 gr\u00e2ce \u00e0 la laine m\u00e9rinos sur la peau<\/p>\n<p>Fiable, robuste et respirante : de la premi\u00e8re grande voie \u00e0 Arco au big wall de Yosemite, la FLEECE RIB HOODY pour femme est dans son \u00e9l\u00e9ment.<\/p>\n<p>Les inserts robustes en MERINO SHIELD TEC prot\u00e8gent les zones particuli\u00e8rement expos\u00e9es, comme les avant-bras et les hanches, des abrasions caus\u00e9es par les rochers tranchants et le baudrier. La coupe avec zone axillaire \u00e9tendue offre une grande libert\u00e9 de mouvement m\u00eame dans les mouvements les plus longs. <\/p>\n<p>La fine structure \u00e0 canaux \u00e0 l&#8217;int\u00e9rieur du mat\u00e9riau MERINO FLEECE RIB extensible garantit une ventilation agr\u00e9able, tout en offrant d&#8217;excellentes propri\u00e9t\u00e9s isolantes. La laine m\u00e9rinos douce a \u00e9galement un effet r\u00e9gulateur d&#8217;humidit\u00e9 et de temp\u00e9rature et inhibe les odeurs sur la peau. <\/p>\n<p>La polaire peut \u00eatre enfil\u00e9e rapidement et facilement par-dessus le baudrier d&#8217;escalade gr\u00e2ce \u00e0 la fermeture \u00e9clair frontale \u00e0 2 voies. La capuche pr\u00e9r\u00e9gl\u00e9e offre une protection fiable contre le vent et s&#8217;adapte bien m\u00eame sous le casque. <\/p>\n<p>Con\u00e7ue pour les parois abruptes et les longues voies : la polyvalente FLEECE RIB HOODY pour femme est un incontournable pour l&#8217;utilisation sur le rocher.<\/p>\n<p>CARACT\u00c9RISTIQUES DU PRODUIT<br \/>\nCapuche protectrice<br \/>\nCol haut<br \/>\n2 poches avant<br \/>\nFermeture \u00e9clair frontale \u00e0 2 voies<br \/>\nCoupe r\u00e9guli\u00e8re<\/p>\n<p>PROPRI\u00c9T\u00c9S DES MAT\u00c9RIAUX<br \/>\nMERINO FLEECE RIB : laine m\u00e9rinos pr\u00e8s de la peau, structure \u00e0 canaux \u00e0 l&#8217;int\u00e9rieur (assure la ventilation et pr\u00e9sente d&#8217;excellentes propri\u00e9t\u00e9s isolantes), respirabilit\u00e9 \u00e9lev\u00e9e, grande capacit\u00e9 d&#8217;\u00e9tirement, r\u00e9gulation de l&#8217;humidit\u00e9<br \/>\nMERINO SHIELD TEC : laine m\u00e9rinos sur la peau, r\u00e9sistance \u00e9lev\u00e9e \u00e0 l&#8217;abrasion (&gt; 50 000 cycles d&#8217;abrasion au test Martindale), d\u00e9perlant au vent, mat\u00e9riau extensible 4 voies, l\u00e9ger et \u00e0 s\u00e9chage rapide.<\/p>\n<p>MAT\u00c9RIAU<br \/>\nMAT\u00c9RIAU PRINCIPAL 1 : 66 % polyester (recycl\u00e9) + 21 % laine (OWP-MERINO) + 8 % \u00e9lasthanne + 5 % polyamide (recycl\u00e9) MAT\u00c9RIAU PRINCIPAL 2 : 74 % polyamide + 15 % laine (OWP-MERINO) + 11 % \u00e9lasthanne<br \/>\nPolyamide recycl\u00e9<\/p>\n","protected":false},"excerpt":{"rendered":"<p>POLAIRE TECHNIQUE ET ROBUSTE POUR L&#8217;ESCALADE, POUR LES JOURN\u00c9ES SUR LE ROCHER CARACT\u00c9RISTIQUES PRINCIPALES &#8211; Coupe et caract\u00e9ristiques sp\u00e9cialement con\u00e7ues<\/p>\n","protected":false},"featured_media":37354,"template":"","meta":{"_seopress_robots_primary_cat":"none","_seopress_titles_title":"","_seopress_titles_desc":"","_seopress_robots_index":""},"product_brand":[3664],"product_cat":[81,981,1387],"product_tag":[],"class_list":{"0":"post-414095","1":"product","2":"type-product","3":"status-publish","4":"has-post-thumbnail","6":"product_brand-ortovox-fr","7":"product_cat-vetements","8":"product_cat-vetements-de-loisirs","9":"product_cat-vetements-pour-femmes","11":"first","12":"instock","13":"shipping-taxable","14":"purchasable","15":"product-type-variable"},"_links":{"self":[{"href":"https:\/\/lucacastelli.com\/fr\/wp-json\/wp\/v2\/product\/414095","targetHints":{"allow":["GET"]}}],"collection":[{"href":"https:\/\/lucacastelli.com\/fr\/wp-json\/wp\/v2\/product"}],"about":[{"href":"https:\/\/lucacastelli.com\/fr\/wp-json\/wp\/v2\/types\/product"}],"wp:featuredmedia":[{"embeddable":true,"href":"https:\/\/lucacastelli.com\/fr\/wp-json\/wp\/v2\/media\/37354"}],"wp:attachment":[{"href":"https:\/\/lucacastelli.com\/fr\/wp-json\/wp\/v2\/media?parent=414095"}],"wp:term":[{"taxonomy":"product_brand","embeddable":true,"href":"https:\/\/lucacastelli.com\/fr\/wp-json\/wp\/v2\/product_brand?post=414095"},{"taxonomy":"product_cat","embeddable":true,"href":"https:\/\/lucacastelli.com\/fr\/wp-json\/wp\/v2\/product_cat?post=414095"},{"taxonomy":"product_tag","embeddable":true,"href":"https:\/\/lucacastelli.com\/fr\/wp-json\/wp\/v2\/product_tag?post=414095"}],"curies":[{"name":"wp","href":"https:\/\/api.w.org\/{rel}","templated":true}]}}