{"id":414073,"date":"2024-04-01T13:22:47","date_gmt":"2024-04-01T11:22:47","guid":{"rendered":"https:\/\/lucacastelli.com\/prodotto\/ortovox-logo-flex-cap-noir-corbeau\/"},"modified":"2025-06-29T02:08:30","modified_gmt":"2025-06-29T00:08:30","slug":"ortovox-logo-flex-cap-noir-corbeau","status":"publish","type":"product","link":"https:\/\/lucacastelli.com\/fr\/produit\/ortovox-logo-flex-cap-noir-corbeau\/","title":{"rendered":"ORTOVOX LOGO FLEX CAP &#8211; noir corbeau"},"content":{"rendered":"<p>CASQUETTE \u00c0 VISI\u00c8RE D\u00c9CONTRACT\u00c9E ET ROBUSTE POUR LES JOURN\u00c9ES CHAUDES EN MONTAGNE<\/p>\n<p>POINTS FORTS Confortable<br \/>\n\u00e0 porter<br \/>\nProduction climatiquement neutre<br \/>\nRobuste et durable<\/p>\n<p>Que ce soit au sommet, dans la cabane ou dans le glacier, le LOGO FLEX CAP attire tous les regards et garantit une apparence \u00e9l\u00e9gante. Ce bonnet durable avec protection solaire et logo brod\u00e9 repose toujours confortablement sur votre t\u00eate gr\u00e2ce au col int\u00e9rieur en m\u00e9rinos doux et r\u00e9gulateur d\u2019humidit\u00e9. Un insert en maille sur la nuque assure une t\u00eate fra\u00eeche m\u00eame par temps chaud. Le compagnon id\u00e9al pour la montagne et la vall\u00e9e !   <\/p>\n<p>MAT\u00c9RIAU PRINCIPAL<br \/>\n: 94&nbsp;% polyamide + 6&nbsp;% \u00e9lasthanne ; DOUBLURE : 85&nbsp;% laine vierge (M\u00c9RINOS) + 15&nbsp;% polyamide<\/p>\n","protected":false},"excerpt":{"rendered":"<p>CASQUETTE \u00c0 VISI\u00c8RE D\u00c9CONTRACT\u00c9E ET ROBUSTE POUR LES JOURN\u00c9ES CHAUDES EN MONTAGNE POINTS FORTS Confortable \u00e0 porter Production climatiquement neutre<\/p>\n","protected":false},"featured_media":37331,"template":"","meta":{"_seopress_robots_primary_cat":"","_seopress_titles_title":"","_seopress_titles_desc":"","_seopress_robots_index":""},"product_brand":[3664],"product_cat":[1390,81],"product_tag":[],"class_list":{"0":"post-414073","1":"product","2":"type-product","3":"status-publish","4":"has-post-thumbnail","6":"product_brand-ortovox-fr","7":"product_cat-accessoires-dhabillement","8":"product_cat-vetements","10":"first","11":"instock","12":"shipping-taxable","13":"purchasable","14":"product-type-simple"},"_links":{"self":[{"href":"https:\/\/lucacastelli.com\/fr\/wp-json\/wp\/v2\/product\/414073","targetHints":{"allow":["GET"]}}],"collection":[{"href":"https:\/\/lucacastelli.com\/fr\/wp-json\/wp\/v2\/product"}],"about":[{"href":"https:\/\/lucacastelli.com\/fr\/wp-json\/wp\/v2\/types\/product"}],"wp:featuredmedia":[{"embeddable":true,"href":"https:\/\/lucacastelli.com\/fr\/wp-json\/wp\/v2\/media\/37331"}],"wp:attachment":[{"href":"https:\/\/lucacastelli.com\/fr\/wp-json\/wp\/v2\/media?parent=414073"}],"wp:term":[{"taxonomy":"product_brand","embeddable":true,"href":"https:\/\/lucacastelli.com\/fr\/wp-json\/wp\/v2\/product_brand?post=414073"},{"taxonomy":"product_cat","embeddable":true,"href":"https:\/\/lucacastelli.com\/fr\/wp-json\/wp\/v2\/product_cat?post=414073"},{"taxonomy":"product_tag","embeddable":true,"href":"https:\/\/lucacastelli.com\/fr\/wp-json\/wp\/v2\/product_tag?post=414073"}],"curies":[{"name":"wp","href":"https:\/\/api.w.org\/{rel}","templated":true}]}}