{"id":414069,"date":"2024-04-01T12:55:28","date_gmt":"2024-04-01T10:55:28","guid":{"rendered":"https:\/\/lucacastelli.com\/prodotto\/ortovox-alpine-mid-chaussettes-w\/"},"modified":"2025-06-29T02:08:28","modified_gmt":"2025-06-29T00:08:28","slug":"ortovox-alpine-mid-chaussettes-w","status":"publish","type":"product","link":"https:\/\/lucacastelli.com\/fr\/produit\/ortovox-alpine-mid-chaussettes-w\/","title":{"rendered":"ORTOVOX ALPINE MID CHAUSSETTES W"},"content":{"rendered":"<p>CARACT\u00c9RISTIQUES PRINCIPALES<br \/>\nRobuste et absorbant les<br \/>\nchocs Respirant, r\u00e9sistant aux odeurs et \u00e0 s\u00e9chage<br \/>\nrapide La coupe infroissable \u00e9vite les ampoules<\/p>\n<p>L\u2019\u00e9t\u00e9, le soleil, le soleil : les ALPINE MID SOCKS pour femme sont un must-have pour les longues randonn\u00e9es en montagne par temps estival. Le m\u00e9lange de mat\u00e9riaux robuste avec de la laine m\u00e9rinos r\u00e9gulatrice du climat et inhibitrice des odeurs est \u00e9quip\u00e9 d\u2019un syst\u00e8me de maille qui assure une ventilation optimale. Pour que le pied soit non seulement bien ventil\u00e9, mais aussi prot\u00e9g\u00e9 de mani\u00e8re optimale, les renforts en mat\u00e9riaux dans les zones sensibles offrent un amorti suppl\u00e9mentaire et prot\u00e8gent contre les abrasions. Gr\u00e2ce \u00e0 la bande de confort \u00e0 la taille, \u00e0 l\u2019ajustement ergonomique droite\/gauche et \u00e0 la zone de stabilisation sp\u00e9ciale autour de la cheville, le glissement g\u00eanant de la mi-bas appartient au pass\u00e9. Le mat\u00e9riau doux et \u00e9lastique emp\u00eache les plis et, avec les coutures plates, \u00e9vite les ampoules et les points de pression d\u00e9sagr\u00e9ables. Cela fait des ALPINE MID SOCKS le compagnon id\u00e9al pour les longues randonn\u00e9es lors des chaudes journ\u00e9es d\u2019\u00e9t\u00e9.     <\/p>\n<p>MATI\u00c8RE<br \/>\n46 % polyamide + 39 % laine vierge (M\u00c9RINOS) + 11 % polyamide (recycl\u00e9) + 4 % \u00e9lasthanne<\/p>\n","protected":false},"excerpt":{"rendered":"<p>CARACT\u00c9RISTIQUES PRINCIPALES Robuste et absorbant les chocs Respirant, r\u00e9sistant aux odeurs et \u00e0 s\u00e9chage rapide La coupe infroissable \u00e9vite les<\/p>\n","protected":false},"featured_media":37314,"template":"","meta":{"_seopress_robots_primary_cat":"","_seopress_titles_title":"","_seopress_titles_desc":"","_seopress_robots_index":""},"product_brand":[3664],"product_cat":[173,1399],"product_tag":[],"class_list":{"0":"post-414069","1":"product","2":"type-product","3":"status-publish","4":"has-post-thumbnail","6":"product_brand-ortovox-fr","7":"product_cat-chaussures","8":"product_cat-accessoires-pour-chaussures","10":"first","11":"instock","12":"shipping-taxable","13":"purchasable","14":"product-type-variable"},"_links":{"self":[{"href":"https:\/\/lucacastelli.com\/fr\/wp-json\/wp\/v2\/product\/414069","targetHints":{"allow":["GET"]}}],"collection":[{"href":"https:\/\/lucacastelli.com\/fr\/wp-json\/wp\/v2\/product"}],"about":[{"href":"https:\/\/lucacastelli.com\/fr\/wp-json\/wp\/v2\/types\/product"}],"wp:featuredmedia":[{"embeddable":true,"href":"https:\/\/lucacastelli.com\/fr\/wp-json\/wp\/v2\/media\/37314"}],"wp:attachment":[{"href":"https:\/\/lucacastelli.com\/fr\/wp-json\/wp\/v2\/media?parent=414069"}],"wp:term":[{"taxonomy":"product_brand","embeddable":true,"href":"https:\/\/lucacastelli.com\/fr\/wp-json\/wp\/v2\/product_brand?post=414069"},{"taxonomy":"product_cat","embeddable":true,"href":"https:\/\/lucacastelli.com\/fr\/wp-json\/wp\/v2\/product_cat?post=414069"},{"taxonomy":"product_tag","embeddable":true,"href":"https:\/\/lucacastelli.com\/fr\/wp-json\/wp\/v2\/product_tag?post=414069"}],"curies":[{"name":"wp","href":"https:\/\/api.w.org\/{rel}","templated":true}]}}