{"id":414065,"date":"2024-04-01T12:05:01","date_gmt":"2024-04-01T10:05:01","guid":{"rendered":"https:\/\/lucacastelli.com\/prodotto\/ortovox-150-cool-vintage-badge-ts-w\/"},"modified":"2026-04-17T23:49:47","modified_gmt":"2026-04-17T21:49:47","slug":"ortovox-150-cool-vintage-badge-ts-w","status":"publish","type":"product","link":"https:\/\/lucacastelli.com\/fr\/produit\/ortovox-150-cool-vintage-badge-ts-w\/","title":{"rendered":"ORTOVOX 150 COOL VINTAGE BADGE TS W"},"content":{"rendered":"<p>T-SHIRT ROBUSTE ET RAFRA\u00ceCHISSANT EN LAINE M\u00c9RINOS<\/p>\n<p>CARACT\u00c9RISTIQUES PRINCIPALES<br \/>\n&#8211; R\u00e9gulation thermique optimale gr\u00e2ce \u00e0 la laine m\u00e9rinos<br \/>\n&#8211; Effet rafra\u00eechissant gr\u00e2ce au TENCEL\u2122 Lyocell<br \/>\n&#8211; Processus de production innovant pour une \u00ab r\u00e9sistance aux d\u00e9chirures et \u00e0 l\u2019abrasion \u00bb.<\/p>\n<p>Robuste et rafra\u00eechissant : le 150 COOL VINTAGE BADGE T-SHIRT pour femme combine deux fibres naturelles aux propri\u00e9t\u00e9s optimales pour les randonn\u00e9es estivales.<\/p>\n<p>La laine m\u00e9rinos, agr\u00e9ablement douce, r\u00e9gule la temp\u00e9rature et l\u2019humidit\u00e9, tandis que la fibre de cellulose TENCEL\u2122 Lyocell, produite de mani\u00e8re durable, vous garde au frais par temps chaud gr\u00e2ce \u00e0 sa surface lisse et \u00e0 l\u2019\u00e9vaporation associ\u00e9e. Les deux mati\u00e8res premi\u00e8res renouvelables sont combin\u00e9es avec la technologie BETASPUN. Les filaments de polyamide sont g\u00e9n\u00e9reusement enroul\u00e9s autour d\u2019un noyau de laine m\u00e9rinos et de Tencel\u2122 Lyocell, rendant le tissu particuli\u00e8rement robuste et r\u00e9sistant aux d\u00e9chirures et \u00e0 l\u2019abrasion.  <\/p>\n<p>Inspir\u00e9 par la nature, con\u00e7u pour les sports de montagne.<\/p>\n<p>PROPRI\u00c9T\u00c9S DU MAT\u00c9RIAU<br \/>\n150 MERINO COOL : r\u00e9sistant, technologie BETASPUN de \u00a9 S\u00fcdwolle Group (pour une robustesse et une r\u00e9sistance aux d\u00e9chirures accrues), TENCEL\u2122 Lyocell (fibre naturelle produite de mani\u00e8re durable), laine m\u00e9rinos (r\u00e9gulation de la temp\u00e9rature et de l\u2019humidit\u00e9).<\/p>\n<p>MAT\u00c9RIAU<br \/>\n44 % laine vierge (OWP-MERINO) + 43 % lyocell (TENCEL\u2122) + 13 % polyamide<\/p>\n","protected":false},"excerpt":{"rendered":"<p>T-SHIRT ROBUSTE ET RAFRA\u00ceCHISSANT EN LAINE M\u00c9RINOS CARACT\u00c9RISTIQUES PRINCIPALES &#8211; R\u00e9gulation thermique optimale gr\u00e2ce \u00e0 la laine m\u00e9rinos &#8211; Effet<\/p>\n","protected":false},"featured_media":37299,"template":"","meta":{"_seopress_robots_primary_cat":"none","_seopress_titles_title":"","_seopress_titles_desc":"","_seopress_robots_index":""},"product_brand":[3664],"product_cat":[81,981,1387],"product_tag":[],"class_list":{"0":"post-414065","1":"product","2":"type-product","3":"status-publish","4":"has-post-thumbnail","6":"product_brand-ortovox-fr","7":"product_cat-vetements","8":"product_cat-vetements-de-loisirs","9":"product_cat-vetements-pour-femmes","11":"first","12":"instock","13":"shipping-taxable","14":"purchasable","15":"product-type-variable"},"_links":{"self":[{"href":"https:\/\/lucacastelli.com\/fr\/wp-json\/wp\/v2\/product\/414065","targetHints":{"allow":["GET"]}}],"collection":[{"href":"https:\/\/lucacastelli.com\/fr\/wp-json\/wp\/v2\/product"}],"about":[{"href":"https:\/\/lucacastelli.com\/fr\/wp-json\/wp\/v2\/types\/product"}],"wp:featuredmedia":[{"embeddable":true,"href":"https:\/\/lucacastelli.com\/fr\/wp-json\/wp\/v2\/media\/37299"}],"wp:attachment":[{"href":"https:\/\/lucacastelli.com\/fr\/wp-json\/wp\/v2\/media?parent=414065"}],"wp:term":[{"taxonomy":"product_brand","embeddable":true,"href":"https:\/\/lucacastelli.com\/fr\/wp-json\/wp\/v2\/product_brand?post=414065"},{"taxonomy":"product_cat","embeddable":true,"href":"https:\/\/lucacastelli.com\/fr\/wp-json\/wp\/v2\/product_cat?post=414065"},{"taxonomy":"product_tag","embeddable":true,"href":"https:\/\/lucacastelli.com\/fr\/wp-json\/wp\/v2\/product_tag?post=414065"}],"curies":[{"name":"wp","href":"https:\/\/api.w.org\/{rel}","templated":true}]}}