{"id":414039,"date":"2024-04-01T12:17:29","date_gmt":"2024-04-01T10:17:29","guid":{"rendered":"https:\/\/lucacastelli.com\/prodotto\/ortovox-150-cool-mtn-protector-ts-w\/"},"modified":"2026-04-17T23:46:44","modified_gmt":"2026-04-17T21:46:44","slug":"ortovox-150-cool-mtn-protector-ts-w","status":"publish","type":"product","link":"https:\/\/lucacastelli.com\/fr\/produit\/ortovox-150-cool-mtn-protector-ts-w\/","title":{"rendered":"ORTOVOX 150 COOL MTN PROTECTOR TS W"},"content":{"rendered":"<p>T-SHIRT EN M\u00c9RINOS CONFORTABLE ET R\u00c9SISTANTE AVEC EFFET RAFRA\u00ceCHISSANT POUR LES RANDONN\u00c9ES ALPINES<\/p>\n<p>CARACT\u00c9RISTIQUES PRINCIPALES<br \/>\nR\u00e9gulation de la temp\u00e9rature et de l&#8217;humidit\u00e9<br \/>\nEffet rafra\u00eechissant gr\u00e2ce au Tencel\u2122 Lyocell<br \/>\nDurable et robuste<\/p>\n<p>Rafra\u00eechissement puissant, robuste et durable : gr\u00e2ce au fil r\u00e9sistant et \u00e0 l&#8217;effet naturellement rafra\u00eechissant du Tencel\u2122, la ligne 150 MERINO COOL pour femme est id\u00e9ale pour les chaudes journ\u00e9es d&#8217;\u00e9t\u00e9 en montagne.<\/p>\n<p>La technologie BETA-SPUN conf\u00e8re au T-SHIRT 150 COOL MTN PROTECTOR la stabilit\u00e9 n\u00e9cessaire : la coque protectrice en polyamide rend le tissu plus r\u00e9sistant \u00e0 l&#8217;abrasion et aux d\u00e9chirures. Parall\u00e8lement, les fibres m\u00e9rinos de qualit\u00e9 offrent un confort in\u00e9gal\u00e9 et garantissent un climat corporel optimal, tandis que les fibres Tencel\u2122 maintiennent la fra\u00eecheur par temps chaud gr\u00e2ce \u00e0 leur surface lisse et leur taux d&#8217;\u00e9vaporation \u00e9lev\u00e9. <\/p>\n<p>Le T-SHIRT 150 COOL MTN PROTECTOR pour femme est donc le compagnon parfait, surtout lors des chaudes journ\u00e9es d&#8217;\u00e9t\u00e9.<\/p>\n<p>PROPRI\u00c9T\u00c9S DU MAT\u00c9RIAU<br \/>\n150 MERINO COOL : durable, technologie BETASPUN de \u00a9 S\u00fcdwolle Group (pour une plus grande robustesse et r\u00e9sistance aux d\u00e9chirures), TENCEL\u2122 Lyocell (fibre naturelle produite de mani\u00e8re durable), laine m\u00e9rinos (r\u00e9gulation de la temp\u00e9rature et de l&#8217;humidit\u00e9).<\/p>\n","protected":false},"excerpt":{"rendered":"<p>T-SHIRT EN M\u00c9RINOS CONFORTABLE ET R\u00c9SISTANTE AVEC EFFET RAFRA\u00ceCHISSANT POUR LES RANDONN\u00c9ES ALPINES CARACT\u00c9RISTIQUES PRINCIPALES R\u00e9gulation de la temp\u00e9rature et<\/p>\n","protected":false},"featured_media":37307,"template":"","meta":{"_seopress_robots_primary_cat":"none","_seopress_titles_title":"","_seopress_titles_desc":"","_seopress_robots_index":""},"product_brand":[3664],"product_cat":[81,981,1387],"product_tag":[],"class_list":{"0":"post-414039","1":"product","2":"type-product","3":"status-publish","4":"has-post-thumbnail","6":"product_brand-ortovox-fr","7":"product_cat-vetements","8":"product_cat-vetements-de-loisirs","9":"product_cat-vetements-pour-femmes","11":"first","12":"instock","13":"shipping-taxable","14":"purchasable","15":"product-type-variable"},"_links":{"self":[{"href":"https:\/\/lucacastelli.com\/fr\/wp-json\/wp\/v2\/product\/414039","targetHints":{"allow":["GET"]}}],"collection":[{"href":"https:\/\/lucacastelli.com\/fr\/wp-json\/wp\/v2\/product"}],"about":[{"href":"https:\/\/lucacastelli.com\/fr\/wp-json\/wp\/v2\/types\/product"}],"wp:featuredmedia":[{"embeddable":true,"href":"https:\/\/lucacastelli.com\/fr\/wp-json\/wp\/v2\/media\/37307"}],"wp:attachment":[{"href":"https:\/\/lucacastelli.com\/fr\/wp-json\/wp\/v2\/media?parent=414039"}],"wp:term":[{"taxonomy":"product_brand","embeddable":true,"href":"https:\/\/lucacastelli.com\/fr\/wp-json\/wp\/v2\/product_brand?post=414039"},{"taxonomy":"product_cat","embeddable":true,"href":"https:\/\/lucacastelli.com\/fr\/wp-json\/wp\/v2\/product_cat?post=414039"},{"taxonomy":"product_tag","embeddable":true,"href":"https:\/\/lucacastelli.com\/fr\/wp-json\/wp\/v2\/product_tag?post=414039"}],"curies":[{"name":"wp","href":"https:\/\/api.w.org\/{rel}","templated":true}]}}