{"id":414034,"date":"2024-04-01T11:50:22","date_gmt":"2024-04-01T09:50:22","guid":{"rendered":"https:\/\/lucacastelli.com\/prodotto\/ortovox-120-tec-t-shirt-w\/"},"modified":"2025-08-05T13:46:55","modified_gmt":"2025-08-05T11:46:55","slug":"ortovox-120-tec-t-shirt-w","status":"publish","type":"product","link":"https:\/\/lucacastelli.com\/fr\/produit\/ortovox-120-tec-t-shirt-w\/","title":{"rendered":"ORTOVOX 120 TEC T-SHIRT W"},"content":{"rendered":"<p>CARACT\u00c9RISTIQUES PRINCIPALES<br \/>\nL\u00e9ger et \u00e0 s\u00e9chage<br \/>\nrapide Solide et durable<br \/>\nR\u00e9gulation de l\u2019humidit\u00e9 et de la temp\u00e9rature<\/p>\n<p>L\u2019\u00e9t\u00e9 alpin vous appelle&nbsp;! Avec son look asym\u00e9trique, la ligne 120 MERINO TEC est pr\u00eate \u00e0 affronter les sommets accident\u00e9s et les parois abruptes. <\/p>\n<p>Gr\u00e2ce \u00e0 sa coupe athl\u00e9tique et ajust\u00e9e, le 120 TEC T-SHIRT pour femme offre une libert\u00e9 de mouvement maximale, quelle que soit la difficult\u00e9 de voyager. Cependant, ce t-shirt d\u00e9contract\u00e9 pour femme ne fait pas seulement bonne figure lors de l\u2019escalade, mais vous accompagne \u00e9galement dans toutes les aventures alpines en montagne. La ligne 120 TEC T-SHIRT est donc parfaite pour votre \u00e9t\u00e9 alpin.  <\/p>\n<p>La construction \u00e9prouv\u00e9e du fil assure la stabilit\u00e9 et la protection contre l\u2019abrasion n\u00e9cessaires : Gr\u00e2ce \u00e0 la TECHNOLOGIE CORESPUN DE \u00a9 S\u00dcDWOLLE GROUP, le tissu est particuli\u00e8rement l\u00e9ger mais durable. Dans ce processus de filage, des fibres m\u00e9rinos de Tasmanie d\u2019un diam\u00e8tre d\u00e9licat de 17,5 microns sont fil\u00e9es autour d\u2019un noyau de filaments de polyamide. Le r\u00e9sultat est un fil qui peut \u00eatre utilis\u00e9 pour produire des tissus fins, l\u00e9gers et \u00e9lastiques, mais en m\u00eame temps extr\u00eamement solides et stables. La laine de Tasmanie offre \u00e9galement un climat et un confort de port \u00e9prouv\u00e9s. Le t-shirt 120 TEC pour femme est donc le haut d\u2019escalade parfait pour votre \u00e9t\u00e9 alpin.    <\/p>\n<p>PROPRI\u00c9T\u00c9S DU MAT\u00c9RIAU<br \/>\nTECHNOLOGIE CORESPUN du groupe S\u00fcdwolle : pour plus de \u00a9 stabilit\u00e9.<br \/>\nS\u00e9chage rapide<br \/>\nL\u00e9ger<br \/>\nDiam\u00e8tre de la fibre douce de 17,5 microns<br \/>\nDurable<br \/>\nR\u00e9sistant<\/p>\n<p>MATI\u00c8RE<br \/>\n85 % laine vierge (M\u00c9RINOS) + 15 % polyamide<\/p>\n","protected":false},"excerpt":{"rendered":"<p>CARACT\u00c9RISTIQUES PRINCIPALES L\u00e9ger et \u00e0 s\u00e9chage rapide Solide et durable R\u00e9gulation de l\u2019humidit\u00e9 et de la temp\u00e9rature L\u2019\u00e9t\u00e9 alpin vous<\/p>\n","protected":false},"featured_media":37290,"template":"","meta":{"_seopress_robots_primary_cat":"none","_seopress_titles_title":"","_seopress_titles_desc":"","_seopress_robots_index":""},"product_brand":[3664],"product_cat":[81,981,1387],"product_tag":[],"class_list":{"0":"post-414034","1":"product","2":"type-product","3":"status-publish","4":"has-post-thumbnail","6":"product_brand-ortovox-fr","7":"product_cat-vetements","8":"product_cat-vetements-de-loisirs","9":"product_cat-vetements-pour-femmes","10":"sws-gruppo-abb-libero-fr","11":"sws-conto-ricavi-merci-rivendita-abbigliamento-fr","12":"sws-gruppo-iva-iva81-fr","14":"first","15":"instock","16":"shipping-taxable","17":"purchasable","18":"product-type-variable"},"_links":{"self":[{"href":"https:\/\/lucacastelli.com\/fr\/wp-json\/wp\/v2\/product\/414034","targetHints":{"allow":["GET"]}}],"collection":[{"href":"https:\/\/lucacastelli.com\/fr\/wp-json\/wp\/v2\/product"}],"about":[{"href":"https:\/\/lucacastelli.com\/fr\/wp-json\/wp\/v2\/types\/product"}],"wp:featuredmedia":[{"embeddable":true,"href":"https:\/\/lucacastelli.com\/fr\/wp-json\/wp\/v2\/media\/37290"}],"wp:attachment":[{"href":"https:\/\/lucacastelli.com\/fr\/wp-json\/wp\/v2\/media?parent=414034"}],"wp:term":[{"taxonomy":"product_brand","embeddable":true,"href":"https:\/\/lucacastelli.com\/fr\/wp-json\/wp\/v2\/product_brand?post=414034"},{"taxonomy":"product_cat","embeddable":true,"href":"https:\/\/lucacastelli.com\/fr\/wp-json\/wp\/v2\/product_cat?post=414034"},{"taxonomy":"product_tag","embeddable":true,"href":"https:\/\/lucacastelli.com\/fr\/wp-json\/wp\/v2\/product_tag?post=414034"}],"curies":[{"name":"wp","href":"https:\/\/api.w.org\/{rel}","templated":true}]}}