{"id":413995,"date":"2024-04-01T08:25:56","date_gmt":"2024-04-01T06:25:56","guid":{"rendered":"https:\/\/lucacastelli.com\/prodotto\/ortovox-polaire-grille-legere-a-capuche-jkt\/"},"modified":"2026-04-17T23:41:58","modified_gmt":"2026-04-17T21:41:58","slug":"ortovox-polaire-grille-legere-a-capuche-jkt","status":"publish","type":"product","link":"https:\/\/lucacastelli.com\/fr\/produit\/ortovox-polaire-grille-legere-a-capuche-jkt\/","title":{"rendered":"ORTOVOX FLEECE LIGHT GRID HOODED JKT"},"content":{"rendered":"<p>CARACT\u00c9RISTIQUES PRINCIPALES<br \/>\nL\u00e9g\u00e8re, chaude et confortable<br \/>\nExcellentes propri\u00e9t\u00e9s \u00e9lastiques<br \/>\nLa capuche monocouche s&#8217;adapte \u00e0 tous les casques<\/p>\n<p>Lors de vos aventures alpines, votre \u00e9quipement doit \u00eatre l\u00e9ger, tout en restant chaud et fonctionnel. La ligne FLEECE LIGHT GRID pour femme est donc la compagne id\u00e9ale en montagne et offre isolation, ventilation et confort avec un poids r\u00e9duit et un encombrement minimal dans le sac \u00e0 dos. <\/p>\n<p>Gr\u00e2ce \u00e0 sa structure \u00e0 canaux \u00e0 l&#8217;int\u00e9rieur, la FLEECE LIGHT GRID HOODED JACKET pour femme est particuli\u00e8rement l\u00e9g\u00e8re, tout en offrant une isolation suffisante aux temp\u00e9ratures les plus basses. La laine m\u00e9rinos de Tasmanie de qualit\u00e9 \u00e0 l&#8217;int\u00e9rieur est agr\u00e9able \u00e0 porter et r\u00e9gule l&#8217;humidit\u00e9 et la temp\u00e9rature. <\/p>\n<p>La coupe ergonomique de la FLEECE LIGHT GRID HOODED JACKET pour femme garantit une excellente libert\u00e9 de mouvement en montagne, tandis que la capuche monocouche offre une protection contre le vent et est suffisamment fine pour \u00eatre port\u00e9e sous n&#8217;importe quel casque. Les passants pour les pouces aident \u00e0 rester au chaud m\u00eame par basses temp\u00e9ratures. Gr\u00e2ce \u00e0 la petite poche poitrine, l&#8217;orientation est toujours \u00e0 port\u00e9e de main. La fermeture \u00e9clair sur toute la longueur permet de l&#8217;enfiler et de l&#8217;enlever facilement et rapidement, m\u00eame avec le casque d&#8217;escalade.   <\/p>\n<p>CARACT\u00c9RISTIQUES DU PRODUIT<br \/>\nCapuche protectrice<br \/>\n1 poche frontale<br \/>\nPassants pour les pouces<br \/>\nCoupe athl\u00e9tique<\/p>\n<p>PROPRI\u00c9T\u00c9S DU MAT\u00c9RIAU<br \/>\nMERINO FLEECE LIGHT GRID : laine m\u00e9rinos au contact de la peau, structure gaufre \u00e0 l&#8217;int\u00e9rieur (assure la ventilation et pr\u00e9sente d&#8217;excellentes propri\u00e9t\u00e9s isolantes), tr\u00e8s l\u00e9g\u00e8re, \u00e0 s\u00e9chage rapide et avec r\u00e9gulation de l&#8217;humidit\u00e9.<\/p>\n<p>MAT\u00c9RIAU<br \/>\n72 % polyester + 22 % laine (OWP-MERINO) + 6 % polyamide<\/p>\n","protected":false},"excerpt":{"rendered":"<p>CARACT\u00c9RISTIQUES PRINCIPALES L\u00e9g\u00e8re, chaude et confortable Excellentes propri\u00e9t\u00e9s \u00e9lastiques La capuche monocouche s&#8217;adapte \u00e0 tous les casques Lors de vos<\/p>\n","protected":false},"featured_media":37268,"template":"","meta":{"_seopress_robots_primary_cat":"none","_seopress_titles_title":"","_seopress_titles_desc":"","_seopress_robots_index":""},"product_brand":[3664],"product_cat":[81,981,1387],"product_tag":[],"class_list":{"0":"post-413995","1":"product","2":"type-product","3":"status-publish","4":"has-post-thumbnail","6":"product_brand-ortovox-fr","7":"product_cat-vetements","8":"product_cat-vetements-de-loisirs","9":"product_cat-vetements-pour-femmes","11":"first","12":"instock","13":"shipping-taxable","14":"purchasable","15":"product-type-variable"},"_links":{"self":[{"href":"https:\/\/lucacastelli.com\/fr\/wp-json\/wp\/v2\/product\/413995","targetHints":{"allow":["GET"]}}],"collection":[{"href":"https:\/\/lucacastelli.com\/fr\/wp-json\/wp\/v2\/product"}],"about":[{"href":"https:\/\/lucacastelli.com\/fr\/wp-json\/wp\/v2\/types\/product"}],"wp:featuredmedia":[{"embeddable":true,"href":"https:\/\/lucacastelli.com\/fr\/wp-json\/wp\/v2\/media\/37268"}],"wp:attachment":[{"href":"https:\/\/lucacastelli.com\/fr\/wp-json\/wp\/v2\/media?parent=413995"}],"wp:term":[{"taxonomy":"product_brand","embeddable":true,"href":"https:\/\/lucacastelli.com\/fr\/wp-json\/wp\/v2\/product_brand?post=413995"},{"taxonomy":"product_cat","embeddable":true,"href":"https:\/\/lucacastelli.com\/fr\/wp-json\/wp\/v2\/product_cat?post=413995"},{"taxonomy":"product_tag","embeddable":true,"href":"https:\/\/lucacastelli.com\/fr\/wp-json\/wp\/v2\/product_tag?post=413995"}],"curies":[{"name":"wp","href":"https:\/\/api.w.org\/{rel}","templated":true}]}}