{"id":413957,"date":"2024-04-01T07:55:16","date_gmt":"2024-04-01T05:55:16","guid":{"rendered":"https:\/\/lucacastelli.com\/prodotto\/ortovox-pala-veste-a-capuche-w\/"},"modified":"2026-04-01T01:51:45","modified_gmt":"2026-03-31T23:51:45","slug":"ortovox-pala-veste-a-capuche-w","status":"publish","type":"product","link":"https:\/\/lucacastelli.com\/fr\/produit\/ortovox-pala-veste-a-capuche-w\/","title":{"rendered":"ORTOVOX PALA VESTE \u00c0 CAPUCHE W"},"content":{"rendered":"<p>POINTS FORTS Haute<br \/>\nr\u00e9sistance \u00e0 l\u2019abrasion<br \/>\nParticuli\u00e8rement respirant<br \/>\nLaine m\u00e9rinos fine \u00e0 l\u2019int\u00e9rieur<\/p>\n<p>Les tours massives et bizarres du groupe Pala poussent sur le plateau pierreux. L\u2019escalade ici, sur le massif montagneux le plus m\u00e9ridional des Dolomites, n\u00e9cessite des nerfs solides et des mat\u00e9riaux solides. Nous avons con\u00e7u notre ligne MERINO SHIELD TEC sp\u00e9cialement pour ces longues randonn\u00e9es alpines !  <\/p>\n<p>Le mat\u00e9riau ext\u00e9rieur extr\u00eamement r\u00e9sistant \u00e0 l\u2019abrasion de la PALA HOODED JACKET pour femme est capable de r\u00e9sister \u00e0 plus de 50 000 cycles d\u2019abrasion dans le test Martindale, qui mesure la r\u00e9sistance \u00e0 l\u2019abrasion. Des inserts suppl\u00e9mentaires dans les zones particuli\u00e8rement expos\u00e9es telles que les \u00e9paules, les avant-bras et les hanches offrent une protection maximale contre les rochers plus durs. Le mat\u00e9riau extensible dans les 4 sens assure une libert\u00e9 de mouvement totale, soutenue par une coupe athl\u00e9tique et des zones de coude pr\u00e9form\u00e9es. Gr\u00e2ce \u00e0 sa construction sans membrane, la PALA HOODED JACKET pour femme est particuli\u00e8rement respirante, tandis que la fine laine m\u00e9rinos \u00e0 l\u2019int\u00e9rieur la rend encore plus confortable \u00e0 porter.   <\/p>\n<p>La capuche auto-ajustable s\u2019adapte \u00e0 un casque d\u2019escalade et les poignets et l\u2019ourlet sont extensibles et confortables. Gr\u00e2ce \u00e0 sa coupe performante et extensible, la PALA HOODED JACKET pour femme s\u2019adapte \u00e0 chacun de vos mouvements et est enti\u00e8rement orient\u00e9e vers l\u2019escalade. La poche poitrine et les deux poches avant optimis\u00e9es pour le harnais et le sac \u00e0 dos offrent de la place pour les petits objets qui doivent \u00eatre rapidement \u00e0 port\u00e9e de main pendant une longue journ\u00e9e d\u2019escalade.  <\/p>\n<p>Pour prot\u00e9ger l\u2019environnement, l\u2019ensemble de la gamme MERINO SHIELD TEC est enti\u00e8rement exempte de PFC et climatiquement neutre gr\u00e2ce \u00e0 la compensation de CO2. Avec son look frais, la PALA HOODED JACKET pour femme est pr\u00eate pour les grandes lignes d\u2019escalade sur les plus hautes parois rocheuses. <\/p>\n<p>CARACT\u00c9RISTIQUES<br \/>\nDU PRODUIT Capuche auto-ajustable<br \/>\n2 poches avant avec fermeture \u00e9clair (optimis\u00e9e pour le harnais et le sac \u00e0 dos)<br \/>\nCoquille de protection<br \/>\nRenforts sur les \u00e9paules, les aisselles et les hanches<br \/>\nPoignets \u00e9lastiqu\u00e9s<br \/>\nOurlet r\u00e9glable en largeur<br \/>\nCoupe athl\u00e9tique<\/p>\n<p>PROPRI\u00c9T\u00c9S DU MAT\u00c9RIAU<br \/>\nHaute r\u00e9sistance \u00e0 l\u2019abrasion : &gt; 50 000 cycles d\u2019abrasion dans le test Martindale Mat\u00e9riau extensible dans les<br \/>\n4 sens<br \/>\nRespirant<br \/>\nL\u00e9ger S\u00e9chage<br \/>\nrapide<br \/>\nD\u00e9perlant gr\u00e2ce au rev\u00eatement DWR sans<br \/>\nPFC Int\u00e9rieur en m\u00e9rinos<br \/>\nsans PFC : L\u2019eau et la salet\u00e9 roulent<\/p>\n<p>MATI\u00c8RE PRINCIPALE : 74&nbsp;% Polyamide + 15&nbsp;% Laine (OWP-MERINO) + 11&nbsp;% \u00c9lasthanne INT\u00c9RIEUR : 91&nbsp;% Polyamide + 9&nbsp;% \u00c9lasthanne<\/p>\n","protected":false},"excerpt":{"rendered":"<p>POINTS FORTS Haute r\u00e9sistance \u00e0 l\u2019abrasion Particuli\u00e8rement respirant Laine m\u00e9rinos fine \u00e0 l\u2019int\u00e9rieur Les tours massives et bizarres du groupe<\/p>\n","protected":false},"featured_media":37245,"template":"","meta":{"_seopress_robots_primary_cat":"","_seopress_titles_title":"","_seopress_titles_desc":"","_seopress_robots_index":""},"product_brand":[3664],"product_cat":[81,981,1387],"product_tag":[],"class_list":{"0":"post-413957","1":"product","2":"type-product","3":"status-publish","4":"has-post-thumbnail","6":"product_brand-ortovox-fr","7":"product_cat-vetements","8":"product_cat-vetements-de-loisirs","9":"product_cat-vetements-pour-femmes","10":"sws-gruppo-abb-libero-fr","11":"sws-categoria-sito-fr","12":"sws-conto-ricavi-merci-rivendita-abbigliamento-fr","13":"sws-gruppo-iva-iva81-fr","15":"first","16":"instock","17":"shipping-taxable","18":"purchasable","19":"product-type-variable"},"_links":{"self":[{"href":"https:\/\/lucacastelli.com\/fr\/wp-json\/wp\/v2\/product\/413957","targetHints":{"allow":["GET"]}}],"collection":[{"href":"https:\/\/lucacastelli.com\/fr\/wp-json\/wp\/v2\/product"}],"about":[{"href":"https:\/\/lucacastelli.com\/fr\/wp-json\/wp\/v2\/types\/product"}],"wp:featuredmedia":[{"embeddable":true,"href":"https:\/\/lucacastelli.com\/fr\/wp-json\/wp\/v2\/media\/37245"}],"wp:attachment":[{"href":"https:\/\/lucacastelli.com\/fr\/wp-json\/wp\/v2\/media?parent=413957"}],"wp:term":[{"taxonomy":"product_brand","embeddable":true,"href":"https:\/\/lucacastelli.com\/fr\/wp-json\/wp\/v2\/product_brand?post=413957"},{"taxonomy":"product_cat","embeddable":true,"href":"https:\/\/lucacastelli.com\/fr\/wp-json\/wp\/v2\/product_cat?post=413957"},{"taxonomy":"product_tag","embeddable":true,"href":"https:\/\/lucacastelli.com\/fr\/wp-json\/wp\/v2\/product_tag?post=413957"}],"curies":[{"name":"wp","href":"https:\/\/api.w.org\/{rel}","templated":true}]}}