{"id":413946,"date":"2024-04-01T07:55:52","date_gmt":"2024-04-01T05:55:52","guid":{"rendered":"https:\/\/lucacastelli.com\/prodotto\/pantalon-ortovox-brenta-w\/"},"modified":"2025-12-17T15:01:55","modified_gmt":"2025-12-17T14:01:55","slug":"pantalon-ortovox-brenta-w","status":"publish","type":"product","link":"https:\/\/lucacastelli.com\/fr\/produit\/pantalon-ortovox-brenta-w\/","title":{"rendered":"PANTALON ORTOVOX BRENTA W"},"content":{"rendered":"<p>CARACT\u00c9RISTIQUES-<br \/>\n Durable<br \/>\n&#8211; Hydrofuge<br \/>\n&#8211; Tr\u00e8s extensible<\/p>\n<p>D\u00e9velopp\u00e9 pour les aventures alpines : le pantalon l\u00e9ger BRENTA pour femme, qui n\u2019a pas peur du contact avec la roche et suit chacun de vos mouvements.<\/p>\n<p>Le mat\u00e9riau durable SHIELD LIGHT r\u00e9siste \u00e0 plus de 80 000 cycles d\u2019abrasion lors du test Martindale et est l\u2019un des tissus les plus robustes d\u2019ORTOVOX. Le mat\u00e9riau extensible dans les 4 sens assure une excellente libert\u00e9 de mouvement en montagne et est \u00e9galement respirant, hydrofuge et \u00e0 s\u00e9chage rapide. <\/p>\n<p>Gr\u00e2ce \u00e0 la nouvelle coupe ample, le pantalon a une coupe confortable et moderne. La ceinture int\u00e9gr\u00e9e peut \u00eatre ferm\u00e9e d\u2019un simple geste gr\u00e2ce \u00e0 un crochet et n\u2019a plus besoin d\u2019\u00eatre ouverte lors de l\u2019enfilage ou du retrait du pantalon. <\/p>\n<p>Deux poches avant zipp\u00e9es spacieuses offrent amplement d\u2019espace pour les cl\u00e9s ou l\u2019argent, tandis que la poche sur la cuisse avec fermeture \u00e9clair cach\u00e9e et ourlet scell\u00e9 offre un espace de rangement suppl\u00e9mentaire et un look \u00e9pur\u00e9. Des inserts en maille m\u00e9rinos \u00e0 la taille et dans la poche assurent un plus grand confort. <\/p>\n<p>Les pantalons BRENTA pour femmes sont sans PFC et climatiquement neutres.<\/p>\n<p>CARACT\u00c9RISTIQUES<br \/>\nDU PRODUIT Ourlet r\u00e9glable en<br \/>\nlargeur 2 poches avant zipp\u00e9es<br \/>\n1 poche zipp\u00e9e<br \/>\nsur la cuisse Inserts en maille m\u00e9rinos \u00e0 l\u2019int\u00e9rieur<br \/>\nPoignets de jambe r\u00e9glables<br \/>\nCoupe classique<\/p>\n<p>PROPRI\u00c9T\u00c9S DU MAT\u00c9RIAU<br \/>\nSHIELD LIGHT : durable (&gt; 80 000 cycles d\u2019abrasion dans le test Martindale), grande libert\u00e9 de mouvement, respirant, \u00e0 s\u00e9chage rapide, hydrofuge (gr\u00e2ce au traitement DWR sans PFC), mat\u00e9riau extensible dans les 4 sens.<\/p>\n<p>MATI\u00c8RE PRINCIPALE : 91 % polyamide + 9 % \u00e9lasthanne DOUBLURE : 72 % polyester + 28 % laine vierge (M\u00c9RINOS)<\/p>\n","protected":false},"excerpt":{"rendered":"<p>CARACT\u00c9RISTIQUES- Durable &#8211; Hydrofuge &#8211; Tr\u00e8s extensible D\u00e9velopp\u00e9 pour les aventures alpines : le pantalon l\u00e9ger BRENTA pour femme, qui<\/p>\n","protected":false},"featured_media":37249,"template":"","meta":{"_seopress_robots_primary_cat":"none","_seopress_titles_title":"","_seopress_titles_desc":"","_seopress_robots_index":""},"product_brand":[3663],"product_cat":[82,974,1388],"product_tag":[],"class_list":{"0":"post-413946","1":"product","2":"type-product","3":"status-publish","4":"has-post-thumbnail","6":"product_brand-ortovox-de","7":"product_cat-kleidung","8":"product_cat-freizeitkleidung","9":"product_cat-damenbekleidung","10":"sws-gruppo-abb-libero-fr","11":"sws-conto-ricavi-merci-rivendita-abbigliamento-fr","12":"sws-gruppo-iva-iva81-fr","14":"first","15":"instock","16":"shipping-taxable","17":"purchasable","18":"product-type-variable"},"_links":{"self":[{"href":"https:\/\/lucacastelli.com\/fr\/wp-json\/wp\/v2\/product\/413946","targetHints":{"allow":["GET"]}}],"collection":[{"href":"https:\/\/lucacastelli.com\/fr\/wp-json\/wp\/v2\/product"}],"about":[{"href":"https:\/\/lucacastelli.com\/fr\/wp-json\/wp\/v2\/types\/product"}],"wp:featuredmedia":[{"embeddable":true,"href":"https:\/\/lucacastelli.com\/fr\/wp-json\/wp\/v2\/media\/37249"}],"wp:attachment":[{"href":"https:\/\/lucacastelli.com\/fr\/wp-json\/wp\/v2\/media?parent=413946"}],"wp:term":[{"taxonomy":"product_brand","embeddable":true,"href":"https:\/\/lucacastelli.com\/fr\/wp-json\/wp\/v2\/product_brand?post=413946"},{"taxonomy":"product_cat","embeddable":true,"href":"https:\/\/lucacastelli.com\/fr\/wp-json\/wp\/v2\/product_cat?post=413946"},{"taxonomy":"product_tag","embeddable":true,"href":"https:\/\/lucacastelli.com\/fr\/wp-json\/wp\/v2\/product_tag?post=413946"}],"curies":[{"name":"wp","href":"https:\/\/api.w.org\/{rel}","templated":true}]}}