{"id":413931,"date":"2023-09-28T07:14:09","date_gmt":"2023-09-28T05:14:09","guid":{"rendered":"https:\/\/lucacastelli.com\/prodotto\/sweat-a-capuche-polaire-ortovox-w\/"},"modified":"2026-04-17T23:58:34","modified_gmt":"2026-04-17T21:58:34","slug":"sweat-a-capuche-polaire-ortovox-w","status":"publish","type":"product","link":"https:\/\/lucacastelli.com\/fr\/produit\/sweat-a-capuche-polaire-ortovox-w\/","title":{"rendered":"ORTOVOX FLEECE HOODY W"},"content":{"rendered":"<p>PR\u00caTS POUR L\u2019HIVER<br \/>\nSWEAT \u00c0 CAPUCHE EN POLAIRE CHAUDE, POLYESTER RECYCL\u00c9 ET M\u00c9RINOS POUR LES JOURN\u00c9ES FROIDES ET S\u00c8CHES<br \/>\nEN \u00c9VIDENCE<br \/>\nPlus de confort et temp\u00e9rature optimale<br \/>\nR\u00e9sistant et respirant<br \/>\nParticuli\u00e8rement durable gr\u00e2ce \u00e0 la laine et au polyester recycl\u00e9<br \/>\nLe FLEECE HOODY pour femme est un v\u00eatement incontournable qui assure toute la fonctionnalit\u00e9, la libert\u00e9 de mouvement et le confort thermique naturel indispensables en montagne lors des froides journ\u00e9es d\u2019hiver.<\/p>\n<p>Le tricotage particulier de cette polaire \u00e0 capuche \u00e9prouv\u00e9e lui conf\u00e8re une surface mate qui souligne son look sobre et sportif. Les mat\u00e9riaux de haute qualit\u00e9 utilis\u00e9s sont \u00e9galement enti\u00e8rement durables. La combinaison extraordinaire de l&#8217;int\u00e9rieur en douce laine m\u00e9rinos et de l&#8217;ext\u00e9rieur en polyester recycl\u00e9 en fait un v\u00eatement extr\u00eamement r\u00e9sistant et respirant.  <\/p>\n<p>\u00c9tant donn\u00e9 que le MERINO FLEECE est tr\u00e8s \u00e9lastique, le FLEECE HOODY pour femme s&#8217;adapte de mani\u00e8re optimale au corps et offre une libert\u00e9 de mouvement maximale. La laine m\u00e9rinos douce, naturellement capable de r\u00e9guler l&#8217;humidit\u00e9 et la temp\u00e9rature, assure une temp\u00e9rature corporelle optimale et est agr\u00e9able sur la peau. <\/p>\n<p>Les deux poches lat\u00e9rales en loden traditionnel de l\u2019entreprise STEINER gardent vos mains au chaud et offrent de l\u2019espace pour les petits objets importants qui doivent toujours \u00eatre \u00e0 port\u00e9e de main. Gr\u00e2ce \u00e0 une technique de fabrication sp\u00e9ciale, les passe-pouces se ferment de mani\u00e8re optimale, \u00e9vitant ainsi la perte de chaleur. Ainsi, notre FLEECE HOODY pour femme est pr\u00eat pour toutes vos activit\u00e9s hivernales, que ce soit en montagne ou dans la vall\u00e9e.  <\/p>\n<p>CARACT\u00c9RISTIQUES<br \/>\nCapuche protectrice<br \/>\n2 poches avant<br \/>\nPasse-pouces<br \/>\nRegular Fit<br \/>\nCARACT\u00c9RISTIQUES DU MAT\u00c9RIAU<br \/>\nLaine m\u00e9rinos sur la peau<br \/>\nGrande respirabilit\u00e9<br \/>\nPlus \u00e9lastique<br \/>\nDurabilit\u00e9 et r\u00e9sistance<br \/>\nS\u00e8che rapidement<br \/>\nGrand confort d\u2019utilisation<br \/>\nMAT\u00c9RIAU<br \/>\nVers le dictionnaire des mat\u00e9riaux<\/p>\n<p>MAT\u00c9RIAU PRINCIPAL : 64% polyester (recycl\u00e9) + 30% laine vierge (OWP-M\u00e9rinos) + 6% \u00e9lasthanne INSERTS : 100% laine vierge (OWP-M\u00c9RINOS)<\/p>\n<p>MERINO INSIDE<br \/>\nNotre LAINE M\u00c9RINOS durable provient d\u2019\u00e9levages contr\u00f4l\u00e9s o\u00f9 les animaux m\u00e8nent une existence heureuse. C\u2019est une laine agr\u00e9ablement douce et facile d\u2019entretien qui, gr\u00e2ce \u00e0 une r\u00e9gulation optimale de la temp\u00e9rature et de l\u2019humidit\u00e9, offre un confort \u00e9lev\u00e9. <\/p>\n<p>LODEN STEINER<br \/>\nDepuis des si\u00e8cles, le loden est utilis\u00e9 pour se prot\u00e9ger des intemp\u00e9ries. Aujourd\u2019hui, ORTOVOX associe les loden traditionnels de qualit\u00e9 de la marque autrichienne STEINER \u00e0 des mat\u00e9riaux de nouvelle g\u00e9n\u00e9ration. <\/p>\n","protected":false},"excerpt":{"rendered":"<p>PR\u00caTS POUR L\u2019HIVER SWEAT \u00c0 CAPUCHE EN POLAIRE CHAUDE, POLYESTER RECYCL\u00c9 ET M\u00c9RINOS POUR LES JOURN\u00c9ES FROIDES ET S\u00c8CHES EN<\/p>\n","protected":false},"featured_media":37042,"template":"","meta":{"_seopress_robots_primary_cat":"none","_seopress_titles_title":"","_seopress_titles_desc":"","_seopress_robots_index":""},"product_brand":[3664],"product_cat":[81,981,1387],"product_tag":[],"class_list":{"0":"post-413931","1":"product","2":"type-product","3":"status-publish","4":"has-post-thumbnail","6":"product_brand-ortovox-fr","7":"product_cat-vetements","8":"product_cat-vetements-de-loisirs","9":"product_cat-vetements-pour-femmes","11":"first","12":"instock","13":"shipping-taxable","14":"purchasable","15":"product-type-variable"},"_links":{"self":[{"href":"https:\/\/lucacastelli.com\/fr\/wp-json\/wp\/v2\/product\/413931","targetHints":{"allow":["GET"]}}],"collection":[{"href":"https:\/\/lucacastelli.com\/fr\/wp-json\/wp\/v2\/product"}],"about":[{"href":"https:\/\/lucacastelli.com\/fr\/wp-json\/wp\/v2\/types\/product"}],"wp:featuredmedia":[{"embeddable":true,"href":"https:\/\/lucacastelli.com\/fr\/wp-json\/wp\/v2\/media\/37042"}],"wp:attachment":[{"href":"https:\/\/lucacastelli.com\/fr\/wp-json\/wp\/v2\/media?parent=413931"}],"wp:term":[{"taxonomy":"product_brand","embeddable":true,"href":"https:\/\/lucacastelli.com\/fr\/wp-json\/wp\/v2\/product_brand?post=413931"},{"taxonomy":"product_cat","embeddable":true,"href":"https:\/\/lucacastelli.com\/fr\/wp-json\/wp\/v2\/product_cat?post=413931"},{"taxonomy":"product_tag","embeddable":true,"href":"https:\/\/lucacastelli.com\/fr\/wp-json\/wp\/v2\/product_tag?post=413931"}],"curies":[{"name":"wp","href":"https:\/\/api.w.org\/{rel}","templated":true}]}}