{"id":413896,"date":"2023-09-28T07:09:25","date_gmt":"2023-09-28T05:09:25","guid":{"rendered":"https:\/\/lucacastelli.com\/prodotto\/ortovox-150-cool-stylo-a-bille-ts-w\/"},"modified":"2026-03-01T00:24:33","modified_gmt":"2026-02-28T23:24:33","slug":"ortovox-150-cool-stylo-a-bille-ts-w","status":"publish","type":"product","link":"https:\/\/lucacastelli.com\/fr\/produit\/ortovox-150-cool-stylo-a-bille-ts-w\/","title":{"rendered":"ORTOVOX 150 COOL STYLO \u00c0 BILLE TS W"},"content":{"rendered":"<p>COOL ET DURABLE<br \/>\nJERSEY M\u00c9RINOS CONFORTABLE ET DURABLE AVEC EFFET RAFRA\u00ceCHISSANT POUR LES RANDONN\u00c9ES ALPINES<br \/>\nPOINTS FORTS\u2022<br \/>\n Effet rafra\u00eechissant<br \/>\n\u2022 Particuli\u00e8rement durable<br \/>\n\u2022 R\u00e9gulation de la temp\u00e9rature et de l\u2019humidit\u00e9<\/p>\n<p>Le t-shirt 150 COOL BALLPEN pour femme est id\u00e9al pour les randonn\u00e9es \u00e0 ski plus longues et plus intenses gr\u00e2ce \u00e0 son fil robuste et \u00e0 l\u2019effet naturellement rafra\u00eechissant des fibres TencelTM.<\/p>\n<p>La technologie Betaspun du groupe S\u00fcdwolle conf\u00e8re au maillot la stabilit\u00e9 n\u00e9cessaire : gr\u00e2ce \u00e0 la gaine de protection en polyamide, le tissu a une plus grande r\u00e9sistance \u00e0 l\u2019abrasion et \u00e0 la d\u00e9chirure, tout en conservant les avantages des fibres naturelles de m\u00e9rinos et de tencel\u2122. Dans le m\u00eame temps, les fibres m\u00e9rinos de haute qualit\u00e9 garantissent un confort exceptionnel et un climat corporel optimal, tandis que les fibres durables en TencelTM vous rafra\u00eechissent par temps chaud gr\u00e2ce \u00e0 leur surface lisse et \u00e0 leur grande respirabilit\u00e9. <\/p>\n<p>La coupe sportive, les couleurs modernes et l\u2019imprim\u00e9 montagnard discret au dos font du t-shirt 150 COOL BALLPEN pour femme un v\u00e9ritable must-have pour l\u2019hiver.<\/p>\n<p>CARACT\u00c9RISTIQUES<br \/>\nDU MAT\u00c9RIAU TECHNOLOGIE BETA-SPUN DU \u00a9 GROUPE<br \/>\nS\u00dcDWOLLE Grand confort d\u2019utilisation<\/p>\n<p>Lyocell TENTEL durable<br \/>\n: \u2122 effet rafra\u00eechissant, s\u00e9chage rapide et durabilit\u00e9 de la production de fibres naturelles<br \/>\nMAT\u00c9RIAU Vers<br \/>\nle dictionnaire des mat\u00e9riaux<\/p>\n<p>44 % laine vierge (M\u00c9RINOS) + 43 % Lyocell (TENCEL) \u2122 + 13 % polyamide<\/p>\n<p>M\u00c9RINOS \u00c0 L\u2019INT\u00c9RIEUR<br \/>\nNotre LAINE M\u00c9RINOS durable provient de fermes contr\u00f4l\u00e9es o\u00f9 les animaux vivent une existence heureuse. C\u2019est une laine agr\u00e9ablement douce et facile d\u2019entretien qui, gr\u00e2ce \u00e0 la r\u00e9gulation optimale de la temp\u00e9rature et de l\u2019humidit\u00e9, offre un haut niveau de confort. <\/p>\n<p>TENCEL<br \/>\nLYOCELL de TENCEL\u2122 est fabriqu\u00e9 \u00e0 partir de fibres de cellulose produites de mani\u00e8re durable avec une surface lisse avec un refroidissement par \u00e9vaporation \u00e9lev\u00e9, qui cr\u00e9ent un effet de refroidissement naturel tout en gardant le corps frais.<\/p>\n","protected":false},"excerpt":{"rendered":"<p>COOL ET DURABLE JERSEY M\u00c9RINOS CONFORTABLE ET DURABLE AVEC EFFET RAFRA\u00ceCHISSANT POUR LES RANDONN\u00c9ES ALPINES POINTS FORTS\u2022 Effet rafra\u00eechissant \u2022<\/p>\n","protected":false},"featured_media":37008,"template":"","meta":{"_seopress_robots_primary_cat":"","_seopress_titles_title":"","_seopress_titles_desc":"","_seopress_robots_index":""},"product_brand":[3664],"product_cat":[81,981,1387],"product_tag":[],"class_list":{"0":"post-413896","1":"product","2":"type-product","3":"status-publish","4":"has-post-thumbnail","6":"product_brand-ortovox-fr","7":"product_cat-vetements","8":"product_cat-vetements-de-loisirs","9":"product_cat-vetements-pour-femmes","11":"first","12":"instock","13":"shipping-taxable","14":"purchasable","15":"product-type-variable"},"_links":{"self":[{"href":"https:\/\/lucacastelli.com\/fr\/wp-json\/wp\/v2\/product\/413896","targetHints":{"allow":["GET"]}}],"collection":[{"href":"https:\/\/lucacastelli.com\/fr\/wp-json\/wp\/v2\/product"}],"about":[{"href":"https:\/\/lucacastelli.com\/fr\/wp-json\/wp\/v2\/types\/product"}],"wp:featuredmedia":[{"embeddable":true,"href":"https:\/\/lucacastelli.com\/fr\/wp-json\/wp\/v2\/media\/37008"}],"wp:attachment":[{"href":"https:\/\/lucacastelli.com\/fr\/wp-json\/wp\/v2\/media?parent=413896"}],"wp:term":[{"taxonomy":"product_brand","embeddable":true,"href":"https:\/\/lucacastelli.com\/fr\/wp-json\/wp\/v2\/product_brand?post=413896"},{"taxonomy":"product_cat","embeddable":true,"href":"https:\/\/lucacastelli.com\/fr\/wp-json\/wp\/v2\/product_cat?post=413896"},{"taxonomy":"product_tag","embeddable":true,"href":"https:\/\/lucacastelli.com\/fr\/wp-json\/wp\/v2\/product_tag?post=413896"}],"curies":[{"name":"wp","href":"https:\/\/api.w.org\/{rel}","templated":true}]}}