{"id":413890,"date":"2023-09-28T07:05:26","date_gmt":"2023-09-28T05:05:26","guid":{"rendered":"https:\/\/lucacastelli.com\/prodotto\/ortovox-freeride-chaussettes-longues-cozy-m\/"},"modified":"2025-06-29T02:07:17","modified_gmt":"2025-06-29T00:07:17","slug":"ortovox-freeride-chaussettes-longues-cozy-m","status":"publish","type":"product","link":"https:\/\/lucacastelli.com\/fr\/produit\/ortovox-freeride-chaussettes-longues-cozy-m\/","title":{"rendered":"ORTOVOX FREERIDE CHAUSSETTES LONGUES COZY M"},"content":{"rendered":"<p>CHALEUR ET CONFORT POUR LES PIEDS<br \/>\nCHAUSSETTES TECHNIQUES FREERIDE CHAUDES ET PR\u00c9FORM\u00c9ES EN M\u00c9RINOS POUR UN MAXIMUM DE CONFORT<br \/>\nEN \u00c9VIDENCE\u2022<br \/>\n Semelle int\u00e9rieure particuli\u00e8rement douce pour un maximum de chaleur et de confort<br \/>\n\u2022 Fil antid\u00e9rapant sp\u00e9cial pour une adh\u00e9rence optimale dans la chaussure de ski<br \/>\n\u2022 Particuli\u00e8rement respirant, r\u00e9gulant l\u2019humidit\u00e9<\/p>\n<p>Le nom de la FREERIDE LONG SOCKS COZY pour homme en dit long : m\u00eame les jours de poudreuse, ces chaussettes confortables jusqu\u2019aux genoux gardent vos pieds au chaud pour que vous puissiez profiter du freeride sans souffrir du froid.<\/p>\n<p>Cela est rendu possible par la semelle int\u00e9rieure particuli\u00e8rement douce en mat\u00e9riau MERINO TERRY, qui est agr\u00e9able sur la peau et r\u00e9gule la temp\u00e9rature et l\u2019humidit\u00e9. Ces chaussettes en laine m\u00e9rinos sont \u00e9quip\u00e9es d\u2019un fil antid\u00e9rapant sp\u00e9cial sur la plante du pied qui assure une prise s\u00fbre dans la chaussure de ski. La taille \u00e9lastique confortable et la coupe ergonomique pr\u00e9form\u00e9e assurent un ajustement optimal, tandis que le rembourrage sur le talon et les orteils offre un confort et un amorti suppl\u00e9mentaires.  <\/p>\n<p>Enfin, les couleurs gaies et le design moderne du logo rendent les FREERIDE LONG SOCKS COZY pour hommes parfaites pour les longues journ\u00e9es de freeride.<\/p>\n<p>CARACT\u00c9RISTIQUES<br \/>\nCouture plate sur les doigts<br \/>\nAjustement ergonomique optimis\u00e9 droite\/gauche<br \/>\nZone de stabilisation de<br \/>\nla cheville Fil antid\u00e9rapant<br \/>\nMATI\u00c8RE Vers<br \/>\nle dictionnaire des mat\u00e9riaux<\/p>\n<p>55&nbsp;% laine (M\u00c9RINOS) + 32&nbsp;% polyamide + 10&nbsp;% polyamide (recycl\u00e9) + 2&nbsp;% \u00e9lasthanne + 1&nbsp;% polyester<\/p>\n","protected":false},"excerpt":{"rendered":"<p>CHALEUR ET CONFORT POUR LES PIEDS CHAUSSETTES TECHNIQUES FREERIDE CHAUDES ET PR\u00c9FORM\u00c9ES EN M\u00c9RINOS POUR UN MAXIMUM DE CONFORT EN<\/p>\n","protected":false},"featured_media":36979,"template":"","meta":{"_seopress_robots_primary_cat":"","_seopress_titles_title":"","_seopress_titles_desc":"","_seopress_robots_index":""},"product_brand":[3664],"product_cat":[1399,173],"product_tag":[],"class_list":{"0":"post-413890","1":"product","2":"type-product","3":"status-publish","4":"has-post-thumbnail","6":"product_brand-ortovox-fr","7":"product_cat-accessoires-pour-chaussures","8":"product_cat-chaussures","10":"first","11":"instock","12":"shipping-taxable","13":"purchasable","14":"product-type-variable"},"_links":{"self":[{"href":"https:\/\/lucacastelli.com\/fr\/wp-json\/wp\/v2\/product\/413890","targetHints":{"allow":["GET"]}}],"collection":[{"href":"https:\/\/lucacastelli.com\/fr\/wp-json\/wp\/v2\/product"}],"about":[{"href":"https:\/\/lucacastelli.com\/fr\/wp-json\/wp\/v2\/types\/product"}],"wp:featuredmedia":[{"embeddable":true,"href":"https:\/\/lucacastelli.com\/fr\/wp-json\/wp\/v2\/media\/36979"}],"wp:attachment":[{"href":"https:\/\/lucacastelli.com\/fr\/wp-json\/wp\/v2\/media?parent=413890"}],"wp:term":[{"taxonomy":"product_brand","embeddable":true,"href":"https:\/\/lucacastelli.com\/fr\/wp-json\/wp\/v2\/product_brand?post=413890"},{"taxonomy":"product_cat","embeddable":true,"href":"https:\/\/lucacastelli.com\/fr\/wp-json\/wp\/v2\/product_cat?post=413890"},{"taxonomy":"product_tag","embeddable":true,"href":"https:\/\/lucacastelli.com\/fr\/wp-json\/wp\/v2\/product_tag?post=413890"}],"curies":[{"name":"wp","href":"https:\/\/api.w.org\/{rel}","templated":true}]}}