{"id":413832,"date":"2023-03-08T08:21:18","date_gmt":"2023-03-08T07:21:18","guid":{"rendered":"https:\/\/lucacastelli.com\/prodotto\/short-ortovox-pelmo-w\/"},"modified":"2025-06-29T02:06:51","modified_gmt":"2025-06-29T00:06:51","slug":"short-ortovox-pelmo-w","status":"publish","type":"product","link":"https:\/\/lucacastelli.com\/fr\/produit\/short-ortovox-pelmo-w\/","title":{"rendered":"SHORT ORTOVOX PELMO W"},"content":{"rendered":"<p>DES SHORTS POUR TOUTES LES OCCASIONS<\/p>\n<p>SHORT DE MONTAGNE L\u00c9GER ET R\u00c9SISTANT, COUPE AJUST\u00c9E, RANDONN\u00c9ES ALPINES FACILES<\/p>\n<p>POINTS FORTS<br \/>\nStretch l\u00e9ger<br \/>\net respirant pour une libert\u00e9 de mouvement<br \/>\nmaximale tr\u00e8s durable<\/p>\n<p>Le PELMO SHORTS pour femme a \u00e9t\u00e9 sp\u00e9cialement con\u00e7u pour les besoins des alpinistes qui doivent pouvoir compter sur leurs v\u00eatements lors de longues journ\u00e9es en montagne, mais avec la plus grande l\u00e9g\u00e8ret\u00e9.<\/p>\n<p>Fabriqu\u00e9 avec le mat\u00e9riau SHIELD ZERO, le PELMO SHORTS peut relever tous les d\u00e9fis en haute altitude. Ce v\u00eatement polyvalent se caract\u00e9rise par une grande respirabilit\u00e9, un faible poids, une grande \u00e9lasticit\u00e9 et un m\u00e9lange de mat\u00e9riaux extraordinairement robuste. Des inserts en laine m\u00e9rinos \u00e0 la taille et dans la poche assurent un confort maximal aux bons endroits.  <\/p>\n<p>Toutes ces caract\u00e9ristiques ont fait du PELMO SHORTS pour femme un grand classique. Ce pantalon sans PFC vous accompagnera dans toutes les aventures alpines qui n\u00e9cessitent l\u00e9g\u00e8ret\u00e9 et fonctionnalit\u00e9. <\/p>\n","protected":false},"excerpt":{"rendered":"<p>DES SHORTS POUR TOUTES LES OCCASIONS SHORT DE MONTAGNE L\u00c9GER ET R\u00c9SISTANT, COUPE AJUST\u00c9E, RANDONN\u00c9ES ALPINES FACILES POINTS FORTS Stretch<\/p>\n","protected":false},"featured_media":36675,"template":"","meta":{"_seopress_robots_primary_cat":"","_seopress_titles_title":"","_seopress_titles_desc":"","_seopress_robots_index":""},"product_brand":[3664],"product_cat":[81,981,1387],"product_tag":[],"class_list":{"0":"post-413832","1":"product","2":"type-product","3":"status-publish","4":"has-post-thumbnail","6":"product_brand-ortovox-fr","7":"product_cat-vetements","8":"product_cat-vetements-de-loisirs","9":"product_cat-vetements-pour-femmes","11":"first","12":"instock","13":"shipping-taxable","14":"purchasable","15":"product-type-variable"},"_links":{"self":[{"href":"https:\/\/lucacastelli.com\/fr\/wp-json\/wp\/v2\/product\/413832","targetHints":{"allow":["GET"]}}],"collection":[{"href":"https:\/\/lucacastelli.com\/fr\/wp-json\/wp\/v2\/product"}],"about":[{"href":"https:\/\/lucacastelli.com\/fr\/wp-json\/wp\/v2\/types\/product"}],"wp:featuredmedia":[{"embeddable":true,"href":"https:\/\/lucacastelli.com\/fr\/wp-json\/wp\/v2\/media\/36675"}],"wp:attachment":[{"href":"https:\/\/lucacastelli.com\/fr\/wp-json\/wp\/v2\/media?parent=413832"}],"wp:term":[{"taxonomy":"product_brand","embeddable":true,"href":"https:\/\/lucacastelli.com\/fr\/wp-json\/wp\/v2\/product_brand?post=413832"},{"taxonomy":"product_cat","embeddable":true,"href":"https:\/\/lucacastelli.com\/fr\/wp-json\/wp\/v2\/product_cat?post=413832"},{"taxonomy":"product_tag","embeddable":true,"href":"https:\/\/lucacastelli.com\/fr\/wp-json\/wp\/v2\/product_tag?post=413832"}],"curies":[{"name":"wp","href":"https:\/\/api.w.org\/{rel}","templated":true}]}}