{"id":413787,"date":"2022-12-02T08:03:23","date_gmt":"2022-12-02T07:03:23","guid":{"rendered":"https:\/\/lucacastelli.com\/prodotto\/gilet-ortovox-berrino-m\/"},"modified":"2026-04-01T01:51:45","modified_gmt":"2026-03-31T23:51:45","slug":"gilet-ortovox-berrino-m","status":"publish","type":"product","link":"https:\/\/lucacastelli.com\/fr\/produit\/gilet-ortovox-berrino-m\/","title":{"rendered":"GILET ORTOVOX BERRINO M"},"content":{"rendered":"<p>UN APPAREIL POLYVALENT DE HAUTE QUALIT\u00c9<\/p>\n<p>GILET SOFTSHELL POLYVALENT ET L\u00c9GER AVEC DOUBLURE EN M\u00c9RINOS POUR LE SKI DE RANDONN\u00c9E<\/p>\n<p>EN \u00c9VIDENCE<\/p>\n<p>combinaisons de mat\u00e9riaux sp\u00e9cialement con\u00e7ues<br \/>\nconception fonctionnelle et simple<br \/>\nadh\u00e9rence confortable au corps gr\u00e2ce \u00e0 des inserts en mat\u00e9riau extensible<\/p>\n<p>Le gilet BERRINO pour hommes est un compagnon fiable et particuli\u00e8rement polyvalent pour les randonn\u00e9es \u00e0 ski passionnantes, au cours desquelles l\u2019essentiel contribue \u00e0 de meilleures performances.<\/p>\n<p>La doublure en laine m\u00e9rinos de Tasmanie avec une structure en maille assure une bonne isolation et une sensation agr\u00e9able contre la peau. La surface ext\u00e9rieure est r\u00e9sistante \u00e0 l\u2019abrasion et prot\u00e8ge du vent et des intemp\u00e9ries. Gr\u00e2ce \u00e0 la mati\u00e8re extensible bi-\u00e9lastique, le gilet softshell l\u00e9ger suit chaque mouvement.  <\/p>\n<p>Des d\u00e9tails sophistiqu\u00e9s, tels que des ourlets \u00e9lastiques, un ourlet de veste thermosoud\u00e9 et un col \u00e0 double \u00e9paisseur, conf\u00e8rent au gilet softshell l\u00e9ger une silhouette claire et \u00e9pur\u00e9e.<\/p>\n<p>Le BERRINO VEST pour homme est donc un compagnon fiable, parfait pour profiter au maximum du plaisir d\u2019un voyage \u00e0 ski de randonn\u00e9e.<\/p>\n","protected":false},"excerpt":{"rendered":"<p>UN APPAREIL POLYVALENT DE HAUTE QUALIT\u00c9 GILET SOFTSHELL POLYVALENT ET L\u00c9GER AVEC DOUBLURE EN M\u00c9RINOS POUR LE SKI DE RANDONN\u00c9E<\/p>\n","protected":false},"featured_media":36529,"template":"","meta":{"_seopress_robots_primary_cat":"none","_seopress_titles_title":"","_seopress_titles_desc":"","_seopress_robots_index":""},"product_brand":[3664],"product_cat":[81,981,982],"product_tag":[],"class_list":{"0":"post-413787","1":"product","2":"type-product","3":"status-publish","4":"has-post-thumbnail","6":"product_brand-ortovox-fr","7":"product_cat-vetements","8":"product_cat-vetements-de-loisirs","9":"product_cat-vetements-pour-hommes","10":"sws-gruppo-abb-libero-fr","11":"sws-gruppo-iva-iva81-fr","13":"first","14":"instock","15":"shipping-taxable","16":"purchasable","17":"product-type-variable"},"_links":{"self":[{"href":"https:\/\/lucacastelli.com\/fr\/wp-json\/wp\/v2\/product\/413787","targetHints":{"allow":["GET"]}}],"collection":[{"href":"https:\/\/lucacastelli.com\/fr\/wp-json\/wp\/v2\/product"}],"about":[{"href":"https:\/\/lucacastelli.com\/fr\/wp-json\/wp\/v2\/types\/product"}],"wp:featuredmedia":[{"embeddable":true,"href":"https:\/\/lucacastelli.com\/fr\/wp-json\/wp\/v2\/media\/36529"}],"wp:attachment":[{"href":"https:\/\/lucacastelli.com\/fr\/wp-json\/wp\/v2\/media?parent=413787"}],"wp:term":[{"taxonomy":"product_brand","embeddable":true,"href":"https:\/\/lucacastelli.com\/fr\/wp-json\/wp\/v2\/product_brand?post=413787"},{"taxonomy":"product_cat","embeddable":true,"href":"https:\/\/lucacastelli.com\/fr\/wp-json\/wp\/v2\/product_cat?post=413787"},{"taxonomy":"product_tag","embeddable":true,"href":"https:\/\/lucacastelli.com\/fr\/wp-json\/wp\/v2\/product_tag?post=413787"}],"curies":[{"name":"wp","href":"https:\/\/api.w.org\/{rel}","templated":true}]}}