{"id":413774,"date":"2022-12-02T08:04:02","date_gmt":"2022-12-02T07:04:02","guid":{"rendered":"https:\/\/lucacastelli.com\/prodotto\/ortovox-230-competition-col-zippe-m\/"},"modified":"2026-03-01T00:26:35","modified_gmt":"2026-02-28T23:26:35","slug":"ortovox-230-competition-col-zippe-m","status":"publish","type":"product","link":"https:\/\/lucacastelli.com\/fr\/produit\/ortovox-230-competition-col-zippe-m\/","title":{"rendered":"ORTOVOX 230 COMPETITION COL ZIPP\u00c9 M"},"content":{"rendered":"<p>LIBERT\u00c9 DE MOUVEMENT MAXIMALE LES JOURS LES PLUS FROIDS<\/p>\n<p>MAILLOT ZIPP\u00c9 EN M\u00c9RINOS AJUST\u00c9, SANS COUTURE ET RESPIRANT POUR LES RANDONN\u00c9ES HIVERNALES<\/p>\n<p>FAITS SAILLANTS<\/p>\n<p>Bodymapping&nbsp;: diff\u00e9rentes \u00e9paisseurs de mat\u00e9riau \u00e0 diff\u00e9rents endroits sur le corps<br \/>\nSans couture, fabriqu\u00e9 par le processus de tricotage en rond<br \/>\nExtr\u00eamement respirant, s\u00e8che rapidement et est tr\u00e8s durable<\/p>\n<p>Le 230 COMPETITION ZIP NECK pour homme vous offre un nouveau look pour des performances sportives de haut niveau, que ce soit en ski de randonn\u00e9e, en freeride ou en haute montagne.<\/p>\n<p>La ligne 230 COMPETITION est fabriqu\u00e9e avec un processus de tricotage rond, pour mieux prot\u00e9ger chaque zone du corps du froid et de la fatigue gr\u00e2ce \u00e0 la bonne \u00e9paisseur de laine m\u00e9rinos. La structure c\u00f4tel\u00e9e de base en m\u00e9rinos 190 g\/m\u00b2 conf\u00e8re \u00e0 ce maillot hautement fonctionnel beaucoup d\u2019\u00e9lasticit\u00e9 et de libert\u00e9 de mouvement. Les points chauds sont recouverts d\u2019une structure en maille particuli\u00e8rement respirante, tandis que les zones les plus sensibles au froid, comme les reins, sont prot\u00e9g\u00e9es par une laine chaude d\u2019une \u00e9paisseur de 240 g\/m\u00b2. Le body-mapping assure un ajustement parfait au corps avec une ventilation maximale. Un jersey extr\u00eamement fonctionnel fait de d\u00e9licates fibres m\u00e9rinos d\u2019un diam\u00e8tre de seulement 16,5 microns, doux pour la peau, mais r\u00e9sistant et facile \u00e0 s\u00e9cher.    <\/p>\n<p>Le nouvel effet de d\u00e9grad\u00e9 du clair au fonc\u00e9 est obtenu en tricotant un fil m\u00e9lang\u00e9 et donne \u00e0 ce v\u00eatement fonctionnel un motif sp\u00e9cial gr\u00e2ce \u00e0 la structure de cartographie corporelle. Avec le 230 COMPETITION ZIP NECK pour homme, vous \u00eates \u00e9galement en forme en look ! <\/p>\n","protected":false},"excerpt":{"rendered":"<p>LIBERT\u00c9 DE MOUVEMENT MAXIMALE LES JOURS LES PLUS FROIDS MAILLOT ZIPP\u00c9 EN M\u00c9RINOS AJUST\u00c9, SANS COUTURE ET RESPIRANT POUR LES<\/p>\n","protected":false},"featured_media":36538,"template":"","meta":{"_seopress_robots_primary_cat":"","_seopress_titles_title":"","_seopress_titles_desc":"","_seopress_robots_index":""},"product_brand":[3664],"product_cat":[81,981,982],"product_tag":[],"class_list":{"0":"post-413774","1":"product","2":"type-product","3":"status-publish","4":"has-post-thumbnail","6":"product_brand-ortovox-fr","7":"product_cat-vetements","8":"product_cat-vetements-de-loisirs","9":"product_cat-vetements-pour-hommes","10":"sws-gruppo-abb-libero-fr","11":"sws-conto-ricavi-merci-rivendita-abbigliamento-fr","12":"sws-gruppo-iva-iva81-fr","14":"first","15":"instock","16":"shipping-taxable","17":"purchasable","18":"product-type-variable"},"_links":{"self":[{"href":"https:\/\/lucacastelli.com\/fr\/wp-json\/wp\/v2\/product\/413774","targetHints":{"allow":["GET"]}}],"collection":[{"href":"https:\/\/lucacastelli.com\/fr\/wp-json\/wp\/v2\/product"}],"about":[{"href":"https:\/\/lucacastelli.com\/fr\/wp-json\/wp\/v2\/types\/product"}],"wp:featuredmedia":[{"embeddable":true,"href":"https:\/\/lucacastelli.com\/fr\/wp-json\/wp\/v2\/media\/36538"}],"wp:attachment":[{"href":"https:\/\/lucacastelli.com\/fr\/wp-json\/wp\/v2\/media?parent=413774"}],"wp:term":[{"taxonomy":"product_brand","embeddable":true,"href":"https:\/\/lucacastelli.com\/fr\/wp-json\/wp\/v2\/product_brand?post=413774"},{"taxonomy":"product_cat","embeddable":true,"href":"https:\/\/lucacastelli.com\/fr\/wp-json\/wp\/v2\/product_cat?post=413774"},{"taxonomy":"product_tag","embeddable":true,"href":"https:\/\/lucacastelli.com\/fr\/wp-json\/wp\/v2\/product_tag?post=413774"}],"curies":[{"name":"wp","href":"https:\/\/api.w.org\/{rel}","templated":true}]}}