{"id":413764,"date":"2022-10-04T13:39:11","date_gmt":"2022-10-04T11:39:11","guid":{"rendered":"https:\/\/lucacastelli.com\/prodotto\/ortovox-140-cool-illu-pic-ts-m\/"},"modified":"2026-03-01T00:26:34","modified_gmt":"2026-02-28T23:26:34","slug":"ortovox-140-cool-illu-pic-ts-m","status":"publish","type":"product","link":"https:\/\/lucacastelli.com\/fr\/produit\/ortovox-140-cool-illu-pic-ts-m\/","title":{"rendered":"ORTOVOX 140 COOL ILLU-PIC TS M"},"content":{"rendered":"<p>LE BIEN DE LA NATURE<\/p>\n<p>T-SHIRT L\u00c9GER EN LAINE M\u00c9RINOS \u00c0 S\u00c9CHAGE RAPIDE AVEC EFFET RAFRA\u00ceCHISSANT POUR LES RANDONN\u00c9ES EN MONTAGNE.<\/p>\n<p>FAITS SAILLANTS<\/p>\n<p>Fibres 100&nbsp;% naturelles<br \/>\nR\u00e9gulation de la temp\u00e9rature et de l\u2019humidit\u00e9<br \/>\nEffet rafra\u00eechissant gr\u00e2ce au Tencel \u2122 Lyocell<\/p>\n<p>100 % durable et fonctionnelle : la ligne 140 COOL est enti\u00e8rement fabriqu\u00e9e \u00e0 partir de fibres naturelles produites de mani\u00e8re durable et pr\u00e9sente les meilleures caract\u00e9ristiques pour les activit\u00e9s de montagne \u00e0 forte intensit\u00e9 de mouvement par temps chaud.<\/p>\n<p>Le 140 COOL ILLU-PIC T-SHIRT pour homme combine les avantages de la laine m\u00e9rinos fine et de la fibre de cellulose TENCEL\u2122 Lyocell. La fine laine m\u00e9rinos de Tasmanie est agr\u00e9ablement douce, r\u00e9gule naturellement l\u2019humidit\u00e9 et neutralise les odeurs d\u00e9sagr\u00e9ables, tandis que les fibres TENCEL\u2122 ont un effet rafra\u00eechissant gr\u00e2ce \u00e0 leur surface lisse et \u00e0 leur haut degr\u00e9 d\u2019\u00e9vaporation. <\/p>\n<p>Ce t-shirt l\u00e9ger s\u00e8che rapidement et est particuli\u00e8rement agr\u00e9able \u00e0 porter, mais poss\u00e8de \u00e9galement la durabilit\u00e9 n\u00e9cessaire pour une utilisation dans les environnements alpins. Gr\u00e2ce \u00e0 sa coupe sportive et \u00e0 son imprim\u00e9 d\u00e9contract\u00e9, le 140 COOL ILLU-PIC T-SHIRT pour homme a toujours fi\u00e8re allure, que ce soit \u00e0 la montagne ou dans la vall\u00e9e. <\/p>\n","protected":false},"excerpt":{"rendered":"<p>LE BIEN DE LA NATURE T-SHIRT L\u00c9GER EN LAINE M\u00c9RINOS \u00c0 S\u00c9CHAGE RAPIDE AVEC EFFET RAFRA\u00ceCHISSANT POUR LES RANDONN\u00c9ES EN<\/p>\n","protected":false},"featured_media":36476,"template":"","meta":{"_seopress_robots_primary_cat":"","_seopress_titles_title":"","_seopress_titles_desc":"","_seopress_robots_index":""},"product_brand":[3664],"product_cat":[81,981,982],"product_tag":[],"class_list":{"0":"post-413764","1":"product","2":"type-product","3":"status-publish","4":"has-post-thumbnail","6":"product_brand-ortovox-fr","7":"product_cat-vetements","8":"product_cat-vetements-de-loisirs","9":"product_cat-vetements-pour-hommes","10":"sws-gruppo-abb-libero-fr","11":"sws-conto-ricavi-merci-rivendita-abbigliamento-fr","12":"sws-gruppo-iva-iva81-fr","14":"first","15":"instock","16":"shipping-taxable","17":"purchasable","18":"product-type-variable"},"_links":{"self":[{"href":"https:\/\/lucacastelli.com\/fr\/wp-json\/wp\/v2\/product\/413764","targetHints":{"allow":["GET"]}}],"collection":[{"href":"https:\/\/lucacastelli.com\/fr\/wp-json\/wp\/v2\/product"}],"about":[{"href":"https:\/\/lucacastelli.com\/fr\/wp-json\/wp\/v2\/types\/product"}],"wp:featuredmedia":[{"embeddable":true,"href":"https:\/\/lucacastelli.com\/fr\/wp-json\/wp\/v2\/media\/36476"}],"wp:attachment":[{"href":"https:\/\/lucacastelli.com\/fr\/wp-json\/wp\/v2\/media?parent=413764"}],"wp:term":[{"taxonomy":"product_brand","embeddable":true,"href":"https:\/\/lucacastelli.com\/fr\/wp-json\/wp\/v2\/product_brand?post=413764"},{"taxonomy":"product_cat","embeddable":true,"href":"https:\/\/lucacastelli.com\/fr\/wp-json\/wp\/v2\/product_cat?post=413764"},{"taxonomy":"product_tag","embeddable":true,"href":"https:\/\/lucacastelli.com\/fr\/wp-json\/wp\/v2\/product_tag?post=413764"}],"curies":[{"name":"wp","href":"https:\/\/api.w.org\/{rel}","templated":true}]}}