{"id":413747,"date":"2022-10-04T12:08:17","date_gmt":"2022-10-04T10:08:17","guid":{"rendered":"https:\/\/lucacastelli.com\/prodotto\/ortovox-230-competition-manches-courtes-m\/"},"modified":"2026-04-18T01:36:36","modified_gmt":"2026-04-17T23:36:36","slug":"ortovox-230-competition-manches-courtes-m","status":"publish","type":"product","link":"https:\/\/lucacastelli.com\/fr\/produit\/ortovox-230-competition-manches-courtes-m\/","title":{"rendered":"ORTOVOX 230 COMPETITION SHORT SLEEVE M"},"content":{"rendered":"<p>LIBERT\u00c9 DE MOUVEMENT MAXIMALE LORS DES JOURN\u00c9ES LES PLUS FROIDES<\/p>\n<p>T-SHIRT EN M\u00c9RINOS AJUST\u00c9E, SANS COUTURES ET RESPIRANTE POUR RANDONN\u00c9ES HIVERNALES<\/p>\n<p>POINTS FORTS<\/p>\n<p>Bodymapping : diff\u00e9rentes \u00e9paisseurs de mati\u00e8re sur diff\u00e9rentes zones du corps<br \/>\nSans coutures, r\u00e9alis\u00e9 avec un proc\u00e9d\u00e9 de tricotage circulaire<br \/>\nExtr\u00eamement respirant, s\u00e8che rapidement et tr\u00e8s r\u00e9sistant<\/p>\n<p>Le 230 COMPETITION SHORT SLEEVE pour homme vous offre un nouveau look pour des performances sportives au top, lors de vos sorties de ski-alpinisme, freeride ou haute montagne.<\/p>\n<p>La ligne 230 COMPETITION est r\u00e9alis\u00e9e avec un proc\u00e9d\u00e9 de tricotage circulaire, pour prot\u00e9ger au mieux chaque zone du corps du froid et de la fatigue gr\u00e2ce \u00e0 l&#8217;\u00e9paisseur appropri\u00e9e de laine m\u00e9rinos. La structure \u00e0 c\u00f4tes de base en m\u00e9rinos 190 g\/m\u00b2 conf\u00e8re \u00e0 ce maillot ultra-fonctionnel une grande \u00e9lasticit\u00e9 et libert\u00e9 de mouvement. Les zones de chaleur sont couvertes d&#8217;une structure r\u00e9ticulaire particuli\u00e8rement respirante, tandis que les zones plus sensibles au froid, comme la r\u00e9gion lombaire, sont prot\u00e9g\u00e9es par une laine chaude de 240 g\/m\u00b2. Le body-mapping assure un ajustement parfait au corps avec une a\u00e9ration maximale. Un maillot extr\u00eamement fonctionnel, compos\u00e9 de fibres m\u00e9rinos d\u00e9licates d&#8217;un diam\u00e8tre de seulement 16,5 microns, douces sur la peau, mais r\u00e9sistantes et faciles \u00e0 s\u00e9cher.    <\/p>\n<p>Le nouvel effet d\u00e9grad\u00e9 du clair au fonc\u00e9 est obtenu gr\u00e2ce au tricotage d&#8217;un fil melange et conf\u00e8re \u00e0 ce v\u00eatement fonctionnel un motif particulier gr\u00e2ce \u00e0 la structure body mapping. Avec le 230 COMPETITION SHORT SLEEVE pour homme, vous \u00eates en forme m\u00eame dans le look ! <\/p>\n","protected":false},"excerpt":{"rendered":"<p>LIBERT\u00c9 DE MOUVEMENT MAXIMALE LORS DES JOURN\u00c9ES LES PLUS FROIDES T-SHIRT EN M\u00c9RINOS AJUST\u00c9E, SANS COUTURES ET RESPIRANTE POUR RANDONN\u00c9ES<\/p>\n","protected":false},"featured_media":36466,"template":"","meta":{"_seopress_robots_primary_cat":"none","_seopress_titles_title":"","_seopress_titles_desc":"","_seopress_robots_index":""},"product_brand":[3664],"product_cat":[81,981,982],"product_tag":[],"class_list":{"0":"post-413747","1":"product","2":"type-product","3":"status-publish","4":"has-post-thumbnail","6":"product_brand-ortovox-fr","7":"product_cat-vetements","8":"product_cat-vetements-de-loisirs","9":"product_cat-vetements-pour-hommes","10":"sws-gruppo-abb-libero-fr","11":"sws-conto-ricavi-merci-rivendita-abbigliamento-fr","12":"sws-gruppo-iva-iva81-fr","14":"first","15":"instock","16":"shipping-taxable","17":"purchasable","18":"product-type-variable"},"_links":{"self":[{"href":"https:\/\/lucacastelli.com\/fr\/wp-json\/wp\/v2\/product\/413747","targetHints":{"allow":["GET"]}}],"collection":[{"href":"https:\/\/lucacastelli.com\/fr\/wp-json\/wp\/v2\/product"}],"about":[{"href":"https:\/\/lucacastelli.com\/fr\/wp-json\/wp\/v2\/types\/product"}],"wp:featuredmedia":[{"embeddable":true,"href":"https:\/\/lucacastelli.com\/fr\/wp-json\/wp\/v2\/media\/36466"}],"wp:attachment":[{"href":"https:\/\/lucacastelli.com\/fr\/wp-json\/wp\/v2\/media?parent=413747"}],"wp:term":[{"taxonomy":"product_brand","embeddable":true,"href":"https:\/\/lucacastelli.com\/fr\/wp-json\/wp\/v2\/product_brand?post=413747"},{"taxonomy":"product_cat","embeddable":true,"href":"https:\/\/lucacastelli.com\/fr\/wp-json\/wp\/v2\/product_cat?post=413747"},{"taxonomy":"product_tag","embeddable":true,"href":"https:\/\/lucacastelli.com\/fr\/wp-json\/wp\/v2\/product_tag?post=413747"}],"curies":[{"name":"wp","href":"https:\/\/api.w.org\/{rel}","templated":true}]}}