{"id":413706,"date":"2022-06-15T00:55:10","date_gmt":"2022-06-14T22:55:10","guid":{"rendered":"https:\/\/lucacastelli.com\/prodotto\/rouleau-de-premiers-secours-ortovox-doc-mid\/"},"modified":"2025-07-28T16:39:33","modified_gmt":"2025-07-28T14:39:33","slug":"rouleau-de-premiers-secours-ortovox-doc-mid","status":"publish","type":"product","link":"https:\/\/lucacastelli.com\/fr\/produit\/rouleau-de-premiers-secours-ortovox-doc-mid\/","title":{"rendered":"ROULEAU DE PREMIERS SECOURS ORTOVOX DOC MID"},"content":{"rendered":"<p>ORTOVOX est synonyme de protection. Depuis sa cr\u00e9ation en 1980, ORTOVOX d\u00e9veloppe des produits d\u2019urgence &#8211; fa\u00e7onn\u00e9s par nos origines alpines. Le bon \u00e9quipement est crucial en \u00e9t\u00e9 comme en hiver et peut sauver des vies en cas d\u2019urgence. Avec la trousse de premiers secours compacte FIRST AID ROLL DOC MID, vous \u00eates parfaitement \u00e9quip\u00e9 en montagne : le contenu du kit est clairement divis\u00e9 en quatre compartiments. De la couverture de secours \u00e0 l\u2019enjambement des plaies, en passant par le bandage et les ciseaux, vous avez toujours avec vous le FIRST AID ROLL DOC MID avec vous avec vous. Des illustrations et des \u00e9tiquettes vous informent sur le contenu de chaque compartiment et des conseils pour un entretien appropri\u00e9. Le premier compartiment contient \u00e9galement la carte d\u2019urgence ORTOVOX. Il fournit au premier intervenant des informations de base pour informer les contacts d\u2019urgence, passer des appels d\u2019urgence et des informations sur la victime. Les allergies, les maladies, les coordonn\u00e9es et les donn\u00e9es personnelles sont enregistr\u00e9es sur la carte d\u2019urgence.        <\/p>\n","protected":false},"excerpt":{"rendered":"<p>ORTOVOX est synonyme de protection. Depuis sa cr\u00e9ation en 1980, ORTOVOX d\u00e9veloppe des produits d\u2019urgence &#8211; fa\u00e7onn\u00e9s par nos origines<\/p>\n","protected":false},"featured_media":36319,"template":"","meta":{"_seopress_robots_primary_cat":"","_seopress_titles_title":"","_seopress_titles_desc":"","_seopress_robots_index":""},"product_brand":[3664],"product_cat":[1702,144,1408],"product_tag":[],"class_list":{"0":"post-413706","1":"product","2":"type-product","3":"status-publish","4":"has-post-thumbnail","6":"product_brand-ortovox-fr","7":"product_cat-autres","8":"product_cat-equipement","9":"product_cat-equipements-de-loisirs","10":"sws-gruppo-abb-libero-fr","11":"sws-conto-ricavi-merci-rivendita-abbigliamento-fr","12":"sws-gruppo-iva-iva81-fr","14":"first","15":"instock","16":"sale","17":"shipping-taxable","18":"purchasable","19":"product-type-variable"},"_links":{"self":[{"href":"https:\/\/lucacastelli.com\/fr\/wp-json\/wp\/v2\/product\/413706","targetHints":{"allow":["GET"]}}],"collection":[{"href":"https:\/\/lucacastelli.com\/fr\/wp-json\/wp\/v2\/product"}],"about":[{"href":"https:\/\/lucacastelli.com\/fr\/wp-json\/wp\/v2\/types\/product"}],"wp:featuredmedia":[{"embeddable":true,"href":"https:\/\/lucacastelli.com\/fr\/wp-json\/wp\/v2\/media\/36319"}],"wp:attachment":[{"href":"https:\/\/lucacastelli.com\/fr\/wp-json\/wp\/v2\/media?parent=413706"}],"wp:term":[{"taxonomy":"product_brand","embeddable":true,"href":"https:\/\/lucacastelli.com\/fr\/wp-json\/wp\/v2\/product_brand?post=413706"},{"taxonomy":"product_cat","embeddable":true,"href":"https:\/\/lucacastelli.com\/fr\/wp-json\/wp\/v2\/product_cat?post=413706"},{"taxonomy":"product_tag","embeddable":true,"href":"https:\/\/lucacastelli.com\/fr\/wp-json\/wp\/v2\/product_tag?post=413706"}],"curies":[{"name":"wp","href":"https:\/\/api.w.org\/{rel}","templated":true}]}}