{"id":413687,"date":"2022-06-10T05:03:52","date_gmt":"2022-06-10T03:03:52","guid":{"rendered":"https:\/\/lucacastelli.com\/prodotto\/ortovox-shovel-light-jacket-w\/"},"modified":"2026-03-01T00:24:44","modified_gmt":"2026-02-28T23:24:44","slug":"ortovox-shovel-light-jacket-w","status":"publish","type":"product","link":"https:\/\/lucacastelli.com\/fr\/produit\/ortovox-shovel-light-jacket-w\/","title":{"rendered":"ORTOVOX SHOVEL LIGHT JACKET W"},"content":{"rendered":"<p>La pelle l\u00e9g\u00e8re pour femme est dot\u00e9e d\u2019un mat\u00e9riau ext\u00e9rieur absolument r\u00e9sistant \u00e0 l\u2019abrasion qui a pass\u00e9 plus de 50 000 cycles d\u2019abrasion dans le test Martindale, qui mesure la r\u00e9sistance \u00e0 l\u2019abrasion. Le mat\u00e9riau Merino Shield Tec a \u00e9t\u00e9 sp\u00e9cialement d\u00e9velopp\u00e9 pour les itin\u00e9raires alpins plus longs. Sur les zones du corps particuli\u00e8rement sollicit\u00e9es telles que les \u00e9paules, les avant-bras et les hanches, les inserts suppl\u00e9mentaires offrent une protection id\u00e9ale contre les rochers en pente. Le mat\u00e9riau extensible dans les 4 sens offre une libert\u00e9 de mouvement maximale, qui est assur\u00e9e par une coupe athl\u00e9tique et des zones de coude pr\u00e9form\u00e9es. La construction sans membrane rend la veste Pala Light id\u00e9ale pour les femmes.    <\/p>\n<p>La fine laine m\u00e9rinos \u00e0 l\u2019int\u00e9rieur et les empi\u00e8cements en maille m\u00e9rinos dans le col ajoutent du confort. La veste Pala Light a des poignets et un ourlet \u00e9lastiqu\u00e9s et, gr\u00e2ce \u00e0 la coupe haute performance fluide, suit chacun de vos mouvements et est enti\u00e8rement orient\u00e9e vers l\u2019escalade. La poche poitrine offre de la place pour tous les petits objets qui doivent \u00eatre \u00e0 port\u00e9e de main et rapidement. Dans un souci de respect de l\u2019environnement, l\u2019ensemble de la gamme Merino Shield Tec est \u00e9galement enti\u00e8rement exempte de PFC et climatiquement neutre avec compensation en CO2. Avec son design \u00e0 la mode, la veste Pala Light pour femme est pr\u00eate pour les grandes ascensions sur les hautes parois rocheuses.    <\/p>\n<p>Caract\u00e9ristiques :<br \/>\n1 poche poitrine<br \/>\n1 poche int\u00e9gr\u00e9e en tricot m\u00e9rinos<br \/>\nCoquille<br \/>\nde protection \u00c9paules, aisselles et hanches renforc\u00e9es<br \/>\nPoignets \u00e9lastiques<br \/>\nOurlet r\u00e9glable<br \/>\nHaute respirabilit\u00e9<br \/>\nCoupe athl\u00e9tique<br \/>\nSans<br \/>\nPFC Neutre pour le climat<\/p>\n","protected":false},"excerpt":{"rendered":"<p>La pelle l\u00e9g\u00e8re pour femme est dot\u00e9e d\u2019un mat\u00e9riau ext\u00e9rieur absolument r\u00e9sistant \u00e0 l\u2019abrasion qui a pass\u00e9 plus de 50<\/p>\n","protected":false},"featured_media":36153,"template":"","meta":{"_seopress_robots_primary_cat":"none","_seopress_titles_title":"","_seopress_titles_desc":"","_seopress_robots_index":""},"product_brand":[3664],"product_cat":[81,981,1387],"product_tag":[],"class_list":{"0":"post-413687","1":"product","2":"type-product","3":"status-publish","4":"has-post-thumbnail","6":"product_brand-ortovox-fr","7":"product_cat-vetements","8":"product_cat-vetements-de-loisirs","9":"product_cat-vetements-pour-femmes","10":"sws-gruppo-abb-libero-fr","11":"sws-categoria-sito-fr","12":"sws-conto-ricavi-merci-rivendita-abbigliamento-fr","13":"sws-gruppo-iva-iva81-fr","15":"first","16":"instock","17":"shipping-taxable","18":"purchasable","19":"product-type-variable"},"_links":{"self":[{"href":"https:\/\/lucacastelli.com\/fr\/wp-json\/wp\/v2\/product\/413687","targetHints":{"allow":["GET"]}}],"collection":[{"href":"https:\/\/lucacastelli.com\/fr\/wp-json\/wp\/v2\/product"}],"about":[{"href":"https:\/\/lucacastelli.com\/fr\/wp-json\/wp\/v2\/types\/product"}],"wp:featuredmedia":[{"embeddable":true,"href":"https:\/\/lucacastelli.com\/fr\/wp-json\/wp\/v2\/media\/36153"}],"wp:attachment":[{"href":"https:\/\/lucacastelli.com\/fr\/wp-json\/wp\/v2\/media?parent=413687"}],"wp:term":[{"taxonomy":"product_brand","embeddable":true,"href":"https:\/\/lucacastelli.com\/fr\/wp-json\/wp\/v2\/product_brand?post=413687"},{"taxonomy":"product_cat","embeddable":true,"href":"https:\/\/lucacastelli.com\/fr\/wp-json\/wp\/v2\/product_cat?post=413687"},{"taxonomy":"product_tag","embeddable":true,"href":"https:\/\/lucacastelli.com\/fr\/wp-json\/wp\/v2\/product_tag?post=413687"}],"curies":[{"name":"wp","href":"https:\/\/api.w.org\/{rel}","templated":true}]}}