{"id":413594,"date":"2022-06-10T04:31:21","date_gmt":"2022-06-10T02:31:21","guid":{"rendered":"https:\/\/lucacastelli.com\/prodotto\/short-ortovox-brenta-w\/"},"modified":"2025-08-05T13:46:28","modified_gmt":"2025-08-05T11:46:28","slug":"short-ortovox-brenta-w","status":"publish","type":"product","link":"https:\/\/lucacastelli.com\/fr\/produit\/short-ortovox-brenta-w\/","title":{"rendered":"SHORT ORTOVOX BRENTA W"},"content":{"rendered":"<p>POUR LES RANDONN\u00c9ES EN MONTAGNE DIFFICILES<\/p>\n<p>SHORT DE MONTAGNE CONFORTABLE ET DURABLE AVEC CEINTURE POUR LES RANDONN\u00c9ES ALPINES EXIGEANTES<\/p>\n<p>POINTS FORTS<br \/>\n: tr\u00e8s r\u00e9sistant,<br \/>\nbonne libert\u00e9 de mouvement<br \/>\n, hydrofuge et respirant<\/p>\n<p>Robuste, respirant et offrant une libert\u00e9 de mouvement suffisante : MERINO SHIELD LIGHT r\u00e9unit tout ce dont vous avez besoin lors d&#8217;une randonn\u00e9e en montagne exigeante. La combinaison de mat\u00e9riaux r\u00e9ussit le test dit de Martindale, qui mesure la r\u00e9sistance \u00e0 l&#8217;abrasion en 100 000 cycles de frottement, et fait partie des tissus les plus r\u00e9sistants d&#8217;Ortovox. Gr\u00e2ce \u00e0 sa coupe \u00e9troite et \u00e0 sa mati\u00e8re extr\u00eamement extensible, le pantalon court de montagne BRENTA pour homme est parfaitement ajust\u00e9 et offre une libert\u00e9 de mouvement suffisante dans toutes les situations.  <\/p>\n<p>Des inserts en maille m\u00e9rinos au niveau de la taille assurent \u00e9galement le confort n\u00e9cessaire. Des caract\u00e9ristiques telles que la poche pour carte sur la cuisse, la ceinture r\u00e9glable avec crochet et les d\u00e9tails sans couture font du BRENTA SHORTS pour homme un pantalon de montagne technique. <\/p>\n","protected":false},"excerpt":{"rendered":"<p>POUR LES RANDONN\u00c9ES EN MONTAGNE DIFFICILES SHORT DE MONTAGNE CONFORTABLE ET DURABLE AVEC CEINTURE POUR LES RANDONN\u00c9ES ALPINES EXIGEANTES POINTS<\/p>\n","protected":false},"featured_media":515597,"template":"","meta":{"_seopress_robots_primary_cat":"none","_seopress_titles_title":"","_seopress_titles_desc":"","_seopress_robots_index":""},"product_brand":[3664],"product_cat":[81,981,1387],"product_tag":[],"class_list":{"0":"post-413594","1":"product","2":"type-product","3":"status-publish","4":"has-post-thumbnail","6":"product_brand-ortovox-fr","7":"product_cat-vetements","8":"product_cat-vetements-de-loisirs","9":"product_cat-vetements-pour-femmes","10":"sws-gruppo-abb-libero-fr","11":"sws-conto-ricavi-merci-rivendita-abbigliamento-fr","12":"sws-gruppo-iva-iva81-fr","14":"first","15":"instock","16":"shipping-taxable","17":"purchasable","18":"product-type-variable"},"_links":{"self":[{"href":"https:\/\/lucacastelli.com\/fr\/wp-json\/wp\/v2\/product\/413594","targetHints":{"allow":["GET"]}}],"collection":[{"href":"https:\/\/lucacastelli.com\/fr\/wp-json\/wp\/v2\/product"}],"about":[{"href":"https:\/\/lucacastelli.com\/fr\/wp-json\/wp\/v2\/types\/product"}],"wp:featuredmedia":[{"embeddable":true,"href":"https:\/\/lucacastelli.com\/fr\/wp-json\/wp\/v2\/media\/515597"}],"wp:attachment":[{"href":"https:\/\/lucacastelli.com\/fr\/wp-json\/wp\/v2\/media?parent=413594"}],"wp:term":[{"taxonomy":"product_brand","embeddable":true,"href":"https:\/\/lucacastelli.com\/fr\/wp-json\/wp\/v2\/product_brand?post=413594"},{"taxonomy":"product_cat","embeddable":true,"href":"https:\/\/lucacastelli.com\/fr\/wp-json\/wp\/v2\/product_cat?post=413594"},{"taxonomy":"product_tag","embeddable":true,"href":"https:\/\/lucacastelli.com\/fr\/wp-json\/wp\/v2\/product_tag?post=413594"}],"curies":[{"name":"wp","href":"https:\/\/api.w.org\/{rel}","templated":true}]}}