{"id":413561,"date":"2022-06-10T02:57:25","date_gmt":"2022-06-10T00:57:25","guid":{"rendered":"https:\/\/lucacastelli.com\/prodotto\/veste-polaire-ortovox-grid-m\/"},"modified":"2026-04-18T01:31:02","modified_gmt":"2026-04-17T23:31:02","slug":"veste-polaire-ortovox-grid-m","status":"publish","type":"product","link":"https:\/\/lucacastelli.com\/fr\/produit\/veste-polaire-ortovox-grid-m\/","title":{"rendered":"ORTOVOX FLEECE GRID JACKET M"},"content":{"rendered":"<p>POLAIRE L\u00c9G\u00c8RE ET CHAUDE POUR LES AVENTURES ALPINES EN HAUTE MONTAGNE<\/p>\n<p>VESTE POLAIRE L\u00c9G\u00c8RE ET TECHNIQUE AVEC LAINE M\u00c9RINOS POUR ROCHERS ET HAUTE MONTAGNE<\/p>\n<p>EN BREF<br \/>\nGr\u00e2ce \u00e0 la structure \u00e0 canaux technique sur la face int\u00e9rieure, elle est l\u00e9g\u00e8re, chaude et confortable<br \/>\nExcellente \u00e9lasticit\u00e9<br \/>\nHaute respirabilit\u00e9 et grand confort<br \/>\nLaine m\u00e9rinos sur la face int\u00e9rieure<br \/>\nDans les aventures alpines, notre \u00e9quipement doit \u00eatre l\u00e9ger, mais aussi chaud et fonctionnel. Il doit pouvoir fonctionner aussi bien en plaine qu&#8217;en escaladant des sommets couverts de glace. <\/p>\n<p>La ligne FLEECE GRID est donc id\u00e9ale en montagne : gr\u00e2ce \u00e0 la structure \u00e0 canaux sur la face int\u00e9rieure, cette polaire pour homme est l\u00e9g\u00e8re, mais capable d&#8217;emmagasiner l&#8217;air et la chaleur \u00e0 travers les cellules d&#8217;air. L&#8217;insert Fleece Light dans la zone de la poitrine et la poche poitrine \u00e0 double couche offrent une l\u00e9g\u00e8re protection suppl\u00e9mentaire contre le vent. Dans les moments qui n\u00e9cessitent des mouvements intenses, la combinaison de mat\u00e9riaux d\u00e9montre non seulement des capacit\u00e9s \u00e9lastiques exceptionnelles, mais aussi une excellente ventilation interne gr\u00e2ce \u00e0 sa structure \u00e0 canaux. Les caract\u00e9ristiques thermor\u00e9gulatrices sont renforc\u00e9es par la fine laine m\u00e9rinos sur la face int\u00e9rieure : la laine vierge tasmanienne r\u00e9gule l&#8217;humidit\u00e9 et la temp\u00e9rature, s\u00e8che rapidement et est neutre aux odeurs.   <\/p>\n<p>La laine m\u00e9rinos assure en outre un grand confort. Les deux poches poitrine offrent suffisamment d&#8217;espace pour la carte, le t\u00e9l\u00e9phone portable ou la barre \u00e9nerg\u00e9tique. Le col offre une protection suppl\u00e9mentaire contre le vent et les intemp\u00e9ries.  <\/p>\n","protected":false},"excerpt":{"rendered":"<p>POLAIRE L\u00c9G\u00c8RE ET CHAUDE POUR LES AVENTURES ALPINES EN HAUTE MONTAGNE VESTE POLAIRE L\u00c9G\u00c8RE ET TECHNIQUE AVEC LAINE M\u00c9RINOS POUR<\/p>\n","protected":false},"featured_media":35882,"template":"","meta":{"_seopress_robots_primary_cat":"none","_seopress_titles_title":"","_seopress_titles_desc":"","_seopress_robots_index":""},"product_brand":[3664],"product_cat":[81,981,982],"product_tag":[],"class_list":{"0":"post-413561","1":"product","2":"type-product","3":"status-publish","4":"has-post-thumbnail","6":"product_brand-ortovox-fr","7":"product_cat-vetements","8":"product_cat-vetements-de-loisirs","9":"product_cat-vetements-pour-hommes","10":"sws-gruppo-abb-libero-fr","11":"sws-conto-ricavi-merci-rivendita-abbigliamento-fr","12":"sws-gruppo-iva-iva81-fr","14":"first","15":"instock","16":"shipping-taxable","17":"purchasable","18":"product-type-variable"},"_links":{"self":[{"href":"https:\/\/lucacastelli.com\/fr\/wp-json\/wp\/v2\/product\/413561","targetHints":{"allow":["GET"]}}],"collection":[{"href":"https:\/\/lucacastelli.com\/fr\/wp-json\/wp\/v2\/product"}],"about":[{"href":"https:\/\/lucacastelli.com\/fr\/wp-json\/wp\/v2\/types\/product"}],"wp:featuredmedia":[{"embeddable":true,"href":"https:\/\/lucacastelli.com\/fr\/wp-json\/wp\/v2\/media\/35882"}],"wp:attachment":[{"href":"https:\/\/lucacastelli.com\/fr\/wp-json\/wp\/v2\/media?parent=413561"}],"wp:term":[{"taxonomy":"product_brand","embeddable":true,"href":"https:\/\/lucacastelli.com\/fr\/wp-json\/wp\/v2\/product_brand?post=413561"},{"taxonomy":"product_cat","embeddable":true,"href":"https:\/\/lucacastelli.com\/fr\/wp-json\/wp\/v2\/product_cat?post=413561"},{"taxonomy":"product_tag","embeddable":true,"href":"https:\/\/lucacastelli.com\/fr\/wp-json\/wp\/v2\/product_tag?post=413561"}],"curies":[{"name":"wp","href":"https:\/\/api.w.org\/{rel}","templated":true}]}}