{"id":413494,"date":"2022-06-09T17:34:18","date_gmt":"2022-06-09T15:34:18","guid":{"rendered":"https:\/\/lucacastelli.com\/prodotto\/casquette-ortovox-logo-air-trucker\/"},"modified":"2025-07-29T09:00:01","modified_gmt":"2025-07-29T07:00:01","slug":"casquette-ortovox-logo-air-trucker","status":"publish","type":"product","link":"https:\/\/lucacastelli.com\/fr\/produit\/casquette-ortovox-logo-air-trucker\/","title":{"rendered":"CASQUETTE ORTOVOX LOGO AIR TRUCKER"},"content":{"rendered":"<p>METTONS-LE DANS NOS T\u00caTES<\/p>\n<p>UN CHAPEAU L\u00c9GER ET \u00c9L\u00c9GANT EN LODEN, UN M\u00c9LANGE DE LAINE TECHNIQUE ET UNE MAILLE A\u00c9R\u00c9E.<\/p>\n<p>L\u2019action<br \/>\nr\u00e9gulatrice de l\u2019humidit\u00e9 et de la temp\u00e9rature<br \/>\nest douce, laisse une sensation agr\u00e9able sur la peau<br \/>\n100&nbsp;% \u00e9cologique et particuli\u00e8rement \u00e9co-durable<\/p>\n<p>L\u2019ultra-l\u00e9ger LOGO AIR TRUCKER CAP, qui allie des mat\u00e9riaux de haute qualit\u00e9 au style et \u00e0 la fonctionnalit\u00e9, est un compagnon fid\u00e8le, et pas seulement en montagne.<\/p>\n<p>Le mat\u00e9riau robuste PERTEX\u00ae QUANTUM convient \u00e0 une utilisation en ext\u00e9rieur, tout comme le loden de haute qualit\u00e9 de l\u2019entreprise autrichienne traditionnelle Steiner, qui donne \u00e0 la casquette un look r\u00e9tro intrigant. L\u2019int\u00e9rieur en laine m\u00e9rinos fine assure un haut niveau de confort au contact de la peau. \u00c0 l\u2019arri\u00e8re, des trous d\u2019a\u00e9ration sont pratiqu\u00e9s au laser pour r\u00e9duire le poids. Ils assurent une circulation d\u2019air id\u00e9ale lorsque la chaleur et la fatigue se font sentir. Gr\u00e2ce \u00e0 la fermeture \u00e0 bouton-pression, la casquette s\u2019adapte et s\u2019ajuste facilement \u00e0 la bonne taille. Avec son look asym\u00e9trique et ses couleurs tendance, l\u2019AIR TRUCKER CAP LOGO fera toujours bonne impression, et pas seulement en montagne.     <\/p>\n","protected":false},"excerpt":{"rendered":"<p>METTONS-LE DANS NOS T\u00caTES UN CHAPEAU L\u00c9GER ET \u00c9L\u00c9GANT EN LODEN, UN M\u00c9LANGE DE LAINE TECHNIQUE ET UNE MAILLE A\u00c9R\u00c9E.<\/p>\n","protected":false},"featured_media":35765,"template":"","meta":{"_seopress_robots_primary_cat":"","_seopress_titles_title":"","_seopress_titles_desc":"","_seopress_robots_index":""},"product_brand":[3664],"product_cat":[81,1390],"product_tag":[],"class_list":{"0":"post-413494","1":"product","2":"type-product","3":"status-publish","4":"has-post-thumbnail","6":"product_brand-ortovox-fr","7":"product_cat-vetements","8":"product_cat-accessoires-dhabillement","9":"sws-gruppo-abb-libero-fr","10":"sws-conto-ricavi-merci-rivendita-abbigliamento-fr","11":"sws-gruppo-iva-iva81-fr","13":"first","14":"instock","15":"shipping-taxable","16":"purchasable","17":"product-type-variable"},"_links":{"self":[{"href":"https:\/\/lucacastelli.com\/fr\/wp-json\/wp\/v2\/product\/413494","targetHints":{"allow":["GET"]}}],"collection":[{"href":"https:\/\/lucacastelli.com\/fr\/wp-json\/wp\/v2\/product"}],"about":[{"href":"https:\/\/lucacastelli.com\/fr\/wp-json\/wp\/v2\/types\/product"}],"wp:featuredmedia":[{"embeddable":true,"href":"https:\/\/lucacastelli.com\/fr\/wp-json\/wp\/v2\/media\/35765"}],"wp:attachment":[{"href":"https:\/\/lucacastelli.com\/fr\/wp-json\/wp\/v2\/media?parent=413494"}],"wp:term":[{"taxonomy":"product_brand","embeddable":true,"href":"https:\/\/lucacastelli.com\/fr\/wp-json\/wp\/v2\/product_brand?post=413494"},{"taxonomy":"product_cat","embeddable":true,"href":"https:\/\/lucacastelli.com\/fr\/wp-json\/wp\/v2\/product_cat?post=413494"},{"taxonomy":"product_tag","embeddable":true,"href":"https:\/\/lucacastelli.com\/fr\/wp-json\/wp\/v2\/product_tag?post=413494"}],"curies":[{"name":"wp","href":"https:\/\/api.w.org\/{rel}","templated":true}]}}