{"id":413463,"date":"2025-04-07T16:53:00","date_gmt":"2025-04-07T16:53:00","guid":{"rendered":"https:\/\/lucacastelli.com\/prodotto\/crazy-chaussettes-energetiques\/"},"modified":"2026-04-14T03:12:00","modified_gmt":"2026-04-14T01:12:00","slug":"crazy-chaussettes-energetiques","status":"publish","type":"product","link":"https:\/\/lucacastelli.com\/fr\/produit\/crazy-chaussettes-energetiques\/","title":{"rendered":"CRAZY ENERGY SOCKS"},"content":{"rendered":"<p>Les chaussettes les plus r\u00e9pandues parmi les athl\u00e8tes pour les activit\u00e9s \u00e0 haute intensit\u00e9 et parfaites pour le ski-alpinisme ou les comp\u00e9titions. L\u00e9g\u00e8res pour \u00e9viter les frottements.<br \/>\nUn travail de recherche d\u00e9di\u00e9 et un traitement sp\u00e9cifique nous permettent enfin d&#8217;offrir un produit qui am\u00e9liore les propri\u00e9t\u00e9s du fil en polyamide, comme la r\u00e9sistance \u00e0 l&#8217;usure et la douceur au toucher, tout en offrant des performances similaires \u00e0 celles du polypropyl\u00e8ne, \u00e0 savoir chaleur et s\u00e9chage rapide. <\/p>\n<p>POIDS : 49 g<\/p>\n","protected":false},"excerpt":{"rendered":"<p>Les chaussettes les plus r\u00e9pandues parmi les athl\u00e8tes pour les activit\u00e9s \u00e0 haute intensit\u00e9 et parfaites pour le ski-alpinisme ou<\/p>\n","protected":false},"featured_media":405188,"template":"","meta":{"_seopress_robots_primary_cat":"","_seopress_titles_title":"","_seopress_titles_desc":"","_seopress_robots_index":""},"product_brand":[3616],"product_cat":[173,1399],"product_tag":[],"class_list":{"0":"post-413463","1":"product","2":"type-product","3":"status-publish","4":"has-post-thumbnail","6":"product_brand-crazy-fr","7":"product_cat-chaussures","8":"product_cat-accessoires-pour-chaussures","9":"sws-gruppo-abb-libero-fr","10":"sws-conto-ricavi-merci-rivendita-abbigliamento-fr","11":"sws-conto-ricavi-merci-rivendita-calzature-fr","12":"sws-gruppo-iva-iva81-fr","14":"first","15":"instock","16":"sale","17":"shipping-taxable","18":"purchasable","19":"product-type-variable"},"_links":{"self":[{"href":"https:\/\/lucacastelli.com\/fr\/wp-json\/wp\/v2\/product\/413463","targetHints":{"allow":["GET"]}}],"collection":[{"href":"https:\/\/lucacastelli.com\/fr\/wp-json\/wp\/v2\/product"}],"about":[{"href":"https:\/\/lucacastelli.com\/fr\/wp-json\/wp\/v2\/types\/product"}],"wp:featuredmedia":[{"embeddable":true,"href":"https:\/\/lucacastelli.com\/fr\/wp-json\/wp\/v2\/media\/405188"}],"wp:attachment":[{"href":"https:\/\/lucacastelli.com\/fr\/wp-json\/wp\/v2\/media?parent=413463"}],"wp:term":[{"taxonomy":"product_brand","embeddable":true,"href":"https:\/\/lucacastelli.com\/fr\/wp-json\/wp\/v2\/product_brand?post=413463"},{"taxonomy":"product_cat","embeddable":true,"href":"https:\/\/lucacastelli.com\/fr\/wp-json\/wp\/v2\/product_cat?post=413463"},{"taxonomy":"product_tag","embeddable":true,"href":"https:\/\/lucacastelli.com\/fr\/wp-json\/wp\/v2\/product_tag?post=413463"}],"curies":[{"name":"wp","href":"https:\/\/api.w.org\/{rel}","templated":true}]}}