{"id":413443,"date":"2025-04-07T16:53:00","date_gmt":"2025-04-07T16:53:00","guid":{"rendered":"https:\/\/lucacastelli.com\/prodotto\/crazy-tige-de-bande\/"},"modified":"2026-04-17T13:15:46","modified_gmt":"2026-04-17T11:15:46","slug":"crazy-tige-de-bande","status":"publish","type":"product","link":"https:\/\/lucacastelli.com\/fr\/produit\/crazy-tige-de-bande\/","title":{"rendered":"CRAZY BAND STEM"},"content":{"rendered":"<p>Bandeau minimaliste avec bords \u00e0 coupe franche pour course \u00e0 haute intensit\u00e9 et skimo, id\u00e9al pour l&#8217;utilisation sous le casque.<br \/>\nR\u00e9alis\u00e9 en microfibre l\u00e9g\u00e8re avec impression au graph\u00e8ne.<\/p>\n<p>POIDS : 14 g<\/p>\n","protected":false},"excerpt":{"rendered":"<p>Bandeau minimaliste avec bords \u00e0 coupe franche pour course \u00e0 haute intensit\u00e9 et skimo, id\u00e9al pour l&#8217;utilisation sous le casque.<\/p>\n","protected":false},"featured_media":405366,"template":"","meta":{"_seopress_robots_primary_cat":"","_seopress_titles_title":"","_seopress_titles_desc":"","_seopress_robots_index":""},"product_brand":[3616],"product_cat":[81,1390],"product_tag":[],"class_list":{"0":"post-413443","1":"product","2":"type-product","3":"status-publish","4":"has-post-thumbnail","6":"product_brand-crazy-fr","7":"product_cat-vetements","8":"product_cat-accessoires-dhabillement","9":"sws-gruppo-abb-libero-fr","10":"sws-conto-ricavi-merci-rivendita-abbigliamento-fr","11":"sws-gruppo-iva-iva81-fr","13":"first","14":"instock","15":"sale","16":"shipping-taxable","17":"purchasable","18":"product-type-variable"},"_links":{"self":[{"href":"https:\/\/lucacastelli.com\/fr\/wp-json\/wp\/v2\/product\/413443","targetHints":{"allow":["GET"]}}],"collection":[{"href":"https:\/\/lucacastelli.com\/fr\/wp-json\/wp\/v2\/product"}],"about":[{"href":"https:\/\/lucacastelli.com\/fr\/wp-json\/wp\/v2\/types\/product"}],"wp:featuredmedia":[{"embeddable":true,"href":"https:\/\/lucacastelli.com\/fr\/wp-json\/wp\/v2\/media\/405366"}],"wp:attachment":[{"href":"https:\/\/lucacastelli.com\/fr\/wp-json\/wp\/v2\/media?parent=413443"}],"wp:term":[{"taxonomy":"product_brand","embeddable":true,"href":"https:\/\/lucacastelli.com\/fr\/wp-json\/wp\/v2\/product_brand?post=413443"},{"taxonomy":"product_cat","embeddable":true,"href":"https:\/\/lucacastelli.com\/fr\/wp-json\/wp\/v2\/product_cat?post=413443"},{"taxonomy":"product_tag","embeddable":true,"href":"https:\/\/lucacastelli.com\/fr\/wp-json\/wp\/v2\/product_tag?post=413443"}],"curies":[{"name":"wp","href":"https:\/\/api.w.org\/{rel}","templated":true}]}}