{"id":413442,"date":"2025-04-07T16:53:00","date_gmt":"2025-04-07T14:53:00","guid":{"rendered":"https:\/\/lucacastelli.com\/prodotto\/crazy-capuchon-dentree-de-vent\/"},"modified":"2026-03-01T00:15:12","modified_gmt":"2026-02-28T23:15:12","slug":"crazy-capuchon-dentree-de-vent","status":"publish","type":"product","link":"https:\/\/lucacastelli.com\/fr\/produit\/crazy-capuchon-dentree-de-vent\/","title":{"rendered":"CRAZY CAPUCHON D\u2019ENTR\u00c9E DE VENT"},"content":{"rendered":"<p>Bonnet en laine \u00e0 pompons, enti\u00e8rement fabriqu\u00e9 en Italie, con\u00e7u pour les s\u00e9ances de faible intensit\u00e9 et pour les activit\u00e9s de loisirs par temps froid. Il est disponible en plusieurs couleurs gaies inspir\u00e9es de notre collection.<br \/>\nAvec doublure en polaire, pour une sensation plus confortable sur la peau. <\/p>\n<p>POIDS&nbsp;: 122 gr<\/p>\n","protected":false},"excerpt":{"rendered":"<p>Bonnet en laine \u00e0 pompons, enti\u00e8rement fabriqu\u00e9 en Italie, con\u00e7u pour les s\u00e9ances de faible intensit\u00e9 et pour les activit\u00e9s<\/p>\n","protected":false},"featured_media":405388,"template":"","meta":{"_seopress_robots_primary_cat":"","_seopress_titles_title":"","_seopress_titles_desc":"","_seopress_robots_index":""},"product_brand":[3616],"product_cat":[81,1390],"product_tag":[],"class_list":{"0":"post-413442","1":"product","2":"type-product","3":"status-publish","4":"has-post-thumbnail","6":"product_brand-crazy-fr","7":"product_cat-vetements","8":"product_cat-accessoires-dhabillement","9":"sws-gruppo-abb-libero-fr","10":"sws-conto-ricavi-merci-rivendita-abbigliamento-fr","11":"sws-gruppo-iva-iva81-fr","13":"first","14":"instock","15":"sale","16":"shipping-taxable","17":"purchasable","18":"product-type-simple"},"_links":{"self":[{"href":"https:\/\/lucacastelli.com\/fr\/wp-json\/wp\/v2\/product\/413442","targetHints":{"allow":["GET"]}}],"collection":[{"href":"https:\/\/lucacastelli.com\/fr\/wp-json\/wp\/v2\/product"}],"about":[{"href":"https:\/\/lucacastelli.com\/fr\/wp-json\/wp\/v2\/types\/product"}],"wp:featuredmedia":[{"embeddable":true,"href":"https:\/\/lucacastelli.com\/fr\/wp-json\/wp\/v2\/media\/405388"}],"wp:attachment":[{"href":"https:\/\/lucacastelli.com\/fr\/wp-json\/wp\/v2\/media?parent=413442"}],"wp:term":[{"taxonomy":"product_brand","embeddable":true,"href":"https:\/\/lucacastelli.com\/fr\/wp-json\/wp\/v2\/product_brand?post=413442"},{"taxonomy":"product_cat","embeddable":true,"href":"https:\/\/lucacastelli.com\/fr\/wp-json\/wp\/v2\/product_cat?post=413442"},{"taxonomy":"product_tag","embeddable":true,"href":"https:\/\/lucacastelli.com\/fr\/wp-json\/wp\/v2\/product_tag?post=413442"}],"curies":[{"name":"wp","href":"https:\/\/api.w.org\/{rel}","templated":true}]}}