{"id":413432,"date":"2025-04-07T16:53:00","date_gmt":"2025-04-07T14:53:00","guid":{"rendered":"https:\/\/lucacastelli.com\/prodotto\/crazy-pant-hugo-2\/"},"modified":"2026-03-01T00:25:22","modified_gmt":"2026-02-28T23:25:22","slug":"crazy-pant-hugo-2","status":"publish","type":"product","link":"https:\/\/lucacastelli.com\/fr\/produit\/crazy-pant-hugo-2\/","title":{"rendered":"CRAZY PANT HUGO"},"content":{"rendered":"<p>Le pantalon de surv\u00eatement deux pi\u00e8ces Hugo race.<br \/>\nIls sont fabriqu\u00e9s en microfibre enrichie d\u2019une impression en graph\u00e8ne qui augmente la r\u00e9sistance \u00e0 l\u2019abrasion du tissu et am\u00e9liore la r\u00e9gulation de la temp\u00e9rature, tout en renfor\u00e7ant les propri\u00e9t\u00e9s antistatiques du v\u00eatement et en r\u00e9duisant les frottements, pour de meilleures performances, tant en comp\u00e9tition qu\u2019\u00e0 l\u2019entra\u00eenement.<br \/>\nLe pantalon est dot\u00e9 d\u2019une taille \u00e9lastique avec des poign\u00e9es en silicone qui est facile \u00e0 attacher sur le dessus de la combinaison. La partie inf\u00e9rieure des jambes est dot\u00e9e de gu\u00eatres int\u00e9gr\u00e9es, invent\u00e9es par Crazy et fabriqu\u00e9es en tissu Schoeller Work \u00e9lastique et robuste, \u00e9quip\u00e9es d\u2019une boucle sous le pied.<br \/>\nL\u00e0 o\u00f9 les bottes peuvent frotter, il existe des renforts de protection suppl\u00e9mentaires qui am\u00e9liorent la long\u00e9vit\u00e9 du v\u00eatement. Des inserts suppl\u00e9mentaires permettent d\u2019ajuster facilement les gu\u00eatres aux bottes de course les plus courantes.  <\/p>\n<p>\u2022 Boucles de gu\u00eatre faciles \u00e0 ajuster sur la plupart des chaussures de course courantes<br \/>\n\u2022 Impression sur toute la surface<br \/>\n\u2022 Gu\u00eatres bi-\u00e9lastiques robustes avec renforts contre les bords des skis et poign\u00e9e en silicone<br \/>\n\u2022 Crochets pour chaussures<br \/>\n\u2022 Trois sangles de fixation sup\u00e9rieures avec<br \/>\nboutons<br \/>\n\u2022 Ceinture avec poche arri\u00e8re, s\u00e9curis\u00e9e<br \/>\npar une fermeture \u00e9clair \u00e0 profil ultra-bas<\/p>\n","protected":false},"excerpt":{"rendered":"<p>Le pantalon de surv\u00eatement deux pi\u00e8ces Hugo race. Ils sont fabriqu\u00e9s en microfibre enrichie d\u2019une impression en graph\u00e8ne qui augmente<\/p>\n","protected":false},"featured_media":405335,"template":"","meta":{"_seopress_robots_primary_cat":"","_seopress_titles_title":"","_seopress_titles_desc":"","_seopress_robots_index":""},"product_brand":[3616],"product_cat":[81,981,982],"product_tag":[],"class_list":{"0":"post-413432","1":"product","2":"type-product","3":"status-publish","4":"has-post-thumbnail","6":"product_brand-crazy-fr","7":"product_cat-vetements","8":"product_cat-vetements-de-loisirs","9":"product_cat-vetements-pour-hommes","10":"sws-gruppo-abb-libero-fr","11":"sws-conto-ricavi-merci-rivendita-abbigliamento-fr","12":"sws-gruppo-iva-iva81-fr","14":"first","15":"instock","16":"sale","17":"shipping-taxable","18":"product-type-variable"},"_links":{"self":[{"href":"https:\/\/lucacastelli.com\/fr\/wp-json\/wp\/v2\/product\/413432","targetHints":{"allow":["GET"]}}],"collection":[{"href":"https:\/\/lucacastelli.com\/fr\/wp-json\/wp\/v2\/product"}],"about":[{"href":"https:\/\/lucacastelli.com\/fr\/wp-json\/wp\/v2\/types\/product"}],"wp:featuredmedia":[{"embeddable":true,"href":"https:\/\/lucacastelli.com\/fr\/wp-json\/wp\/v2\/media\/405335"}],"wp:attachment":[{"href":"https:\/\/lucacastelli.com\/fr\/wp-json\/wp\/v2\/media?parent=413432"}],"wp:term":[{"taxonomy":"product_brand","embeddable":true,"href":"https:\/\/lucacastelli.com\/fr\/wp-json\/wp\/v2\/product_brand?post=413432"},{"taxonomy":"product_cat","embeddable":true,"href":"https:\/\/lucacastelli.com\/fr\/wp-json\/wp\/v2\/product_cat?post=413432"},{"taxonomy":"product_tag","embeddable":true,"href":"https:\/\/lucacastelli.com\/fr\/wp-json\/wp\/v2\/product_tag?post=413432"}],"curies":[{"name":"wp","href":"https:\/\/api.w.org\/{rel}","templated":true}]}}