{"id":413404,"date":"2025-04-08T17:06:00","date_gmt":"2025-04-08T15:06:00","guid":{"rendered":"https:\/\/lucacastelli.com\/prodotto\/crazy-chemise-alpinstar\/"},"modified":"2026-03-01T00:25:22","modified_gmt":"2026-02-28T23:25:22","slug":"crazy-chemise-alpinstar","status":"publish","type":"product","link":"https:\/\/lucacastelli.com\/fr\/produit\/crazy-chemise-alpinstar\/","title":{"rendered":"CRAZY CHEMISE ALPINSTAR"},"content":{"rendered":"<div class=\"descProdotto\">\n<p>Le t-shirt le plus vendu de la collection Crazy combine une construction technique avec des imprim\u00e9s vifs et color\u00e9s. Cette ann\u00e9e, la coupe a \u00e9t\u00e9 revue pour am\u00e9liorer sa coupe et son apparence. Les panneaux imprim\u00e9s sont fabriqu\u00e9s \u00e0 l\u2019aide d\u2019un polyester avec un tissage en nid d\u2019abeille discontinu, tandis que les manches utilisent la microfibre Performesh l\u00e9g\u00e8re, fra\u00eeche et \u00e0 s\u00e9chage rapide avec un tissage \u00e0 rayures. Le passepoil du col est doux et l\u00e9ger, adapt\u00e9 \u00e0 un usage plus technique.   <\/p>\n<\/div>\n<div class=\"carProdotto\">\n<ul>\n<li>Imprim\u00e9s exclusifs Coutures plates de couleur contrast\u00e9e Passepoil de protection au cou Logos r\u00e9fl\u00e9chissants<\/li>\n<\/ul>\n<\/div>\n","protected":false},"excerpt":{"rendered":"<p>Le t-shirt le plus vendu de la collection Crazy combine une construction technique avec des imprim\u00e9s vifs et color\u00e9s. Cette<\/p>\n","protected":false},"featured_media":413349,"template":"","meta":{"_seopress_robots_primary_cat":"","_seopress_titles_title":"","_seopress_titles_desc":"","_seopress_robots_index":""},"product_brand":[3616],"product_cat":[81,981,1387],"product_tag":[],"class_list":{"0":"post-413404","1":"product","2":"type-product","3":"status-publish","4":"has-post-thumbnail","6":"product_brand-crazy-fr","7":"product_cat-vetements","8":"product_cat-vetements-de-loisirs","9":"product_cat-vetements-pour-femmes","10":"sws-gruppo-abb-libero-fr","11":"sws-conto-ricavi-merci-rivendita-abbigliamento-fr","12":"sws-gruppo-iva-iva81-fr","14":"first","15":"instock","16":"shipping-taxable","17":"purchasable","18":"product-type-variable"},"_links":{"self":[{"href":"https:\/\/lucacastelli.com\/fr\/wp-json\/wp\/v2\/product\/413404","targetHints":{"allow":["GET"]}}],"collection":[{"href":"https:\/\/lucacastelli.com\/fr\/wp-json\/wp\/v2\/product"}],"about":[{"href":"https:\/\/lucacastelli.com\/fr\/wp-json\/wp\/v2\/types\/product"}],"wp:featuredmedia":[{"embeddable":true,"href":"https:\/\/lucacastelli.com\/fr\/wp-json\/wp\/v2\/media\/413349"}],"wp:attachment":[{"href":"https:\/\/lucacastelli.com\/fr\/wp-json\/wp\/v2\/media?parent=413404"}],"wp:term":[{"taxonomy":"product_brand","embeddable":true,"href":"https:\/\/lucacastelli.com\/fr\/wp-json\/wp\/v2\/product_brand?post=413404"},{"taxonomy":"product_cat","embeddable":true,"href":"https:\/\/lucacastelli.com\/fr\/wp-json\/wp\/v2\/product_cat?post=413404"},{"taxonomy":"product_tag","embeddable":true,"href":"https:\/\/lucacastelli.com\/fr\/wp-json\/wp\/v2\/product_tag?post=413404"}],"curies":[{"name":"wp","href":"https:\/\/api.w.org\/{rel}","templated":true}]}}